{"id":971,"date":"2024-05-27T14:32:07","date_gmt":"2024-05-27T12:32:07","guid":{"rendered":"https:\/\/lespepitesdemarlotte.com\/?post_type=product&#038;p=971"},"modified":"2025-06-29T20:14:02","modified_gmt":"2025-06-29T18:14:02","slug":"ensemble-croisette","status":"publish","type":"product","link":"https:\/\/lespepitesdemarlotte.com\/index.php\/product\/ensemble-croisette\/","title":{"rendered":"Ensemble CROISETTE"},"content":{"rendered":"<div>\n<p>Voici mon gros coup de coeur pour cet \u00e9t\u00e9 : l&rsquo;ensemble CROISETTE ! Il s&rsquo;agit d&rsquo;un ensemble top + jupe absolument incroyable &#8230; 100% bambou imprim\u00e9 \u00e0 la main en Inde, cet ensemble mettra vos jolies jambes en valeur gr\u00e2ce aux deux fentes de la jupe et sa coupe taille haute qui allonge la silhouette \ud83d\ude09<\/p>\n<p>La coupe du top est parfaite car elle permet de soutenir la poitrine sans porter de soutien-gorge ! Elle s&rsquo;ajuste \u00e0 un maximum de taille puisqu&rsquo;elle se noue au niveau de la nuque et dans le dos.<\/p>\n<p>Vous remarquerez les jolis d\u00e9tails apport\u00e9s par l&rsquo;imprim\u00e9 original et les perles ajout\u00e9es au niveau du top.<\/p>\n<p>Cet \u00e9t\u00e9, elle sera parfaite \u00e0 la plage comme en ville !<\/p>\n<div>\n<ul>\n<li>Tissu fluide et l\u00e9ger<\/li>\n<li>Ensemble jupe longue fendue + top<\/li>\n<li>100% bambou<\/li>\n<li>Motif imprim\u00e9 \u00e0 la main<\/li>\n<\/ul>\n<p>Disponible en taille unique \u00e9quivalent taille 34 \u00e0 42<\/p>\n<p>Attention : le proc\u00e9d\u00e9 d&rsquo;impression \u00e9tant artisanal, le motif peut l\u00e9g\u00e8rement varier d&rsquo;un produit \u00e0 l&rsquo;autre.<\/p>\n<\/div>\n<\/div>\n<div>\n<h4><strong>Caract\u00e9ristiques Produit :&nbsp;<\/strong><\/h4>\n<\/div>\n<div class=\"product-reference\">\n<p><strong><label class=\"label\">Composition :<\/label><\/strong><\/p>\n<div class=\"product-single__description rte\">\n<p>100% bambou<\/p>\n<\/div>\n<div class=\"collapsibles-wrapper collapsibles-wrapper--border-bottom\"><span style=\"font-size: 14px;font-weight: 600\">Entretien :<\/span><\/div>\n<div class=\"collapsibles-wrapper collapsibles-wrapper--border-bottom\">Lavage \u00e0 la main recommand\u00e9 \u00e0 l&rsquo;eau froide \/ lavage en machine 30\u00b0 maximum \/ Blanchiment interdit \/ Temp\u00e9rature maximale de repassage : 110 \u00b0C \/ Nettoyage \u00e0 sec autoris\u00e9 \/ S\u00e9chage en tambour interdit<\/div>\n<\/div>\n<div class=\"product-reference\"><strong><label class=\"label\">Pays de cr\u00e9ation :&nbsp;<\/label><\/strong><\/div>\n<div>Espagne<\/div>\n<div class=\"product-reference\"><strong><label class=\"label\">Made in :<\/label><\/strong><\/div>\n<div class=\"product-reference\">India<\/div>\n","protected":false},"excerpt":{"rendered":"<p>Voici mon gros coup de coeur pour cet \u00e9t\u00e9 : l&rsquo;ensemble CROISETTE ! Il s&rsquo;agit d&rsquo;un ensemble top + jupe absolument incroyable &#8230; 100% bambou imprim\u00e9 \u00e0 la main en Inde, cet ensemble mettra vos jolies jambes en valeur gr\u00e2ce aux deux fentes de la jupe et sa coupe taille haute qui allonge la silhouette \ud83d\ude09<\/p>\n","protected":false},"featured_media":972,"comment_status":"open","ping_status":"closed","template":"","meta":[],"product_brand":[],"product_cat":[22],"product_tag":[],"class_list":{"0":"post-971","1":"product","2":"type-product","3":"status-publish","4":"has-post-thumbnail","6":"product_cat-robes-et-combinaisons","8":"first","9":"instock","10":"sale","11":"purchasable","12":"product-type-simple"},"aioseo_notices":[],"jetpack_sharing_enabled":true,"_links":{"self":[{"href":"https:\/\/lespepitesdemarlotte.com\/index.php\/wp-json\/wp\/v2\/product\/971","targetHints":{"allow":["GET"]}}],"collection":[{"href":"https:\/\/lespepitesdemarlotte.com\/index.php\/wp-json\/wp\/v2\/product"}],"about":[{"href":"https:\/\/lespepitesdemarlotte.com\/index.php\/wp-json\/wp\/v2\/types\/product"}],"replies":[{"embeddable":true,"href":"https:\/\/lespepitesdemarlotte.com\/index.php\/wp-json\/wp\/v2\/comments?post=971"}],"wp:featuredmedia":[{"embeddable":true,"href":"https:\/\/lespepitesdemarlotte.com\/index.php\/wp-json\/wp\/v2\/media\/972"}],"wp:attachment":[{"href":"https:\/\/lespepitesdemarlotte.com\/index.php\/wp-json\/wp\/v2\/media?parent=971"}],"wp:term":[{"taxonomy":"product_brand","embeddable":true,"href":"https:\/\/lespepitesdemarlotte.com\/index.php\/wp-json\/wp\/v2\/product_brand?post=971"},{"taxonomy":"product_cat","embeddable":true,"href":"https:\/\/lespepitesdemarlotte.com\/index.php\/wp-json\/wp\/v2\/product_cat?post=971"},{"taxonomy":"product_tag","embeddable":true,"href":"https:\/\/lespepitesdemarlotte.com\/index.php\/wp-json\/wp\/v2\/product_tag?post=971"}],"curies":[{"name":"wp","href":"https:\/\/api.w.org\/{rel}","templated":true}]}}