{"id":969,"date":"2024-05-27T14:21:56","date_gmt":"2024-05-27T12:21:56","guid":{"rendered":"https:\/\/lespepitesdemarlotte.com\/?post_type=product&#038;p=969"},"modified":"2025-06-29T20:13:39","modified_gmt":"2025-06-29T18:13:39","slug":"robe-sylvabelle","status":"publish","type":"product","link":"https:\/\/lespepitesdemarlotte.com\/index.php\/product\/robe-sylvabelle\/","title":{"rendered":"Robe SYLVABELLE"},"content":{"rendered":"<div>\n<p>Voici la robe Sylvabelle, ajour\u00e9e sur les c\u00f4t\u00e9s , avec son imprim\u00e9 ethnique beige et vert, et son joli dos &#8230; Elle sent bon le sable chaud !<\/p>\n<p>Sa coupe graphique met en valeur la taille et les \u00e9paules. Le dos est sublim\u00e9 gr\u00e2ce \u00e0 son d\u00e9collet\u00e9 et son large noeud !<\/p>\n<div>\n<p>Super l\u00e9g\u00e8re et confortable , elle vous accompagnera en journ\u00e9e \u00e0 la plage, ou en soir\u00e9e pour un ap\u00e9ro entre amis. Je parie que cette robe en bambou imprim\u00e9e \u00e0 la main ne vous quittera pas de l&rsquo;\u00e9t\u00e9 !<\/p>\n<\/div>\n<div>\n<ul>\n<li>Tissu fluide et l\u00e9ger<\/li>\n<li>Robe longue avec lien dans \u00e0 nouer dans le dos<\/li>\n<li>100% bambou<\/li>\n<li>Motif imprim\u00e9 \u00e0 la main<\/li>\n<\/ul>\n<p>Disponible en taille unique \u00e9quivalent taille 34 \u00e0 42<\/p>\n<\/div>\n<\/div>\n<div>\n<h4><strong>Caract\u00e9ristiques Produit :\u00a0<\/strong><\/h4>\n<\/div>\n<div class=\"product-reference\">\n<p><strong><label class=\"label\">Composition :<\/label><\/strong><\/p>\n<div class=\"product-single__description rte\">\n<p>100% bambou<\/p>\n<\/div>\n<div class=\"collapsibles-wrapper collapsibles-wrapper--border-bottom\"><span style=\"font-size: 14px;font-weight: 600\">Entretien :<\/span><\/div>\n<div class=\"collapsibles-wrapper collapsibles-wrapper--border-bottom\">Lavage \u00e0 la main recommand\u00e9 \u00e0 l&rsquo;eau froide \/ lavage en machine 30\u00b0 maximum \/ Blanchiment interdit \/ Temp\u00e9rature maximale de repassage : 110 \u00b0C \/ Nettoyage \u00e0 sec autoris\u00e9 \/ S\u00e9chage en tambour interdit<\/div>\n<\/div>\n<div class=\"product-reference\"><strong><label class=\"label\">Pays de cr\u00e9ation :\u00a0<\/label><\/strong><\/div>\n<div>Espagne<\/div>\n<div class=\"product-reference\"><strong><label class=\"label\">Made in :<\/label><\/strong><\/div>\n<div class=\"product-reference\">India<\/div>\n","protected":false},"excerpt":{"rendered":"<p>Voici la robe Sylvabelle, l\u00e9g\u00e8re et confortable, elle vous accompagnera en journ\u00e9e \u00e0 la plage, ou en soir\u00e9e pour un ap\u00e9ro entre amis. Je parie que cette robe en bambou imprim\u00e9e \u00e0 la main ne vous quittera pas de l&rsquo;\u00e9t\u00e9 !<\/p>\n","protected":false},"featured_media":980,"comment_status":"open","ping_status":"closed","template":"","meta":[],"product_brand":[],"product_cat":[22],"product_tag":[],"class_list":{"0":"post-969","1":"product","2":"type-product","3":"status-publish","4":"has-post-thumbnail","6":"product_cat-robes-et-combinaisons","8":"first","9":"instock","10":"sale","11":"purchasable","12":"product-type-simple"},"aioseo_notices":[],"jetpack_sharing_enabled":true,"_links":{"self":[{"href":"https:\/\/lespepitesdemarlotte.com\/index.php\/wp-json\/wp\/v2\/product\/969","targetHints":{"allow":["GET"]}}],"collection":[{"href":"https:\/\/lespepitesdemarlotte.com\/index.php\/wp-json\/wp\/v2\/product"}],"about":[{"href":"https:\/\/lespepitesdemarlotte.com\/index.php\/wp-json\/wp\/v2\/types\/product"}],"replies":[{"embeddable":true,"href":"https:\/\/lespepitesdemarlotte.com\/index.php\/wp-json\/wp\/v2\/comments?post=969"}],"wp:featuredmedia":[{"embeddable":true,"href":"https:\/\/lespepitesdemarlotte.com\/index.php\/wp-json\/wp\/v2\/media\/980"}],"wp:attachment":[{"href":"https:\/\/lespepitesdemarlotte.com\/index.php\/wp-json\/wp\/v2\/media?parent=969"}],"wp:term":[{"taxonomy":"product_brand","embeddable":true,"href":"https:\/\/lespepitesdemarlotte.com\/index.php\/wp-json\/wp\/v2\/product_brand?post=969"},{"taxonomy":"product_cat","embeddable":true,"href":"https:\/\/lespepitesdemarlotte.com\/index.php\/wp-json\/wp\/v2\/product_cat?post=969"},{"taxonomy":"product_tag","embeddable":true,"href":"https:\/\/lespepitesdemarlotte.com\/index.php\/wp-json\/wp\/v2\/product_tag?post=969"}],"curies":[{"name":"wp","href":"https:\/\/api.w.org\/{rel}","templated":true}]}}