{"id":92,"date":"2023-12-28T15:59:45","date_gmt":"2023-12-28T14:59:45","guid":{"rendered":"https:\/\/lespepitesdemarlotte.com\/?post_type=product&#038;p=92"},"modified":"2026-01-02T20:38:35","modified_gmt":"2026-01-02T19:38:35","slug":"bague-galinatine","status":"publish","type":"product","link":"https:\/\/lespepitesdemarlotte.com\/index.php\/product\/bague-galinatine\/","title":{"rendered":"Bague Galinatine"},"content":{"rendered":"<p>La bague Galinatine est en acier inoxydable dor\u00e9, sertie d&rsquo;une pierre naturelle semi pr\u00e9cieuse ovale sur un empi\u00e8cement ajour\u00e9 et d\u00e9licat, elle s&rsquo;ajuste facilement et convient \u00e0 toutes les tailles de doigts, des plus fins au plus larges.<\/p>\n<p>Je vous ai s\u00e9lectionn\u00e9 3 possibilit\u00e9s de choix de pierre naturelle semi-pr\u00e9cieuse pour votre bague Galinatine :<\/p>\n<ul>\n<li><strong>Agate Verte :<\/strong> L&rsquo;Agate verte est connue pour apporter un \u00e9quilibre \u00e9motionnel. Elle repousse les \u00e9motions n\u00e9gatives pour privil\u00e9gier le calme et la s\u00e9r\u00e9nit\u00e9.<\/li>\n<li><strong>Amazonite :<\/strong> L&rsquo;amazonite, avec sa belle couleur turquoise, est r\u00e9put\u00e9e pour lutter contre les pens\u00e9es n\u00e9gatives et vous apporter de la joie.<\/li>\n<li><strong>Sable d&rsquo;or :<\/strong> La pierre Sable d&rsquo;or (aussi appel\u00e9e Goldstone) surprenante et envoutante avec toutes ces particules dor\u00e9es, apporte confiance en soi, bonheur et vitalit\u00e9. Elle aiderait \u00e0 g\u00e9rer le stress.<\/li>\n<\/ul>\n<p>N&rsquo;h\u00e9sitez pas \u00e0 varier les couleurs en fonction de votre humeur, de vos envies, ou simplement de votre tenue !<\/p>\n<h4><strong>Caract\u00e9ristiques Produit :\u00a0<\/strong><\/h4>\n<p>Bague en acier inoxydable compos\u00e9e d&rsquo;une pierre naturelle ovale sur un empi\u00e8cement ajour\u00e9.<\/p>\n<p>Ajustable, la bague se resserre ou s&rsquo;agrandit : de la taille 52 \u00e0 56<\/p>\n<p>Epaisseur de l&rsquo;anneau : 6 mm<\/p>\n<p>Hauteur de la bague: 17 mm<\/p>\n<p>Dimensions de la pierre : 9 x 11 mm<\/p>\n<p>Garantie sans nickel, sans cadmium, sans sel de plomb. R\u00e9siste \u00e0 l\u2019eau et ne noircit pas.<\/p>\n","protected":false},"excerpt":{"rendered":"<p>Bague Galinatine en acier inoxydable dor\u00e9 sertie d&rsquo;une pierre naturelle semi pr\u00e9cieuse ovale. Facilement ajustable, convient \u00e0 toutes les tailles de doigts.<\/p>\n","protected":false},"featured_media":172,"comment_status":"open","ping_status":"closed","template":"","meta":[],"product_brand":[],"product_cat":[37,24],"product_tag":[31],"class_list":{"0":"post-92","1":"product","2":"type-product","3":"status-publish","4":"has-post-thumbnail","6":"product_cat-bagues","7":"product_cat-bijoux","8":"product_tag-design-francais","10":"first","11":"instock","12":"sale","13":"purchasable","14":"product-type-variable"},"aioseo_notices":[],"jetpack_sharing_enabled":true,"_links":{"self":[{"href":"https:\/\/lespepitesdemarlotte.com\/index.php\/wp-json\/wp\/v2\/product\/92","targetHints":{"allow":["GET"]}}],"collection":[{"href":"https:\/\/lespepitesdemarlotte.com\/index.php\/wp-json\/wp\/v2\/product"}],"about":[{"href":"https:\/\/lespepitesdemarlotte.com\/index.php\/wp-json\/wp\/v2\/types\/product"}],"replies":[{"embeddable":true,"href":"https:\/\/lespepitesdemarlotte.com\/index.php\/wp-json\/wp\/v2\/comments?post=92"}],"wp:featuredmedia":[{"embeddable":true,"href":"https:\/\/lespepitesdemarlotte.com\/index.php\/wp-json\/wp\/v2\/media\/172"}],"wp:attachment":[{"href":"https:\/\/lespepitesdemarlotte.com\/index.php\/wp-json\/wp\/v2\/media?parent=92"}],"wp:term":[{"taxonomy":"product_brand","embeddable":true,"href":"https:\/\/lespepitesdemarlotte.com\/index.php\/wp-json\/wp\/v2\/product_brand?post=92"},{"taxonomy":"product_cat","embeddable":true,"href":"https:\/\/lespepitesdemarlotte.com\/index.php\/wp-json\/wp\/v2\/product_cat?post=92"},{"taxonomy":"product_tag","embeddable":true,"href":"https:\/\/lespepitesdemarlotte.com\/index.php\/wp-json\/wp\/v2\/product_tag?post=92"}],"curies":[{"name":"wp","href":"https:\/\/api.w.org\/{rel}","templated":true}]}}