{"id":896,"date":"2024-05-14T11:43:38","date_gmt":"2024-05-14T09:43:38","guid":{"rendered":"https:\/\/lespepitesdemarlotte.com\/?post_type=product&#038;p=896"},"modified":"2025-10-26T14:17:51","modified_gmt":"2025-10-26T13:17:51","slug":"gilet-sans-manches-flora-bleu","status":"publish","type":"product","link":"https:\/\/lespepitesdemarlotte.com\/index.php\/product\/gilet-sans-manches-flora-bleu\/","title":{"rendered":"Gilet sans manches FLORA bleu"},"content":{"rendered":"<div>\n<p>Le gilet sans manches FLORA bleu est un nouvel incontournable de la saison.<\/p>\n<p>100% coton, tissus souple et coupe ultra tendance, on craque totalement pour ses magnifiques broderies et ses perles. Les finitions de ce bol\u00e9ro sont incroyables.<\/p>\n<p>D\u00e9marquez-vous et affirmez votre style avec ce joli bol\u00e9ro fleuri !<\/p>\n<p>Portez-le ouvert ou ferm\u00e9, sur un petit crop top, sur un d\u00e9bardeur, sur une chemise ou encore une robe ! Et pourquoi pas \u00e0 m\u00eame la peau cet \u00e9t\u00e9 ?<\/p>\n<div>\n<ul>\n<li>Gilet bol\u00e9ro sans manches<\/li>\n<li>100% coton<\/li>\n<li>Tissus fluide<\/li>\n<li>Broderies et perles<\/li>\n<li>Doubl\u00e9 100% coton<\/li>\n<\/ul>\n<p>Disponible en taille unique \u00e9quivalent taille 34 \u00e0 42<\/p>\n<p>Le mannequin mesure 1m73 et porte habituellement une taille 36.<\/p>\n<\/div>\n<\/div>\n<div>\n<h4><strong>Caract\u00e9ristiques Produit :\u00a0<\/strong><\/h4>\n<\/div>\n<div class=\"product-reference\">\n<p><strong><label class=\"label\">Composition :<\/label><\/strong><\/p>\n<div class=\"product-single__description rte\">\n<p>100% coton<\/p>\n<\/div>\n<div class=\"collapsibles-wrapper collapsibles-wrapper--border-bottom\"><span style=\"font-size: 14px;font-weight: 600\">Entretien :<\/span><\/div>\n<div class=\"collapsibles-wrapper collapsibles-wrapper--border-bottom\">Lavage \u00e0 la main recommand\u00e9 \/ lavage en machine 30\u00b0 maximum \/ Blanchiment interdit \/ Temp\u00e9rature maximale de repassage : 110 \u00b0C \/ Repasser sur l&rsquo;envers \/ Nettoyage \u00e0 sec autoris\u00e9 \/ S\u00e9chage en tambour interdit<\/div>\n<\/div>\n<div class=\"product-reference\"><strong><label class=\"label\">Pays de cr\u00e9ation :\u00a0<\/label><\/strong><\/div>\n<div>Italie<\/div>\n<div class=\"product-reference\"><strong><label class=\"label\">Made in :<\/label><\/strong><\/div>\n<div class=\"product-reference\">China<\/div>\n","protected":false},"excerpt":{"rendered":"<p>Le gilet sans manches FLORA bleu est un nouvel incontournable de la saison.100% coton, tissus souple et coupe ultra tendance, on craque totalement pour ses magnifiques broderies et ses perles. Les finitions de ce bol\u00e9ro sont incroyables. D\u00e9marquez-vous et affirmez votre style avec ce joli bol\u00e9ro fleuri !<\/p>\n","protected":false},"featured_media":908,"comment_status":"open","ping_status":"closed","template":"","meta":[],"product_brand":[],"product_cat":[42],"product_tag":[],"class_list":{"0":"post-896","1":"product","2":"type-product","3":"status-publish","4":"has-post-thumbnail","6":"product_cat-gilets-boleros","8":"first","9":"instock","10":"sale","11":"purchasable","12":"product-type-simple"},"aioseo_notices":[],"jetpack_sharing_enabled":true,"_links":{"self":[{"href":"https:\/\/lespepitesdemarlotte.com\/index.php\/wp-json\/wp\/v2\/product\/896","targetHints":{"allow":["GET"]}}],"collection":[{"href":"https:\/\/lespepitesdemarlotte.com\/index.php\/wp-json\/wp\/v2\/product"}],"about":[{"href":"https:\/\/lespepitesdemarlotte.com\/index.php\/wp-json\/wp\/v2\/types\/product"}],"replies":[{"embeddable":true,"href":"https:\/\/lespepitesdemarlotte.com\/index.php\/wp-json\/wp\/v2\/comments?post=896"}],"wp:featuredmedia":[{"embeddable":true,"href":"https:\/\/lespepitesdemarlotte.com\/index.php\/wp-json\/wp\/v2\/media\/908"}],"wp:attachment":[{"href":"https:\/\/lespepitesdemarlotte.com\/index.php\/wp-json\/wp\/v2\/media?parent=896"}],"wp:term":[{"taxonomy":"product_brand","embeddable":true,"href":"https:\/\/lespepitesdemarlotte.com\/index.php\/wp-json\/wp\/v2\/product_brand?post=896"},{"taxonomy":"product_cat","embeddable":true,"href":"https:\/\/lespepitesdemarlotte.com\/index.php\/wp-json\/wp\/v2\/product_cat?post=896"},{"taxonomy":"product_tag","embeddable":true,"href":"https:\/\/lespepitesdemarlotte.com\/index.php\/wp-json\/wp\/v2\/product_tag?post=896"}],"curies":[{"name":"wp","href":"https:\/\/api.w.org\/{rel}","templated":true}]}}