{"id":86,"date":"2023-12-28T14:35:57","date_gmt":"2023-12-28T13:35:57","guid":{"rendered":"https:\/\/lespepitesdemarlotte.com\/?post_type=product&#038;p=86"},"modified":"2025-03-19T20:23:45","modified_gmt":"2025-03-19T19:23:45","slug":"boucles-duo-de-coeurs","status":"publish","type":"product","link":"https:\/\/lespepitesdemarlotte.com\/index.php\/product\/boucles-duo-de-coeurs\/","title":{"rendered":"Boucles d&rsquo;oreilles Duo de Coeurs"},"content":{"rendered":"<p>Les boucles d&rsquo;oreilles Duo de Coeurs en ac\u00e9tate color\u00e9 sont compos\u00e9es d&rsquo;une puce en forme de coeur de couleur rouge fonc\u00e9, et d&rsquo;un plus gros coeur mobile de couleur rouge vif.<\/p>\n<p>C&rsquo;est mon gros coup de coeur de la saison !<\/p>\n<p>D\u00e9clarez votre flamme, embrasez vos tenues les plus simples (avec un jean et un t-shirt blanc par exemple), r\u00e9v\u00e9lez votre passion et montrez \u00e0 tous le pouvoir de l&rsquo;amour !<\/p>\n<p>On ne se lasse pas de cette d\u00e9claration d&rsquo;amour que l&rsquo;on se fait avant tout \u00e0 soi-m\u00eame en portant ces jolies boucles rouges et dor\u00e9.<\/p>\n<p>Elles sont en acier inoxydable, r\u00e9sistent \u00e0 l&rsquo;eau et ne noircissent pas, pour vous accompagner partout et en toutes circonstances. (Il est cependant recommand\u00e9 de les enlever si vous allez vous baigner, et lorsque vous prenez votre douche)<\/p>\n<h4><strong>Caract\u00e9ristiques Produit :\u00a0<\/strong><\/h4>\n<p>Boucles d&rsquo;oreilles Duo de Coeurs \u00e0 puce en acier inoxydable compos\u00e9es de 2 coeurs en ac\u00e9tate color\u00e9. Dimensions de la boucle : 27 x 47 mm. Garantie sans nickel, sans cadmium, sans sel de plomb. R\u00e9siste \u00e0 l\u2019eau et ne noircit pas. \u00c9tant de l&rsquo;ac\u00e9tate, leurs couleurs peuvent l\u00e9g\u00e8rement varier d\u2019une pi\u00e8ce \u00e0 l\u2019autre.<\/p>\n","protected":false},"excerpt":{"rendered":"<p>Les boucles d&rsquo;oreilles Duo de Coeurs en ac\u00e9tate color\u00e9 sont compos\u00e9es d&rsquo;une puce en forme de coeur de couleur rouge fonc\u00e9, et d&rsquo;un plus gros coeur mobile de couleur rouge vif. C&rsquo;est mon gros coup de coeur de la saison !<\/p>\n","protected":false},"featured_media":249,"comment_status":"open","ping_status":"closed","template":"","meta":[],"product_brand":[],"product_cat":[24,38],"product_tag":[31],"class_list":{"0":"post-86","1":"product","2":"type-product","3":"status-publish","4":"has-post-thumbnail","6":"product_cat-bijoux","7":"product_cat-boucles-doreilles","8":"product_tag-design-francais","10":"first","11":"instock","12":"sale","13":"purchasable","14":"product-type-simple"},"aioseo_notices":[],"jetpack_sharing_enabled":true,"_links":{"self":[{"href":"https:\/\/lespepitesdemarlotte.com\/index.php\/wp-json\/wp\/v2\/product\/86","targetHints":{"allow":["GET"]}}],"collection":[{"href":"https:\/\/lespepitesdemarlotte.com\/index.php\/wp-json\/wp\/v2\/product"}],"about":[{"href":"https:\/\/lespepitesdemarlotte.com\/index.php\/wp-json\/wp\/v2\/types\/product"}],"replies":[{"embeddable":true,"href":"https:\/\/lespepitesdemarlotte.com\/index.php\/wp-json\/wp\/v2\/comments?post=86"}],"wp:featuredmedia":[{"embeddable":true,"href":"https:\/\/lespepitesdemarlotte.com\/index.php\/wp-json\/wp\/v2\/media\/249"}],"wp:attachment":[{"href":"https:\/\/lespepitesdemarlotte.com\/index.php\/wp-json\/wp\/v2\/media?parent=86"}],"wp:term":[{"taxonomy":"product_brand","embeddable":true,"href":"https:\/\/lespepitesdemarlotte.com\/index.php\/wp-json\/wp\/v2\/product_brand?post=86"},{"taxonomy":"product_cat","embeddable":true,"href":"https:\/\/lespepitesdemarlotte.com\/index.php\/wp-json\/wp\/v2\/product_cat?post=86"},{"taxonomy":"product_tag","embeddable":true,"href":"https:\/\/lespepitesdemarlotte.com\/index.php\/wp-json\/wp\/v2\/product_tag?post=86"}],"curies":[{"name":"wp","href":"https:\/\/api.w.org\/{rel}","templated":true}]}}