{"id":855,"date":"2024-05-07T10:35:38","date_gmt":"2024-05-07T08:35:38","guid":{"rendered":"https:\/\/lespepitesdemarlotte.com\/?post_type=product&#038;p=855"},"modified":"2025-06-26T13:12:20","modified_gmt":"2025-06-26T11:12:20","slug":"robe-nini","status":"publish","type":"product","link":"https:\/\/lespepitesdemarlotte.com\/index.php\/product\/robe-nini\/","title":{"rendered":"Robe NINI"},"content":{"rendered":"<div>\n<p>La parfaite petite robe d&rsquo;\u00e9t\u00e9 est l\u00e0 : c&rsquo;est la robe Nini !<\/p>\n<p>100% coton, coupe \u00e9vas\u00e9e et jolis d\u00e9tails avec ses rayures marrons ou vertes (selon le mod\u00e8le choisi) avec des fils dor\u00e9s !<\/p>\n<p>On adore ses manches larges, bien appr\u00e9ciables pour couvrir nos \u00e9paules apr\u00e8s avoir fait chauffer notre peau au soleil , et qui, en plus, affinent les bras.<\/p>\n<div>\n<ul>\n<li>Tissu fluide et textur\u00e9<\/li>\n<li>Robe courte<\/li>\n<li>Rayures avec fils color\u00e9s et fils dor\u00e9s<\/li>\n<li>100% coton<\/li>\n<li>Manches larges<\/li>\n<\/ul>\n<p>Disponible en taille unique \u00e9quivalent taille 34 \u00e0 42<\/p>\n<p>Le mannequin mesure 1m73<\/p>\n<\/div>\n<\/div>\n<div>\n<h4><strong>Caract\u00e9ristiques Produit :\u00a0<\/strong><\/h4>\n<\/div>\n<div class=\"product-reference\">\n<p><strong><label class=\"label\">Composition :<\/label><\/strong><\/p>\n<div class=\"product-single__description rte\">\n<p>100% coton<\/p>\n<\/div>\n<div class=\"collapsibles-wrapper collapsibles-wrapper--border-bottom\"><span style=\"font-size: 14px; font-weight: 600;\">Entretien :<\/span><\/div>\n<div class=\"collapsibles-wrapper collapsibles-wrapper--border-bottom\">Lavage \u00e0 la main recommand\u00e9 \/ lavage en machine 30\u00b0 maximum \/ Blanchiment interdit \/ Temp\u00e9rature maximale de repassage : 110 \u00b0C \/ Nettoyage \u00e0 sec autoris\u00e9 \/ S\u00e9chage en tambour interdit<\/div>\n<\/div>\n<div class=\"product-reference\"><strong><label class=\"label\">Pays de cr\u00e9ation :\u00a0<\/label><\/strong><\/div>\n<div>Italie<\/div>\n<div class=\"product-reference\"><strong><label class=\"label\">Made in :<\/label><\/strong><\/div>\n<div class=\"product-reference\">Italy<\/div>\n","protected":false},"excerpt":{"rendered":"<p>La parfaite petite robe d&rsquo;\u00e9t\u00e9 est l\u00e0 : c&rsquo;est la robe Nini ! 100% coton, coupe \u00e9vas\u00e9e et jolis d\u00e9tails avec ses rayures marrons ou vertes (selon le mod\u00e8le choisi) avec des fils dor\u00e9s !<\/p>\n","protected":false},"featured_media":871,"comment_status":"open","ping_status":"closed","template":"","meta":[],"product_brand":[],"product_cat":[22],"product_tag":[30],"class_list":{"0":"post-855","1":"product","2":"type-product","3":"status-publish","4":"has-post-thumbnail","6":"product_cat-robes-et-combinaisons","7":"product_tag-made-in-italy","9":"first","10":"instock","11":"sale","12":"purchasable","13":"product-type-variable"},"aioseo_notices":[],"jetpack_sharing_enabled":true,"_links":{"self":[{"href":"https:\/\/lespepitesdemarlotte.com\/index.php\/wp-json\/wp\/v2\/product\/855","targetHints":{"allow":["GET"]}}],"collection":[{"href":"https:\/\/lespepitesdemarlotte.com\/index.php\/wp-json\/wp\/v2\/product"}],"about":[{"href":"https:\/\/lespepitesdemarlotte.com\/index.php\/wp-json\/wp\/v2\/types\/product"}],"replies":[{"embeddable":true,"href":"https:\/\/lespepitesdemarlotte.com\/index.php\/wp-json\/wp\/v2\/comments?post=855"}],"wp:featuredmedia":[{"embeddable":true,"href":"https:\/\/lespepitesdemarlotte.com\/index.php\/wp-json\/wp\/v2\/media\/871"}],"wp:attachment":[{"href":"https:\/\/lespepitesdemarlotte.com\/index.php\/wp-json\/wp\/v2\/media?parent=855"}],"wp:term":[{"taxonomy":"product_brand","embeddable":true,"href":"https:\/\/lespepitesdemarlotte.com\/index.php\/wp-json\/wp\/v2\/product_brand?post=855"},{"taxonomy":"product_cat","embeddable":true,"href":"https:\/\/lespepitesdemarlotte.com\/index.php\/wp-json\/wp\/v2\/product_cat?post=855"},{"taxonomy":"product_tag","embeddable":true,"href":"https:\/\/lespepitesdemarlotte.com\/index.php\/wp-json\/wp\/v2\/product_tag?post=855"}],"curies":[{"name":"wp","href":"https:\/\/api.w.org\/{rel}","templated":true}]}}