{"id":80,"date":"2023-12-28T14:25:18","date_gmt":"2023-12-28T13:25:18","guid":{"rendered":"https:\/\/lespepitesdemarlotte.com\/?post_type=product&#038;p=80"},"modified":"2025-02-24T16:34:24","modified_gmt":"2025-02-24T15:34:24","slug":"boucles-doreilles-lamya","status":"publish","type":"product","link":"https:\/\/lespepitesdemarlotte.com\/index.php\/product\/boucles-doreilles-lamya\/","title":{"rendered":"Boucles d&rsquo;oreilles Lamya"},"content":{"rendered":"<p>Les boucles d&rsquo;oreilles Lamya, avec leur puce Spirale dor\u00e9e et leur belle goutte en ac\u00e9tate color\u00e9 apportent une sublime touche glamour et \u00e9l\u00e9gante \u00e0 votre tenue.<\/p>\n<p>Elles sont en acier inoxydable, r\u00e9sistent \u00e0 l&rsquo;eau et ne noircissent pas, pour vous accompagner partout et en toutes circonstances. (Il est cependant recommand\u00e9 de les enlever si vous allez vous baigner, et lorsque vous prenez votre douche)<\/p>\n<p>Dispobibles en couleur Rose, ou Vert, craquez pour votre couleur pr\u00e9f\u00e9r\u00e9e !<\/p>\n<h4><strong>Caract\u00e9ristiques Produit :\u00a0<\/strong><\/h4>\n<p>Boucles d&rsquo;oreilles Lamya \u00e0 puce en acier inoxydable compos\u00e9es d&rsquo;un cabochon rond en ac\u00e9tate color\u00e9 et de 3 cha\u00eenes pendantes. Dimensions de la boucle : 19 x 64 mm Dimensions du cabochon : 17 x 17 mm Garantie sans nickel, sans cadmium, sans sel de plomb. R\u00e9siste \u00e0 l\u2019eau et ne noircit pas. \u00c9tant de l&rsquo;ac\u00e9tate, leurs couleurs peuvent l\u00e9g\u00e8rement varier d\u2019une pi\u00e8ce \u00e0 l\u2019autre.<\/p>\n","protected":false},"excerpt":{"rendered":"<p>Les boucles d&rsquo;oreilles Lamya, avec leur puce Spirale dor\u00e9e et leur belle goutte en ac\u00e9tate color\u00e9 apportent une sublime touche glamour et \u00e9l\u00e9gante \u00e0 votre tenue.<\/p>\n","protected":false},"featured_media":182,"comment_status":"open","ping_status":"closed","template":"","meta":[],"product_brand":[],"product_cat":[24,38],"product_tag":[31],"class_list":{"0":"post-80","1":"product","2":"type-product","3":"status-publish","4":"has-post-thumbnail","6":"product_cat-bijoux","7":"product_cat-boucles-doreilles","8":"product_tag-design-francais","10":"first","11":"instock","12":"sale","13":"purchasable","14":"product-type-variable"},"aioseo_notices":[],"jetpack_sharing_enabled":true,"_links":{"self":[{"href":"https:\/\/lespepitesdemarlotte.com\/index.php\/wp-json\/wp\/v2\/product\/80","targetHints":{"allow":["GET"]}}],"collection":[{"href":"https:\/\/lespepitesdemarlotte.com\/index.php\/wp-json\/wp\/v2\/product"}],"about":[{"href":"https:\/\/lespepitesdemarlotte.com\/index.php\/wp-json\/wp\/v2\/types\/product"}],"replies":[{"embeddable":true,"href":"https:\/\/lespepitesdemarlotte.com\/index.php\/wp-json\/wp\/v2\/comments?post=80"}],"wp:featuredmedia":[{"embeddable":true,"href":"https:\/\/lespepitesdemarlotte.com\/index.php\/wp-json\/wp\/v2\/media\/182"}],"wp:attachment":[{"href":"https:\/\/lespepitesdemarlotte.com\/index.php\/wp-json\/wp\/v2\/media?parent=80"}],"wp:term":[{"taxonomy":"product_brand","embeddable":true,"href":"https:\/\/lespepitesdemarlotte.com\/index.php\/wp-json\/wp\/v2\/product_brand?post=80"},{"taxonomy":"product_cat","embeddable":true,"href":"https:\/\/lespepitesdemarlotte.com\/index.php\/wp-json\/wp\/v2\/product_cat?post=80"},{"taxonomy":"product_tag","embeddable":true,"href":"https:\/\/lespepitesdemarlotte.com\/index.php\/wp-json\/wp\/v2\/product_tag?post=80"}],"curies":[{"name":"wp","href":"https:\/\/api.w.org\/{rel}","templated":true}]}}