{"id":724,"date":"2024-04-22T10:17:56","date_gmt":"2024-04-22T08:17:56","guid":{"rendered":"https:\/\/lespepitesdemarlotte.com\/?post_type=product&#038;p=724"},"modified":"2025-07-16T17:37:44","modified_gmt":"2025-07-16T15:37:44","slug":"robe-auriane","status":"publish","type":"product","link":"https:\/\/lespepitesdemarlotte.com\/index.php\/product\/robe-auriane\/","title":{"rendered":"Robe AURIANE"},"content":{"rendered":"<div>\n<p>D\u00e9couvrez la robe Auriane et son incroyable confort !<\/p>\n<p>Sa forme robe \u00e9vas\u00e9e et son col en V en font une robe tr\u00e8s f\u00e9minine et confortable, c&rsquo;est une taille unique et large pour toujours plus de confort. Les manches 3\/4 sont toujours flatteuses. Je vous conseille de faire un revers pour plus de style.<\/p>\n<p>En plus, elle est en 100% lin ! La mati\u00e8re id\u00e9ale pour les temps chauds ! Ses couleurs vives vont r\u00e9veiller votre \u00e9t\u00e9 ! Parfaite avec des sandales, des baskets, des compens\u00e9es ou encore des espadrilles, quelque-chose me dit que vous n&rsquo;allez plus vouloir porter autre chose que la robe Auriane cet \u00e9t\u00e9 \ud83d\ude09<\/p>\n<p>ATTENTION !!! Laver s\u00e9par\u00e9ment les 2 \u00e0 3 premiers lavages !<\/p>\n<ul>\n<li>Tissu fluide<\/li>\n<li>Col V<\/li>\n<li>Coupe large<\/li>\n<li>100% lin l\u00e9ger<\/li>\n<li>Manches 3\/4<\/li>\n<\/ul>\n<p>Disponible en taille unique \u00e9quivalent taille 34 \u00e0 42<\/p>\n<p>Ne convient pas aux fortes poitrines.<\/p>\n<p>Couleurs disponibles : Bleu Electrique, Vert Prairie, Beige Nature<\/p>\n<\/div>\n<div>\n<h4><strong>Caract\u00e9ristiques Produit :\u00a0<\/strong><\/h4>\n<\/div>\n<div class=\"product-reference\">\n<p><strong><label class=\"label\">Composition :<\/label><\/strong><\/p>\n<div class=\"product-single__description rte\">\n<p>100% lin<\/p>\n<\/div>\n<div class=\"collapsibles-wrapper collapsibles-wrapper--border-bottom\"><span style=\"font-size: 14px; font-weight: 600;\">Entretien :<\/span><\/div>\n<div class=\"collapsibles-wrapper collapsibles-wrapper--border-bottom\">Lavage en machine 30\u00b0 maximum \/ Blanchiment interdit \/ Temp\u00e9rature maximale de repassage : 110 \u00b0C \/ Nettoyage \u00e0 sec autoris\u00e9 \/ S\u00e9chage en tambour interdit<\/div>\n<\/div>\n<div class=\"product-reference\"><strong><label class=\"label\">Pays de cr\u00e9ation :\u00a0<\/label><\/strong><\/div>\n<div>Italie<\/div>\n<div class=\"product-reference\"><strong><label class=\"label\">Made in :<\/label><\/strong><\/div>\n<div class=\"product-reference\">Italy<\/div>\n","protected":false},"excerpt":{"rendered":"<p>D\u00e9couvrez la robe Auriane et son incroyable confort !Sa forme robe \u00e9vas\u00e9e et son col en V en font une robe tr\u00e8s f\u00e9minine et confortable, c&rsquo;est une taille unique et large. Les manches 3\/4 sont toujours flatteuses.\u00a0En plus, elle est en 100% lin ! La mati\u00e8re id\u00e9ale pour les temps chauds !<\/p>\n","protected":false},"featured_media":743,"comment_status":"open","ping_status":"closed","template":"","meta":[],"product_brand":[],"product_cat":[22],"product_tag":[30],"class_list":{"0":"post-724","1":"product","2":"type-product","3":"status-publish","4":"has-post-thumbnail","6":"product_cat-robes-et-combinaisons","7":"product_tag-made-in-italy","9":"first","10":"instock","11":"sale","12":"purchasable","13":"product-type-variable"},"aioseo_notices":[],"jetpack_sharing_enabled":true,"_links":{"self":[{"href":"https:\/\/lespepitesdemarlotte.com\/index.php\/wp-json\/wp\/v2\/product\/724","targetHints":{"allow":["GET"]}}],"collection":[{"href":"https:\/\/lespepitesdemarlotte.com\/index.php\/wp-json\/wp\/v2\/product"}],"about":[{"href":"https:\/\/lespepitesdemarlotte.com\/index.php\/wp-json\/wp\/v2\/types\/product"}],"replies":[{"embeddable":true,"href":"https:\/\/lespepitesdemarlotte.com\/index.php\/wp-json\/wp\/v2\/comments?post=724"}],"wp:featuredmedia":[{"embeddable":true,"href":"https:\/\/lespepitesdemarlotte.com\/index.php\/wp-json\/wp\/v2\/media\/743"}],"wp:attachment":[{"href":"https:\/\/lespepitesdemarlotte.com\/index.php\/wp-json\/wp\/v2\/media?parent=724"}],"wp:term":[{"taxonomy":"product_brand","embeddable":true,"href":"https:\/\/lespepitesdemarlotte.com\/index.php\/wp-json\/wp\/v2\/product_brand?post=724"},{"taxonomy":"product_cat","embeddable":true,"href":"https:\/\/lespepitesdemarlotte.com\/index.php\/wp-json\/wp\/v2\/product_cat?post=724"},{"taxonomy":"product_tag","embeddable":true,"href":"https:\/\/lespepitesdemarlotte.com\/index.php\/wp-json\/wp\/v2\/product_tag?post=724"}],"curies":[{"name":"wp","href":"https:\/\/api.w.org\/{rel}","templated":true}]}}