{"id":61,"date":"2023-12-28T13:33:12","date_gmt":"2023-12-28T12:33:12","guid":{"rendered":"https:\/\/lespepitesdemarlotte.com\/?post_type=product&#038;p=61"},"modified":"2025-03-19T20:23:49","modified_gmt":"2025-03-19T19:23:49","slug":"bo-fleurs-bulla","status":"publish","type":"product","link":"https:\/\/lespepitesdemarlotte.com\/index.php\/product\/bo-fleurs-bulla\/","title":{"rendered":"Boucles d&rsquo;oreilles fleurs Bulla"},"content":{"rendered":"<p>Boucles d&rsquo;oreilles Fleurs Bulla.<\/p>\n<p>Ces boucles d&rsquo;oreilles en forme de fleurs \u00e9maill\u00e9es en acier inoxydable dor\u00e9 apportent une touche de f\u00e9minit\u00e9 et de romantisme \u00e0 toutes vos tenues.<\/p>\n<p>Elles r\u00e9sistent \u00e0 l&rsquo;eau et ne noircissent pas pour vous accompagner partout et en toutes circonstances. (Il est cependant recommand\u00e9 de les enlever si vous allez vous baigner, et lorsque vous prenez votre douche)<\/p>\n<p>Disponibles en Blanc, Blush, ou Vert, craquez pour votre couleur pr\u00e9f\u00e9r\u00e9e !<\/p>\n<h4><strong>Caract\u00e9ristiques Produit :\u00a0<\/strong><\/h4>\n<p>Les boucles d&rsquo;oreilles fleurs Bulla sont des boucles d&rsquo;oreille \u00e0 puce en acier inoxydable, compos\u00e9es d&rsquo;une fleur dor\u00e9e avec des p\u00e9tales \u00e9maill\u00e9es. Dimensions de la boucle : 30 x 30 mm Garantie sans nickel, sans cadmium, sans sel de plomb. R\u00e9siste \u00e0 l\u2019eau et ne noircit pas.<\/p>\n","protected":false},"excerpt":{"rendered":"<p>Boucles d&rsquo;oreilles Fleurs Bulla \u00e9maill\u00e9es en acier inoxydable dor\u00e9 apportent une touche de f\u00e9minit\u00e9 et de romantisme \u00e0 toutes vos tenues. Disponibles en Blanc, Blush, ou Vert, craquez pour votre couleur pr\u00e9f\u00e9r\u00e9e !<\/p>\n","protected":false},"featured_media":198,"comment_status":"open","ping_status":"closed","template":"","meta":[],"product_brand":[],"product_cat":[24,38],"product_tag":[31],"class_list":{"0":"post-61","1":"product","2":"type-product","3":"status-publish","4":"has-post-thumbnail","6":"product_cat-bijoux","7":"product_cat-boucles-doreilles","8":"product_tag-design-francais","10":"first","11":"instock","12":"sale","13":"purchasable","14":"product-type-variable"},"aioseo_notices":[],"jetpack_sharing_enabled":true,"_links":{"self":[{"href":"https:\/\/lespepitesdemarlotte.com\/index.php\/wp-json\/wp\/v2\/product\/61","targetHints":{"allow":["GET"]}}],"collection":[{"href":"https:\/\/lespepitesdemarlotte.com\/index.php\/wp-json\/wp\/v2\/product"}],"about":[{"href":"https:\/\/lespepitesdemarlotte.com\/index.php\/wp-json\/wp\/v2\/types\/product"}],"replies":[{"embeddable":true,"href":"https:\/\/lespepitesdemarlotte.com\/index.php\/wp-json\/wp\/v2\/comments?post=61"}],"wp:featuredmedia":[{"embeddable":true,"href":"https:\/\/lespepitesdemarlotte.com\/index.php\/wp-json\/wp\/v2\/media\/198"}],"wp:attachment":[{"href":"https:\/\/lespepitesdemarlotte.com\/index.php\/wp-json\/wp\/v2\/media?parent=61"}],"wp:term":[{"taxonomy":"product_brand","embeddable":true,"href":"https:\/\/lespepitesdemarlotte.com\/index.php\/wp-json\/wp\/v2\/product_brand?post=61"},{"taxonomy":"product_cat","embeddable":true,"href":"https:\/\/lespepitesdemarlotte.com\/index.php\/wp-json\/wp\/v2\/product_cat?post=61"},{"taxonomy":"product_tag","embeddable":true,"href":"https:\/\/lespepitesdemarlotte.com\/index.php\/wp-json\/wp\/v2\/product_tag?post=61"}],"curies":[{"name":"wp","href":"https:\/\/api.w.org\/{rel}","templated":true}]}}