{"id":600,"date":"2024-03-27T14:51:18","date_gmt":"2024-03-27T13:51:18","guid":{"rendered":"https:\/\/lespepitesdemarlotte.com\/?post_type=product&#038;p=600"},"modified":"2025-02-24T16:19:04","modified_gmt":"2025-02-24T15:19:04","slug":"pantalon-safari","status":"publish","type":"product","link":"https:\/\/lespepitesdemarlotte.com\/index.php\/product\/pantalon-safari\/","title":{"rendered":"Pantalon SAFARI"},"content":{"rendered":"<div>\n<p>Youpi un imprim\u00e9 animal ! L&rsquo;imprim\u00e9 Z\u00e8bre s&rsquo;invite dans notre garde-robe avec le pantalon SAFARI !!!<\/p>\n<p>Vous allez craquer pour sa coupe jupe-pantalon, ultra confortable, tr\u00e8s flatteuse, et f\u00e9minine ! La mati\u00e8re du pantalon SAFARI est fluide et l\u00e9g\u00e8re, c&rsquo;est simple, on a l&rsquo;impression de ne rien porter !<\/p>\n<p>Vous pouvez le porter avec une chemise fluide ou un top moulant classique, un crop top ou un t-shirt basique. En cas de fraicheur \u00e0 la mi-saison, ajoutez un gilet ou un joli pull ! Avec une chemise en jean, c&rsquo;est canon !<\/p>\n<ul>\n<li>Tissu fluide<\/li>\n<li>Imprim\u00e9 Z\u00e8bre<\/li>\n<li>Coupe \u00e9vas\u00e9e style jupe-pantalon<\/li>\n<li>Taille haute<\/li>\n<\/ul>\n<p>Disponible en taille unique<\/p>\n<p>Le mannequin mesure 1m73<\/p>\n<\/div>\n<div>\n<h4><strong>Caract\u00e9ristiques Produit :\u00a0<\/strong><\/h4>\n<\/div>\n<div class=\"product-reference\">\n<p><strong><label class=\"label\">Composition :<\/label><\/strong><\/p>\n<div class=\"product-single__description rte\">\n<p>100% polyester<\/p>\n<\/div>\n<div class=\"collapsibles-wrapper collapsibles-wrapper--border-bottom\"><span style=\"font-size: 14px;font-weight: 600\">Entretien :<\/span><\/div>\n<\/div>\n<div class=\"product-reference\">Lavage en machine possible \u00e0 30\u00b0 maximum \/ Blanchiment interdit \/ Ne pas repasser \/ Nettoyage \u00e0 sec autoris\u00e9 \/ S\u00e9chage en tambour interdit<\/div>\n<div class=\"product-reference\"><strong><label class=\"label\">Pays de cr\u00e9ation :\u00a0<\/label><\/strong><\/div>\n<div>Italie<\/div>\n<div class=\"product-reference\"><strong><label class=\"label\">Made in :<\/label><\/strong><\/div>\n<div class=\"product-reference\">Italy<\/div>\n","protected":false},"excerpt":{"rendered":"<p>Youpi un imprim\u00e9 animal ! L&rsquo;imprim\u00e9 Z\u00e8bre s&rsquo;invite dans notre garde-robe avec le pantalon SAFARI !!! Vous allez craquer pour sa coupe jupe-pantalon, ultra confortable, tr\u00e8s flatteuse, et f\u00e9minine ! La mati\u00e8re du pantalon SAFARI est fluide et l\u00e9g\u00e8re, c&rsquo;est simple, on a l&rsquo;impression de ne rien porter !<\/p>\n","protected":false},"featured_media":603,"comment_status":"open","ping_status":"closed","template":"","meta":[],"product_brand":[],"product_cat":[33],"product_tag":[30],"class_list":{"0":"post-600","1":"product","2":"type-product","3":"status-publish","4":"has-post-thumbnail","6":"product_cat-pantalons-jeans","7":"product_tag-made-in-italy","9":"first","10":"instock","11":"sale","12":"purchasable","13":"product-type-simple"},"aioseo_notices":[],"jetpack_sharing_enabled":true,"_links":{"self":[{"href":"https:\/\/lespepitesdemarlotte.com\/index.php\/wp-json\/wp\/v2\/product\/600","targetHints":{"allow":["GET"]}}],"collection":[{"href":"https:\/\/lespepitesdemarlotte.com\/index.php\/wp-json\/wp\/v2\/product"}],"about":[{"href":"https:\/\/lespepitesdemarlotte.com\/index.php\/wp-json\/wp\/v2\/types\/product"}],"replies":[{"embeddable":true,"href":"https:\/\/lespepitesdemarlotte.com\/index.php\/wp-json\/wp\/v2\/comments?post=600"}],"wp:featuredmedia":[{"embeddable":true,"href":"https:\/\/lespepitesdemarlotte.com\/index.php\/wp-json\/wp\/v2\/media\/603"}],"wp:attachment":[{"href":"https:\/\/lespepitesdemarlotte.com\/index.php\/wp-json\/wp\/v2\/media?parent=600"}],"wp:term":[{"taxonomy":"product_brand","embeddable":true,"href":"https:\/\/lespepitesdemarlotte.com\/index.php\/wp-json\/wp\/v2\/product_brand?post=600"},{"taxonomy":"product_cat","embeddable":true,"href":"https:\/\/lespepitesdemarlotte.com\/index.php\/wp-json\/wp\/v2\/product_cat?post=600"},{"taxonomy":"product_tag","embeddable":true,"href":"https:\/\/lespepitesdemarlotte.com\/index.php\/wp-json\/wp\/v2\/product_tag?post=600"}],"curies":[{"name":"wp","href":"https:\/\/api.w.org\/{rel}","templated":true}]}}