{"id":567,"date":"2024-03-16T17:37:52","date_gmt":"2024-03-16T16:37:52","guid":{"rendered":"https:\/\/lespepitesdemarlotte.com\/?post_type=product&#038;p=567"},"modified":"2025-07-16T17:40:15","modified_gmt":"2025-07-16T15:40:15","slug":"blouse-solina","status":"publish","type":"product","link":"https:\/\/lespepitesdemarlotte.com\/index.php\/product\/blouse-solina\/","title":{"rendered":"Blouse SOLINA"},"content":{"rendered":"<div>\n<p>La blouse SOLINA, l\u00e9g\u00e8re et d\u00e9licatement brod\u00e9e apporte une touche de romantisme \u00e0 votre tenue. Son tissu l\u00e9g\u00e8rement transparent en voile de coton est extr\u00eamement agr\u00e9able \u00e0 porter en printemps et en \u00e9t\u00e9, il offre une r\u00e9elle sensation de fra\u00eecheur et de libert\u00e9 ! Ses broderies multicolores accrochent le regard et ses poignets compl\u00e8tement brod\u00e9s font toute la diff\u00e9rence. Laissez-vous charmer par les finitions impeccables de cette blouse fluide, l\u00e9g\u00e8re, et tellement f\u00e9minine !<\/p>\n<ul>\n<li>Blouse \u00e0 manches longues<\/li>\n<li>Voile de coton brod\u00e9<\/li>\n<li>Poignets aux finitions brod\u00e9es, ferm\u00e9s par un bouton<\/li>\n<li>Fermeture boutonn\u00e9e<\/li>\n<\/ul>\n<p>Disponible en taille S, M, et L.<br \/>\nLongueur du produit depuis l&rsquo;\u00e9paule pour la taille S : 65 cm.<\/p>\n<p>Le mannequin porte une taille S.<\/p>\n<h4><strong>Caract\u00e9ristiques Produit :\u00a0<\/strong><\/h4>\n<\/div>\n<div class=\"product-reference\"><strong><label class=\"label\">Composition :<\/label><\/strong>100% coton<\/div>\n<div class=\"product-reference\"><strong><label class=\"label\">Entretien :<\/label><\/strong>\u00a0Lavage \u00e0 la main recommand\u00e9 \/ Blanchiment interdit \/ Temp\u00e9rature maximale de repassage : 110 \u00b0C \/ Nettoyage \u00e0 sec autoris\u00e9 \/ S\u00e9chage en tambour interdit<\/div>\n<div class=\"product-reference\"><strong><label class=\"label\">Pays de cr\u00e9ation :\u00a0<\/label><\/strong><\/div>\n<div>France<\/div>\n<div class=\"product-reference\"><strong><label class=\"label\">Made in :<\/label><\/strong><\/div>\n<div class=\"product-reference\">India<\/div>\n","protected":false},"excerpt":{"rendered":"<p>La blouse SOLINA, apporte une touche de romantisme \u00e0 votre tenue. En voile de coton, elle offre une sensation de fra\u00eecheur et de libert\u00e9, et ses broderies multicolores accrochent le regard !<\/p>\n","protected":false},"featured_media":575,"comment_status":"open","ping_status":"closed","template":"","meta":[],"product_brand":[],"product_cat":[21],"product_tag":[31],"class_list":{"0":"post-567","1":"product","2":"type-product","3":"status-publish","4":"has-post-thumbnail","6":"product_cat-chemises-blouses","7":"product_tag-design-francais","9":"first","10":"instock","11":"sale","12":"purchasable","13":"product-type-variable"},"aioseo_notices":[],"jetpack_sharing_enabled":true,"_links":{"self":[{"href":"https:\/\/lespepitesdemarlotte.com\/index.php\/wp-json\/wp\/v2\/product\/567","targetHints":{"allow":["GET"]}}],"collection":[{"href":"https:\/\/lespepitesdemarlotte.com\/index.php\/wp-json\/wp\/v2\/product"}],"about":[{"href":"https:\/\/lespepitesdemarlotte.com\/index.php\/wp-json\/wp\/v2\/types\/product"}],"replies":[{"embeddable":true,"href":"https:\/\/lespepitesdemarlotte.com\/index.php\/wp-json\/wp\/v2\/comments?post=567"}],"wp:featuredmedia":[{"embeddable":true,"href":"https:\/\/lespepitesdemarlotte.com\/index.php\/wp-json\/wp\/v2\/media\/575"}],"wp:attachment":[{"href":"https:\/\/lespepitesdemarlotte.com\/index.php\/wp-json\/wp\/v2\/media?parent=567"}],"wp:term":[{"taxonomy":"product_brand","embeddable":true,"href":"https:\/\/lespepitesdemarlotte.com\/index.php\/wp-json\/wp\/v2\/product_brand?post=567"},{"taxonomy":"product_cat","embeddable":true,"href":"https:\/\/lespepitesdemarlotte.com\/index.php\/wp-json\/wp\/v2\/product_cat?post=567"},{"taxonomy":"product_tag","embeddable":true,"href":"https:\/\/lespepitesdemarlotte.com\/index.php\/wp-json\/wp\/v2\/product_tag?post=567"}],"curies":[{"name":"wp","href":"https:\/\/api.w.org\/{rel}","templated":true}]}}