{"id":53,"date":"2023-12-27T13:40:08","date_gmt":"2023-12-27T12:40:08","guid":{"rendered":"https:\/\/lespepitesdemarlotte.com\/?post_type=product&#038;p=53"},"modified":"2025-10-26T14:33:29","modified_gmt":"2025-10-26T13:33:29","slug":"top-axana","status":"publish","type":"product","link":"https:\/\/lespepitesdemarlotte.com\/index.php\/product\/top-axana\/","title":{"rendered":"Top AXANA iris\u00e9 \u00e0 \u00e9paulettes Or"},"content":{"rendered":"<div>\n<p>Gros coup de coeur pour ce top Axana iris\u00e9 dor\u00e9 avec ses \u00e9paulettes ! Le top sans manches AXANA et ses \u00e9paulettes structure votre silhouette en vous apportant une touche r\u00e9tro. A la fois chic et d\u00e9contract\u00e9, ce top l\u00e9ger et fluide, aux reflets dor\u00e9s, se marie aussi bien avec une jupe qu&rsquo;avec un jean. Une pi\u00e8ce iconique \u00e0 porter en toute saison !<\/p>\n<p>\u2022 Tissu iris\u00e9<\/p>\n<p>\u2022 Sans manches<\/p>\n<p>\u2022 Epaulettes<\/p>\n<p>Disponible en taille S\/M, et M\/L.<\/p>\n<p>Longueur du produit depuis l&rsquo;\u00e9paule pour la taille S\/M : 62 cm.<\/p>\n<p>Le mannequin porte une taille S\/M.<\/p>\n<\/div>\n<div>\n<h4><strong>Caract\u00e9ristiques Produit :\u00a0<\/strong><\/h4>\n<\/div>\n<div class=\"product-reference\"><strong><label class=\"label\">Composition :<\/label><\/strong>95% polyester 5% \u00e9lastane<\/div>\n<div class=\"product-reference\"><strong><label class=\"label\">Entretien :<\/label><\/strong>\u00a0Lavage \u00e0 la main recommand\u00e9 \/ Blanchiment interdit \/ Temp\u00e9rature maximale de repassage : 110 \u00b0C \/ Nettoyage \u00e0 sec autoris\u00e9 \/ S\u00e9chage en tambour interdit<\/div>\n<div class=\"product-reference\"><strong><label class=\"label\">Pays de cr\u00e9ation :\u00a0<\/label><\/strong><\/div>\n<div>France<\/div>\n<div class=\"product-reference\"><strong><label class=\"label\">Made in :<\/label><\/strong><\/div>\n<div class=\"product-reference\">China<\/div>\n","protected":false},"excerpt":{"rendered":"<p>Le top AXANA sans manches structure votre silhouette avec ses \u00e9paulettes en vous apportant une touche r\u00e9tro. A la fois chic et d\u00e9contract\u00e9, ce top l\u00e9ger et fluide, aux reflets dor\u00e9s, s&rsquo;impose comme une pi\u00e8ce iconique \u00e0 porter en toute saison!<\/p>\n","protected":false},"featured_media":260,"comment_status":"open","ping_status":"closed","template":"","meta":[],"product_brand":[],"product_cat":[20],"product_tag":[31],"class_list":{"0":"post-53","1":"product","2":"type-product","3":"status-publish","4":"has-post-thumbnail","6":"product_cat-tops","7":"product_tag-design-francais","9":"first","10":"instock","11":"sale","12":"purchasable","13":"product-type-variable"},"aioseo_notices":[],"jetpack_sharing_enabled":true,"_links":{"self":[{"href":"https:\/\/lespepitesdemarlotte.com\/index.php\/wp-json\/wp\/v2\/product\/53","targetHints":{"allow":["GET"]}}],"collection":[{"href":"https:\/\/lespepitesdemarlotte.com\/index.php\/wp-json\/wp\/v2\/product"}],"about":[{"href":"https:\/\/lespepitesdemarlotte.com\/index.php\/wp-json\/wp\/v2\/types\/product"}],"replies":[{"embeddable":true,"href":"https:\/\/lespepitesdemarlotte.com\/index.php\/wp-json\/wp\/v2\/comments?post=53"}],"wp:featuredmedia":[{"embeddable":true,"href":"https:\/\/lespepitesdemarlotte.com\/index.php\/wp-json\/wp\/v2\/media\/260"}],"wp:attachment":[{"href":"https:\/\/lespepitesdemarlotte.com\/index.php\/wp-json\/wp\/v2\/media?parent=53"}],"wp:term":[{"taxonomy":"product_brand","embeddable":true,"href":"https:\/\/lespepitesdemarlotte.com\/index.php\/wp-json\/wp\/v2\/product_brand?post=53"},{"taxonomy":"product_cat","embeddable":true,"href":"https:\/\/lespepitesdemarlotte.com\/index.php\/wp-json\/wp\/v2\/product_cat?post=53"},{"taxonomy":"product_tag","embeddable":true,"href":"https:\/\/lespepitesdemarlotte.com\/index.php\/wp-json\/wp\/v2\/product_tag?post=53"}],"curies":[{"name":"wp","href":"https:\/\/api.w.org\/{rel}","templated":true}]}}