{"id":499,"date":"2024-02-29T14:16:42","date_gmt":"2024-02-29T13:16:42","guid":{"rendered":"https:\/\/lespepitesdemarlotte.com\/?post_type=product&#038;p=499"},"modified":"2025-03-10T09:31:59","modified_gmt":"2025-03-10T08:31:59","slug":"bracelet-coeurs-nacres","status":"publish","type":"product","link":"https:\/\/lespepitesdemarlotte.com\/index.php\/product\/bracelet-coeurs-nacres\/","title":{"rendered":"Bracelet Coeurs Nacr\u00e9s"},"content":{"rendered":"<p>Mettez une touche de douceur et de tendresse \u00e0 votre poignet gr\u00e2ce \u00e0 ce joli bracelet Coeurs Nacr\u00e9s !<\/p>\n<p>Fait de v\u00e9ritables perles naturelles nacr\u00e9es en forme de coeur, ce bracelet est 100% fabriqu\u00e9 \u00e0 la main \u00e0 Marseille ! Il sublimera votre bronzage cet \u00e9t\u00e9 grace \u00e0 ses jolis reflets.<\/p>\n<p>Le bracelet Coeurs Nacr\u00e9s est le fruit d&rsquo;un minutieux travail artisanal, pour des bijoux uniques et un style affirm\u00e9.<\/p>\n<h4><strong>Caract\u00e9ristiques Produit :\u00a0<\/strong><\/h4>\n<p>Bracelet en v\u00e9ritables perles naturelles nacr\u00e9es en forme de coeurs, ferm\u00e9 par noeud coulissant.<\/p>\n<p>S&rsquo;ajuste \u00e0 tous les poignets.<\/p>\n","protected":false},"excerpt":{"rendered":"<p>Mettez une touche de douceur et de tendresse \u00e0 votre poignet gr\u00e2ce \u00e0 ce joli bracelet Coeurs Nacr\u00e9s !\u00a0Fait de v\u00e9ritables perles naturelles nacr\u00e9es en forme de coeur, ce bracelet est 100% fabriqu\u00e9 \u00e0 la main \u00e0 Marseille ! Il sublimera votre bronzage cet \u00e9t\u00e9 grace \u00e0 ses jolis reflets.<\/p>\n","protected":false},"featured_media":503,"comment_status":"open","ping_status":"closed","template":"","meta":[],"product_brand":[],"product_cat":[24,40],"product_tag":[27,31],"class_list":{"0":"post-499","1":"product","2":"type-product","3":"status-publish","4":"has-post-thumbnail","6":"product_cat-bijoux","7":"product_cat-bracelets","8":"product_tag-made-in-france","9":"product_tag-design-francais","11":"first","12":"instock","13":"sale","14":"purchasable","15":"product-type-simple"},"aioseo_notices":[],"jetpack_sharing_enabled":true,"_links":{"self":[{"href":"https:\/\/lespepitesdemarlotte.com\/index.php\/wp-json\/wp\/v2\/product\/499","targetHints":{"allow":["GET"]}}],"collection":[{"href":"https:\/\/lespepitesdemarlotte.com\/index.php\/wp-json\/wp\/v2\/product"}],"about":[{"href":"https:\/\/lespepitesdemarlotte.com\/index.php\/wp-json\/wp\/v2\/types\/product"}],"replies":[{"embeddable":true,"href":"https:\/\/lespepitesdemarlotte.com\/index.php\/wp-json\/wp\/v2\/comments?post=499"}],"wp:featuredmedia":[{"embeddable":true,"href":"https:\/\/lespepitesdemarlotte.com\/index.php\/wp-json\/wp\/v2\/media\/503"}],"wp:attachment":[{"href":"https:\/\/lespepitesdemarlotte.com\/index.php\/wp-json\/wp\/v2\/media?parent=499"}],"wp:term":[{"taxonomy":"product_brand","embeddable":true,"href":"https:\/\/lespepitesdemarlotte.com\/index.php\/wp-json\/wp\/v2\/product_brand?post=499"},{"taxonomy":"product_cat","embeddable":true,"href":"https:\/\/lespepitesdemarlotte.com\/index.php\/wp-json\/wp\/v2\/product_cat?post=499"},{"taxonomy":"product_tag","embeddable":true,"href":"https:\/\/lespepitesdemarlotte.com\/index.php\/wp-json\/wp\/v2\/product_tag?post=499"}],"curies":[{"name":"wp","href":"https:\/\/api.w.org\/{rel}","templated":true}]}}