{"id":493,"date":"2024-02-29T13:43:56","date_gmt":"2024-02-29T12:43:56","guid":{"rendered":"https:\/\/lespepitesdemarlotte.com\/?post_type=product&#038;p=493"},"modified":"2025-02-24T16:20:39","modified_gmt":"2025-02-24T15:20:39","slug":"boucles-doreilles-carre-rose","status":"publish","type":"product","link":"https:\/\/lespepitesdemarlotte.com\/index.php\/product\/boucles-doreilles-carre-rose\/","title":{"rendered":"Boucles d&rsquo;oreilles Carr\u00e9 Rose"},"content":{"rendered":"<p>Un peu de tendresse avec les boucles d&rsquo;oreilles Carr\u00e9 Rose, 100% fabriqu\u00e9es \u00e0 la main \u00e0 Marseille ! Elles sont le fruit d&rsquo;un minutieux travail artisanal, pour des bijoux uniques et un style affirm\u00e9.<\/p>\n<p>Les boucles d&rsquo;oreilles Carr\u00e9 Rose sont l\u00e9g\u00e8rement nacr\u00e9es avec des reflets ros\u00e9s, blanc, beige et jaune.<\/p>\n<p>Elles sont en acier inoxydable et en ac\u00e9tate translucide, un mat\u00e9riau l\u00e9ger et resistant, pour vous accompagner partout et en toutes circonstances. (Il est cependant vivement recommand\u00e9 de les enlever si vous allez vous baigner, et lorsque vous prenez votre douche!)<\/p>\n<h4><strong>Caract\u00e9ristiques Produit :\u00a0<\/strong><\/h4>\n<p>Boucles d&rsquo;oreilles Carr\u00e9 Rose avec puce en acier inoxydable et carr\u00e9 en ac\u00e9tate.<\/p>\n<p>Longueur de la boucle : environ 6 cm.<\/p>\n<p>\u00c9tant de l&rsquo;ac\u00e9tate, leurs couleurs peuvent l\u00e9g\u00e8rement varier d\u2019une pi\u00e8ce \u00e0 l\u2019autre.<\/p>\n","protected":false},"excerpt":{"rendered":"<p>Un peu de tendresse avec les boucles d&rsquo;oreilles Carr\u00e9 Rose, 100% fabriqu\u00e9es \u00e0 la main \u00e0 Marseille ! Elles sont le fruit d&rsquo;un minutieux travail artisanal, pour des bijoux uniques et un style affirm\u00e9.<\/p>\n","protected":false},"featured_media":508,"comment_status":"open","ping_status":"closed","template":"","meta":[],"product_brand":[],"product_cat":[24,38],"product_tag":[27,31],"class_list":{"0":"post-493","1":"product","2":"type-product","3":"status-publish","4":"has-post-thumbnail","6":"product_cat-bijoux","7":"product_cat-boucles-doreilles","8":"product_tag-made-in-france","9":"product_tag-design-francais","11":"first","12":"instock","13":"sale","14":"purchasable","15":"product-type-simple"},"aioseo_notices":[],"jetpack_sharing_enabled":true,"_links":{"self":[{"href":"https:\/\/lespepitesdemarlotte.com\/index.php\/wp-json\/wp\/v2\/product\/493","targetHints":{"allow":["GET"]}}],"collection":[{"href":"https:\/\/lespepitesdemarlotte.com\/index.php\/wp-json\/wp\/v2\/product"}],"about":[{"href":"https:\/\/lespepitesdemarlotte.com\/index.php\/wp-json\/wp\/v2\/types\/product"}],"replies":[{"embeddable":true,"href":"https:\/\/lespepitesdemarlotte.com\/index.php\/wp-json\/wp\/v2\/comments?post=493"}],"wp:featuredmedia":[{"embeddable":true,"href":"https:\/\/lespepitesdemarlotte.com\/index.php\/wp-json\/wp\/v2\/media\/508"}],"wp:attachment":[{"href":"https:\/\/lespepitesdemarlotte.com\/index.php\/wp-json\/wp\/v2\/media?parent=493"}],"wp:term":[{"taxonomy":"product_brand","embeddable":true,"href":"https:\/\/lespepitesdemarlotte.com\/index.php\/wp-json\/wp\/v2\/product_brand?post=493"},{"taxonomy":"product_cat","embeddable":true,"href":"https:\/\/lespepitesdemarlotte.com\/index.php\/wp-json\/wp\/v2\/product_cat?post=493"},{"taxonomy":"product_tag","embeddable":true,"href":"https:\/\/lespepitesdemarlotte.com\/index.php\/wp-json\/wp\/v2\/product_tag?post=493"}],"curies":[{"name":"wp","href":"https:\/\/api.w.org\/{rel}","templated":true}]}}