{"id":48,"date":"2023-12-27T12:53:02","date_gmt":"2023-12-27T11:53:02","guid":{"rendered":"https:\/\/lespepitesdemarlotte.com\/?post_type=product&#038;p=48"},"modified":"2025-10-26T14:34:42","modified_gmt":"2025-10-26T13:34:42","slug":"blouse-fluide-kasselia-ecru","status":"publish","type":"product","link":"https:\/\/lespepitesdemarlotte.com\/index.php\/product\/blouse-fluide-kasselia-ecru\/","title":{"rendered":"Blouse fluide KASSELIA \u00e9cru"},"content":{"rendered":"<div>\n<p>La blouse fluide KASSELIA \u00e9cru est tout en d\u00e9licatesse. Sa coupe \u00e9vas\u00e9e lui permet d&rsquo;\u00eatre port\u00e9e soit rentr\u00e9e dans le jean, la jupe ou le pantalon, soit par-dessus. Ses fronces autour de l&rsquo;encolure lui donnent un c\u00f4t\u00e9 sophistiqu\u00e9 et \u00e9l\u00e9gant. Les boutons sur toute la longueur de la blouse permettent d&rsquo;ouvrir ou de fermer le d\u00e9collet\u00e9 \u00e0 l&rsquo;envie, selon votre humeur. Les manches l\u00e9g\u00e8rement bouffantes et ress\u00e9r\u00e9es aux poignets apportent une nouvelle touche de f\u00e9minit\u00e9 et de raffinement. Une blouse absolument parfaite pour toutes les occasions !<\/p>\n<ul>\n<li>Blouse \u00e0 manches longues<\/li>\n<li>D\u00e9tails de fronces sur le col<\/li>\n<li>Fermeture boutonn\u00e9e<\/li>\n<\/ul>\n<p>Disponible en taille S, M, et L.<br \/>\nLongueur du produit depuis l&rsquo;\u00e9paule pour la taille S : 61 cm.<\/p>\n<p>Le mannequin porte une taille S.<\/p>\n<h4><strong>Caract\u00e9ristiques Produit :\u00a0<\/strong><\/h4>\n<\/div>\n<div class=\"product-reference\"><strong><label class=\"label\">Composition :<\/label><\/strong>\u00a088% viscose 12% polyamide<\/div>\n<div class=\"product-reference\"><strong><label class=\"label\">Entretien :<\/label><\/strong>\u00a0Lavage \u00e0 la main recommand\u00e9 \/ Blanchiment interdit \/ Temp\u00e9rature maximale de repassage : 110 \u00b0C \/ Nettoyage \u00e0 sec autoris\u00e9 \/ S\u00e9chage en tambour interdit<\/div>\n<div class=\"product-reference\"><strong><label class=\"label\">Pays de cr\u00e9ation :\u00a0<\/label><\/strong><\/div>\n<div>France<\/div>\n<div class=\"product-reference\"><strong><label class=\"label\">Made in :<\/label><\/strong><\/div>\n<div class=\"product-reference\">Tunisia<\/div>\n","protected":false},"excerpt":{"rendered":"<p>La blouse fluide KASSELIA \u00e9cru est tout en d\u00e9licatesse. Sa coupe \u00e9vas\u00e9e et ses fronces autour de l&rsquo;encolure lui donnent un c\u00f4t\u00e9 sophistiqu\u00e9 et \u00e9l\u00e9gant.<\/p>\n","protected":false},"featured_media":287,"comment_status":"open","ping_status":"closed","template":"","meta":[],"product_brand":[],"product_cat":[21],"product_tag":[31],"class_list":{"0":"post-48","1":"product","2":"type-product","3":"status-publish","4":"has-post-thumbnail","6":"product_cat-chemises-blouses","7":"product_tag-design-francais","9":"first","10":"instock","11":"sale","12":"purchasable","13":"product-type-variable"},"aioseo_notices":[],"jetpack_sharing_enabled":true,"_links":{"self":[{"href":"https:\/\/lespepitesdemarlotte.com\/index.php\/wp-json\/wp\/v2\/product\/48","targetHints":{"allow":["GET"]}}],"collection":[{"href":"https:\/\/lespepitesdemarlotte.com\/index.php\/wp-json\/wp\/v2\/product"}],"about":[{"href":"https:\/\/lespepitesdemarlotte.com\/index.php\/wp-json\/wp\/v2\/types\/product"}],"replies":[{"embeddable":true,"href":"https:\/\/lespepitesdemarlotte.com\/index.php\/wp-json\/wp\/v2\/comments?post=48"}],"wp:featuredmedia":[{"embeddable":true,"href":"https:\/\/lespepitesdemarlotte.com\/index.php\/wp-json\/wp\/v2\/media\/287"}],"wp:attachment":[{"href":"https:\/\/lespepitesdemarlotte.com\/index.php\/wp-json\/wp\/v2\/media?parent=48"}],"wp:term":[{"taxonomy":"product_brand","embeddable":true,"href":"https:\/\/lespepitesdemarlotte.com\/index.php\/wp-json\/wp\/v2\/product_brand?post=48"},{"taxonomy":"product_cat","embeddable":true,"href":"https:\/\/lespepitesdemarlotte.com\/index.php\/wp-json\/wp\/v2\/product_cat?post=48"},{"taxonomy":"product_tag","embeddable":true,"href":"https:\/\/lespepitesdemarlotte.com\/index.php\/wp-json\/wp\/v2\/product_tag?post=48"}],"curies":[{"name":"wp","href":"https:\/\/api.w.org\/{rel}","templated":true}]}}