{"id":453,"date":"2024-02-03T12:32:12","date_gmt":"2024-02-03T11:32:12","guid":{"rendered":"https:\/\/lespepitesdemarlotte.com\/?post_type=product&#038;p=453"},"modified":"2025-10-30T20:07:49","modified_gmt":"2025-10-30T19:07:49","slug":"banane-en-cuir-furie","status":"publish","type":"product","link":"https:\/\/lespepitesdemarlotte.com\/index.php\/product\/banane-en-cuir-furie\/","title":{"rendered":"Banane en cuir FURIE"},"content":{"rendered":"<div>\n<p>La banane en cuir FURIE, l&rsquo;essayer c&rsquo;est l&rsquo;adopter ! Son cuir italien gain\u00e9 apportera une touche de fantaisie et de couleur flashy et tendance \u00e0 n&rsquo;importe quelle tenue. Hyper pratique, avec une taille id\u00e9ale, elle poss\u00e8de une petite poche int\u00e9rieure pour compartimenter vos affaires.<\/p>\n<p>Gr\u00e2ce \u00e0 votre sac banane en cuir FURIE, vous avez les mains libres tout en gardant vos indispensables pr\u00e8s de vous.<\/p>\n<p>&nbsp;<\/p>\n<p>\u2022 Longueur : 25 cm, Hauteur : 19 cm, largeur : 9 cm<\/p>\n<p>\u2022 Bandouli\u00e8re en cuir r\u00e9glable et amovible<\/p>\n<\/div>\n<p>\u2022 Cuir de vachette<\/p>\n<div>\n<p>&nbsp;<\/p>\n<p>Taille unique<\/p>\n<p>Couleurs disponibles : Rose Bonbon, Beige Nude, Vert C\u00e9ladon, Bleu Majorelle, Rose Framboise<\/p>\n<\/div>\n<div>\n<h4><strong>Caract\u00e9ristiques Produit :\u00a0<\/strong><\/h4>\n<\/div>\n<div class=\"product-reference\"><strong><label class=\"label\">Composition :<\/label><\/strong>100% cuir de vachette<\/div>\n<div class=\"product-reference\">Doublure 100% polyester<\/div>\n<div class=\"product-reference\"><strong><label class=\"label\">\u00a0<\/label><\/strong><\/div>\n<div class=\"product-reference\"><strong><label class=\"label\">Pays de cr\u00e9ation :\u00a0<\/label><\/strong><\/div>\n<div>Italy<\/div>\n<div class=\"product-reference\"><strong><label class=\"label\">Made in :<\/label><\/strong><\/div>\n<div class=\"product-reference\">Italy<\/div>\n","protected":false},"excerpt":{"rendered":"<p>Vous allez adorer la banane en cuir FURIE! Son cuir italien gain\u00e9 illumine n&rsquo;importe quelle tenue. Hyper pratique, elle poss\u00e8de une petite poche int\u00e9rieure pour compartimenter vos affaires. Vous avez les mains libres tout en gardant vos indispensables pr\u00e8s de vous.<\/p>\n","protected":false},"featured_media":468,"comment_status":"open","ping_status":"closed","template":"","meta":[],"product_brand":[],"product_cat":[36],"product_tag":[30],"class_list":{"0":"post-453","1":"product","2":"type-product","3":"status-publish","4":"has-post-thumbnail","6":"product_cat-sacs","7":"product_tag-made-in-italy","9":"first","10":"instock","11":"sale","12":"purchasable","13":"product-type-variable"},"aioseo_notices":[],"jetpack_sharing_enabled":true,"_links":{"self":[{"href":"https:\/\/lespepitesdemarlotte.com\/index.php\/wp-json\/wp\/v2\/product\/453","targetHints":{"allow":["GET"]}}],"collection":[{"href":"https:\/\/lespepitesdemarlotte.com\/index.php\/wp-json\/wp\/v2\/product"}],"about":[{"href":"https:\/\/lespepitesdemarlotte.com\/index.php\/wp-json\/wp\/v2\/types\/product"}],"replies":[{"embeddable":true,"href":"https:\/\/lespepitesdemarlotte.com\/index.php\/wp-json\/wp\/v2\/comments?post=453"}],"wp:featuredmedia":[{"embeddable":true,"href":"https:\/\/lespepitesdemarlotte.com\/index.php\/wp-json\/wp\/v2\/media\/468"}],"wp:attachment":[{"href":"https:\/\/lespepitesdemarlotte.com\/index.php\/wp-json\/wp\/v2\/media?parent=453"}],"wp:term":[{"taxonomy":"product_brand","embeddable":true,"href":"https:\/\/lespepitesdemarlotte.com\/index.php\/wp-json\/wp\/v2\/product_brand?post=453"},{"taxonomy":"product_cat","embeddable":true,"href":"https:\/\/lespepitesdemarlotte.com\/index.php\/wp-json\/wp\/v2\/product_cat?post=453"},{"taxonomy":"product_tag","embeddable":true,"href":"https:\/\/lespepitesdemarlotte.com\/index.php\/wp-json\/wp\/v2\/product_tag?post=453"}],"curies":[{"name":"wp","href":"https:\/\/api.w.org\/{rel}","templated":true}]}}