{"id":364,"date":"2024-01-20T10:57:56","date_gmt":"2024-01-20T09:57:56","guid":{"rendered":"https:\/\/lespepitesdemarlotte.com\/?post_type=product&#038;p=364"},"modified":"2025-10-26T14:23:38","modified_gmt":"2025-10-26T13:23:38","slug":"sac-a-franges-furie","status":"publish","type":"product","link":"https:\/\/lespepitesdemarlotte.com\/index.php\/product\/sac-a-franges-furie\/","title":{"rendered":"Sac \u00e0 franges PASSION"},"content":{"rendered":"<div>\n<p>WOW ! Le sac \u00e0 franges PASSION \u00e0 tout pour plaire \ud83d\ude09<\/p>\n<p>Il s&rsquo;agit d&rsquo;un sac seau en nubuck souple, avec une anse en chaine dor\u00e9e. En cuir de vachette italien, il se ferme par bouton pression aimant\u00e9 et peut se porter \u00e0 l&rsquo;\u00e9paule, en bandouli\u00e8re ou m\u00eame fa\u00e7on pochette, \u00e0 la main.<\/p>\n<p>Le sac \u00e0 franges PASSION poss\u00e8de une petite poche int\u00e9rieure avec une fermeture \u00e0 zip pour compartimenter vos affaires.<\/p>\n<p>&nbsp;<\/p>\n<p>\u2022 Longueur : 20 cm, Hauteur : 22 cm, Profondeur : 20 cm<\/p>\n<p>\u2022 Deux rang\u00e9es de franges \u00e0 l&rsquo;avant du sac<\/p>\n<p>\u2022 Poche int\u00e9rieure plaqu\u00e9e et zipp\u00e9e<\/p>\n<\/div>\n<p>\u2022 Cuir de vachette<\/p>\n<div>\n<p>&nbsp;<\/p>\n<p>Taille unique<\/p>\n<p>Couleurs disponibles : Vert, Camel<\/p>\n<\/div>\n<div>\n<h4><strong>Caract\u00e9ristiques Produit :\u00a0<\/strong><\/h4>\n<\/div>\n<div class=\"product-reference\"><strong><label class=\"label\">Composition :<\/label><\/strong>100% cuir de vachette<\/div>\n<div class=\"product-reference\">Doublure 100% polyester<\/div>\n<div class=\"product-reference\"><strong><label class=\"label\">\u00a0<\/label><\/strong><\/div>\n<div class=\"product-reference\"><strong><label class=\"label\">Pays de cr\u00e9ation :\u00a0<\/label><\/strong><\/div>\n<div>Italy<\/div>\n<div class=\"product-reference\"><strong><label class=\"label\">Made in :<\/label><\/strong><\/div>\n<div class=\"product-reference\">Italy<\/div>\n","protected":false},"excerpt":{"rendered":"<p>WOW ! Le sac \u00e0 franges PASSION \u00e0 tout pour plaire! C&rsquo;est un sac seau en nubuck souple, avec une anse en chaine dor\u00e9e. En cuir de vachette italien, il se ferme par bouton pression aimant\u00e9 et peut se porter \u00e0 l&rsquo;\u00e9paule, en bandouli\u00e8re ou m\u00eame fa\u00e7on pochette, \u00e0 la main. Le sac \u00e0 franges FURIE poss\u00e8de une petite poche int\u00e9rieure pour compartimenter vos affaires.<\/p>\n","protected":false},"featured_media":397,"comment_status":"open","ping_status":"closed","template":"","meta":[],"product_brand":[],"product_cat":[36],"product_tag":[30],"class_list":{"0":"post-364","1":"product","2":"type-product","3":"status-publish","4":"has-post-thumbnail","6":"product_cat-sacs","7":"product_tag-made-in-italy","9":"first","10":"instock","11":"sale","12":"purchasable","13":"product-type-variable"},"aioseo_notices":[],"jetpack_sharing_enabled":true,"_links":{"self":[{"href":"https:\/\/lespepitesdemarlotte.com\/index.php\/wp-json\/wp\/v2\/product\/364","targetHints":{"allow":["GET"]}}],"collection":[{"href":"https:\/\/lespepitesdemarlotte.com\/index.php\/wp-json\/wp\/v2\/product"}],"about":[{"href":"https:\/\/lespepitesdemarlotte.com\/index.php\/wp-json\/wp\/v2\/types\/product"}],"replies":[{"embeddable":true,"href":"https:\/\/lespepitesdemarlotte.com\/index.php\/wp-json\/wp\/v2\/comments?post=364"}],"wp:featuredmedia":[{"embeddable":true,"href":"https:\/\/lespepitesdemarlotte.com\/index.php\/wp-json\/wp\/v2\/media\/397"}],"wp:attachment":[{"href":"https:\/\/lespepitesdemarlotte.com\/index.php\/wp-json\/wp\/v2\/media?parent=364"}],"wp:term":[{"taxonomy":"product_brand","embeddable":true,"href":"https:\/\/lespepitesdemarlotte.com\/index.php\/wp-json\/wp\/v2\/product_brand?post=364"},{"taxonomy":"product_cat","embeddable":true,"href":"https:\/\/lespepitesdemarlotte.com\/index.php\/wp-json\/wp\/v2\/product_cat?post=364"},{"taxonomy":"product_tag","embeddable":true,"href":"https:\/\/lespepitesdemarlotte.com\/index.php\/wp-json\/wp\/v2\/product_tag?post=364"}],"curies":[{"name":"wp","href":"https:\/\/api.w.org\/{rel}","templated":true}]}}