{"id":307,"date":"2024-01-19T16:10:37","date_gmt":"2024-01-19T15:10:37","guid":{"rendered":"https:\/\/lespepitesdemarlotte.com\/?post_type=product&#038;p=307"},"modified":"2025-10-26T14:27:01","modified_gmt":"2025-10-26T13:27:01","slug":"jupe-longue-janialy","status":"publish","type":"product","link":"https:\/\/lespepitesdemarlotte.com\/index.php\/product\/jupe-longue-janialy\/","title":{"rendered":"Jupe longue JANIALY Sauge"},"content":{"rendered":"<div>\n<p>Gros coup de coeur pour cette jolie jupe longue JANIALY Sauge!<\/p>\n<p>La mati\u00e8re de cette jupe est tellement agr\u00e9able ! C&rsquo;est un mod\u00e8le fluide et tr\u00e8s confortable. Elle vous accompagera en toute saison ! Avec des talons pour une tenue tr\u00e8s \u00e9l\u00e9gante et chic, avec des petites bottines \u00e0 l&rsquo;automne, elle est aussi (et surtout!) absolument parfaite avec de simples baskets !<\/p>\n<p>Gr\u00e2ce \u00e0 des smocks dans le dos qui apportent de l&rsquo;aisance, sa taille est ajustable et s&rsquo;adapte \u00e0 vos formes sans vous compresser.\u00a0 Sa longueur (au-dessus de la cheville) et sa coupe \u00e9vas\u00e9e mettent en valeur votre silhouette\u00a0 et votre f\u00e9minit\u00e9 pour vous accompagner au quotidien.<\/p>\n<p>Gr\u00e2ce \u00e0 sa coupe \u00e9vas\u00e9e, elle n&rsquo;entrave pas vos mouvements, elle est d&rsquo;un confort incroyable et donne plus d&rsquo;ampleur \u00e0 chacun de vos pas.<\/p>\n<p>La jupe longue JANIALY : pour un look inoubliable !<\/p>\n<p>\u2022 Jupe longue<\/p>\n<p>\u2022 Coupe \u00e9vas\u00e9e<\/p>\n<p>\u2022 Taille smock\u00e9e dans le dos<\/p>\n<p>&nbsp;<\/p>\n<p>Disponible en taille S, M et L.<\/p>\n<p>Longueur du produit depuis la taille pour la taille S : 92 cm.<\/p>\n<p>Le mannequin porte une taille S.<\/p>\n<p>Couleurs disponibles : Ecru, Bl\u00e9, et Sauge.<\/p>\n<\/div>\n<div>\n<h4><strong>Caract\u00e9ristiques Produit :\u00a0<\/strong><\/h4>\n<\/div>\n<div class=\"product-reference\"><strong><label class=\"label\">Composition :<\/label><\/strong>100% polyester<\/div>\n<div class=\"product-reference\"><strong><label class=\"label\">Entretien :<\/label><\/strong>Lavage \u00e0 la main recommand\u00e9 \/ Blanchiment interdit \/ Temp\u00e9rature maximale de repassage : 110 \u00b0C \/ Nettoyage \u00e0 sec autoris\u00e9 \/ S\u00e9chage en tambour interdit<\/div>\n<div class=\"product-reference\"><strong><label class=\"label\">Pays de cr\u00e9ation :\u00a0<\/label><\/strong><\/div>\n<div>France<\/div>\n<div class=\"product-reference\"><strong><label class=\"label\">Made in :<\/label><\/strong><\/div>\n<div class=\"product-reference\">China<\/div>\n","protected":false},"excerpt":{"rendered":"<p>Gros coup de coeur pour cette jolie jupe longue JANIALY ! Sa mati\u00e8re est tellement agr\u00e9able ! Fluide et tr\u00e8s confortable gr\u00e2ce \u00e0 sa coupe \u00e9vas\u00e9e et sa taille smock\u00e9e dans le dos.<\/p>\n","protected":false},"featured_media":377,"comment_status":"open","ping_status":"closed","template":"","meta":[],"product_brand":[],"product_cat":[23],"product_tag":[31],"class_list":{"0":"post-307","1":"product","2":"type-product","3":"status-publish","4":"has-post-thumbnail","6":"product_cat-jupes-shorts","7":"product_tag-design-francais","9":"first","10":"instock","11":"sale","12":"purchasable","13":"product-type-variable"},"aioseo_notices":[],"jetpack_sharing_enabled":true,"_links":{"self":[{"href":"https:\/\/lespepitesdemarlotte.com\/index.php\/wp-json\/wp\/v2\/product\/307","targetHints":{"allow":["GET"]}}],"collection":[{"href":"https:\/\/lespepitesdemarlotte.com\/index.php\/wp-json\/wp\/v2\/product"}],"about":[{"href":"https:\/\/lespepitesdemarlotte.com\/index.php\/wp-json\/wp\/v2\/types\/product"}],"replies":[{"embeddable":true,"href":"https:\/\/lespepitesdemarlotte.com\/index.php\/wp-json\/wp\/v2\/comments?post=307"}],"wp:featuredmedia":[{"embeddable":true,"href":"https:\/\/lespepitesdemarlotte.com\/index.php\/wp-json\/wp\/v2\/media\/377"}],"wp:attachment":[{"href":"https:\/\/lespepitesdemarlotte.com\/index.php\/wp-json\/wp\/v2\/media?parent=307"}],"wp:term":[{"taxonomy":"product_brand","embeddable":true,"href":"https:\/\/lespepitesdemarlotte.com\/index.php\/wp-json\/wp\/v2\/product_brand?post=307"},{"taxonomy":"product_cat","embeddable":true,"href":"https:\/\/lespepitesdemarlotte.com\/index.php\/wp-json\/wp\/v2\/product_cat?post=307"},{"taxonomy":"product_tag","embeddable":true,"href":"https:\/\/lespepitesdemarlotte.com\/index.php\/wp-json\/wp\/v2\/product_tag?post=307"}],"curies":[{"name":"wp","href":"https:\/\/api.w.org\/{rel}","templated":true}]}}