{"id":278,"date":"2024-01-19T14:39:09","date_gmt":"2024-01-19T13:39:09","guid":{"rendered":"https:\/\/lespepitesdemarlotte.com\/?post_type=product&#038;p=278"},"modified":"2026-03-29T19:55:35","modified_gmt":"2026-03-29T17:55:35","slug":"top-kloane-noir","status":"publish","type":"product","link":"https:\/\/lespepitesdemarlotte.com\/index.php\/product\/top-kloane-noir\/","title":{"rendered":"Top KLOANE noir"},"content":{"rendered":"<div>\n<p>L\u00e9ger et fluide, le top KLOANE noir est parfait avec un pantalon droit, un jean, une jupe. Le drap\u00e9 au niveau de l&rsquo;encolure am\u00e9ricaine apporte davantage de fluidit\u00e9 \u00e0 ce joli d\u00e9bardeur qui vous sublimera \u00e9t\u00e9 comme hiver. Une pi\u00e8ce l\u00e9g\u00e8re\u00a0 et ind\u00e9modable \u00e0 adopter en urgence.<\/p>\n<ul>\n<li>Tissu fluide<\/li>\n<li>Coupe droite<\/li>\n<li>Longueur bassin<\/li>\n<li>Encolure ras de cou attach\u00e9e \u00e0 la nuque par deux boutons ton sur ton<\/li>\n<li>Goutte dans le dos<\/li>\n<li>Sans manches<\/li>\n<li>Finitions surpiqu\u00e9es<\/li>\n<\/ul>\n<p>Disponible en taille S, M, et L.<br \/>\nLongueur du produit depuis l&rsquo;\u00e9paule pour la taille S : 61 cm.<\/p>\n<p>Le mannequin porte une taille S.<\/p>\n<\/div>\n<div>\n<h4><strong>Caract\u00e9ristiques Produit :\u00a0<\/strong><\/h4>\n<\/div>\n<div class=\"product-reference\"><strong><label class=\"label\">Composition :<\/label><\/strong>\u00a088% viscose 12% polyamide<\/div>\n<div class=\"product-reference\"><strong><label class=\"label\">Entretien :<\/label><\/strong>\u00a0Lavage \u00e0 la main recommand\u00e9 \/ Blanchiment interdit \/ Temp\u00e9rature maximale de repassage : 110 \u00b0C \/ Nettoyage \u00e0 sec autoris\u00e9 \/ S\u00e9chage en tambour interdit<\/div>\n<div class=\"product-reference\"><strong><label class=\"label\">Pays de cr\u00e9ation :\u00a0<\/label><\/strong><\/div>\n<div>France<\/div>\n<div class=\"product-reference\"><strong><label class=\"label\">Made in :<\/label><\/strong><\/div>\n<div class=\"product-reference\">Tunisia<\/div>\n","protected":false},"excerpt":{"rendered":"<p>Top KLOANE noir l\u00e9ger et fluide avec un beau drap\u00e9 au niveau de l&rsquo;encolure. Ce joli d\u00e9bardeur qui vous sublimera \u00e9t\u00e9 comme hiver.<\/p>\n","protected":false},"featured_media":323,"comment_status":"open","ping_status":"closed","template":"","meta":[],"product_brand":[],"product_cat":[20],"product_tag":[31],"class_list":{"0":"post-278","1":"product","2":"type-product","3":"status-publish","4":"has-post-thumbnail","6":"product_cat-tops","7":"product_tag-design-francais","9":"first","10":"instock","11":"sale","12":"purchasable","13":"product-type-variable"},"aioseo_notices":[],"jetpack_sharing_enabled":true,"_links":{"self":[{"href":"https:\/\/lespepitesdemarlotte.com\/index.php\/wp-json\/wp\/v2\/product\/278","targetHints":{"allow":["GET"]}}],"collection":[{"href":"https:\/\/lespepitesdemarlotte.com\/index.php\/wp-json\/wp\/v2\/product"}],"about":[{"href":"https:\/\/lespepitesdemarlotte.com\/index.php\/wp-json\/wp\/v2\/types\/product"}],"replies":[{"embeddable":true,"href":"https:\/\/lespepitesdemarlotte.com\/index.php\/wp-json\/wp\/v2\/comments?post=278"}],"wp:featuredmedia":[{"embeddable":true,"href":"https:\/\/lespepitesdemarlotte.com\/index.php\/wp-json\/wp\/v2\/media\/323"}],"wp:attachment":[{"href":"https:\/\/lespepitesdemarlotte.com\/index.php\/wp-json\/wp\/v2\/media?parent=278"}],"wp:term":[{"taxonomy":"product_brand","embeddable":true,"href":"https:\/\/lespepitesdemarlotte.com\/index.php\/wp-json\/wp\/v2\/product_brand?post=278"},{"taxonomy":"product_cat","embeddable":true,"href":"https:\/\/lespepitesdemarlotte.com\/index.php\/wp-json\/wp\/v2\/product_cat?post=278"},{"taxonomy":"product_tag","embeddable":true,"href":"https:\/\/lespepitesdemarlotte.com\/index.php\/wp-json\/wp\/v2\/product_tag?post=278"}],"curies":[{"name":"wp","href":"https:\/\/api.w.org\/{rel}","templated":true}]}}