{"id":239,"date":"2024-01-16T14:59:02","date_gmt":"2024-01-16T13:59:02","guid":{"rendered":"https:\/\/lespepitesdemarlotte.com\/?post_type=product&#038;p=239"},"modified":"2025-10-26T14:28:51","modified_gmt":"2025-10-26T13:28:51","slug":"veste-matelassee-charlie","status":"publish","type":"product","link":"https:\/\/lespepitesdemarlotte.com\/index.php\/product\/veste-matelassee-charlie\/","title":{"rendered":"Veste matelass\u00e9e CHARLIE"},"content":{"rendered":"<div>\n<p>La veste matelass\u00e9e CHARLIE vous tiendra bien chaud pendant la mi-saison.<\/p>\n<p>Avec sa coupe kimono droite et large, et son motif hypnothisant bleu sur fond \u00e9cru, vous vous d\u00e9marquerez avec originalit\u00e9 et style.<\/p>\n<p>Que ce soit pour le printemps ou l&rsquo;automne, elle vous prot\u00e8gera de la fraicheur tout en vous donnant un c\u00f4t\u00e9 d\u00e9contract\u00e9, original est styl\u00e9 gr\u00e2ce \u00e0 sa coupe large et carr\u00e9e.<\/p>\n<ul>\n<li>Veste matelass\u00e9e<\/li>\n<li>Enti\u00e8rement doubl\u00e9e<\/li>\n<li>Deux poches \u00e0 l&rsquo;avant<\/li>\n<li>Motif original Bleu, Ecru et Marron<\/li>\n<\/ul>\n<p>Disponible en taille unique.<\/p>\n<p>NB : id\u00e9ale pour une fille mesurant plus d&rsquo;1m65 \ud83d\ude09<\/p>\n<h4><strong>Caract\u00e9ristiques Produit :\u00a0<\/strong><\/h4>\n<\/div>\n<div class=\"product-reference\"><strong><label class=\"label\">Composition :<\/label><\/strong>Ext\u00e9rieur 100% polyester, Garnissage 100% viscose<\/div>\n<div class=\"product-reference\"><strong><label class=\"label\">Entretien :<\/label><\/strong>Lavage \u00e0 la machine \u00e0 30\u00b0 maximum \/ Blanchiment interdit \/ Repasser sur l&rsquo;endroit \/ Laver avec des coloris similaires \/ Nettoyage \u00e0 sec autoris\u00e9 \/ S\u00e9chage en tambour interdit<\/div>\n<div class=\"product-reference\"><strong><label class=\"label\">Pays de cr\u00e9ation :\u00a0<\/label><\/strong><\/div>\n<div>Italie<\/div>\n<div class=\"product-reference\"><strong><label class=\"label\">Made in :<\/label><\/strong><\/div>\n<div class=\"product-reference\">Italie<\/div>\n","protected":false},"excerpt":{"rendered":"<p>La veste matelass\u00e9e CHARLIE vous tiendra bien chaud pendant la mi-saison. Avec sa coupe droite et large, et son motif hypnothisant, vous vous d\u00e9marquerez avec originalit\u00e9 et style, tout en restant au chaud!<\/p>\n","protected":false},"featured_media":303,"comment_status":"open","ping_status":"closed","template":"","meta":[],"product_brand":[],"product_cat":[35],"product_tag":[30],"class_list":{"0":"post-239","1":"product","2":"type-product","3":"status-publish","4":"has-post-thumbnail","6":"product_cat-vestes","7":"product_tag-made-in-italy","9":"first","10":"instock","11":"sale","12":"purchasable","13":"product-type-simple"},"aioseo_notices":[],"jetpack_sharing_enabled":true,"_links":{"self":[{"href":"https:\/\/lespepitesdemarlotte.com\/index.php\/wp-json\/wp\/v2\/product\/239","targetHints":{"allow":["GET"]}}],"collection":[{"href":"https:\/\/lespepitesdemarlotte.com\/index.php\/wp-json\/wp\/v2\/product"}],"about":[{"href":"https:\/\/lespepitesdemarlotte.com\/index.php\/wp-json\/wp\/v2\/types\/product"}],"replies":[{"embeddable":true,"href":"https:\/\/lespepitesdemarlotte.com\/index.php\/wp-json\/wp\/v2\/comments?post=239"}],"wp:featuredmedia":[{"embeddable":true,"href":"https:\/\/lespepitesdemarlotte.com\/index.php\/wp-json\/wp\/v2\/media\/303"}],"wp:attachment":[{"href":"https:\/\/lespepitesdemarlotte.com\/index.php\/wp-json\/wp\/v2\/media?parent=239"}],"wp:term":[{"taxonomy":"product_brand","embeddable":true,"href":"https:\/\/lespepitesdemarlotte.com\/index.php\/wp-json\/wp\/v2\/product_brand?post=239"},{"taxonomy":"product_cat","embeddable":true,"href":"https:\/\/lespepitesdemarlotte.com\/index.php\/wp-json\/wp\/v2\/product_cat?post=239"},{"taxonomy":"product_tag","embeddable":true,"href":"https:\/\/lespepitesdemarlotte.com\/index.php\/wp-json\/wp\/v2\/product_tag?post=239"}],"curies":[{"name":"wp","href":"https:\/\/api.w.org\/{rel}","templated":true}]}}