{"id":2324,"date":"2025-06-12T11:37:23","date_gmt":"2025-06-12T09:37:23","guid":{"rendered":"https:\/\/lespepitesdemarlotte.com\/?post_type=product&#038;p=2324"},"modified":"2025-08-17T12:43:14","modified_gmt":"2025-08-17T10:43:14","slug":"chemise-caraibes-noir","status":"publish","type":"product","link":"https:\/\/lespepitesdemarlotte.com\/index.php\/product\/chemise-caraibes-noir\/","title":{"rendered":"Chemise CARAIBES noir"},"content":{"rendered":"<div>\n<p data-end=\"513\" data-start=\"110\">La chemise CARAIBES noir, l&rsquo;indispensable de votre gare-robe ! Une chemise ample, l\u00e9g\u00e8re, ultra agr\u00e9able \u00e0 porter, qui matche avec tout votre dressing. Son secret ? Une coupe fluide,des manches courtes \u00ab\u00a0chauve-souris\u00a0\u00bb qui apportent aisance et l\u00e9g\u00e8ret\u00e9, une mati\u00e8re respirante et des couleurs vibrantes pour suivre toutes vos envies. \u00c0 nouer, \u00e0 rentrer dans un short ou \u00e0 porter ouverte sur un maillot\u2026 Elle s\u2019adapte \u00e0 votre humeur et \u00e0 votre programme, du matin jusqu&rsquo;au soir.<\/p>\n<p data-end=\"513\" data-start=\"110\">&#8211; Chemise 100% viscose<br \/>\n&#8211; Coupe ample et fluide<br \/>\n&#8211; Boutons coordonn\u00e9s<br \/>\n&#8211; Manches courtes chauve-souris<\/p>\n<p>Disponible en S, M et L.<\/p>\n<p>Le mannequin mesure 1m73 et porte une taille S.<\/p>\n<p>Mesures de la chemise pour une taille S :<br \/>\n&#8211; Longueur : 60cm depuis l&rsquo;\u00e9paule<\/p>\n<p>Comptez 1,5cm de plus en longueur entre chaque taille et 7cm en plus pour les tours de poitrine\/taille\/bassin.<\/p>\n<\/div>\n<div>\n<h4><strong>Caract\u00e9ristiques Produit :\u00a0<\/strong><\/h4>\n<\/div>\n<div class=\"product-reference\">\n<p><strong><label class=\"label\">Composition :<\/label><\/strong><\/p>\n<div class=\"product-single__description rte\">\n<p>100% viscose<\/p>\n<\/div>\n<div class=\"collapsibles-wrapper collapsibles-wrapper--border-bottom\"><span style=\"font-size: 14px; font-weight: 600;\">Entretien :<\/span><\/div>\n<\/div>\n<div class=\"product-reference\">Lavage en machine possible \u00e0 30\u00b0 max \/ Laver avec des couleurs similaires \/ Blanchiment interdit \/ Laver et repasser sur l&rsquo;envers \/ Nettoyage \u00e0 sec autoris\u00e9 \/ S\u00e9chage en tambour interdit.<\/div>\n<div><\/div>\n<div class=\"product-reference\"><strong><label class=\"label\">Pays de cr\u00e9ation :\u00a0<\/label><\/strong><\/div>\n<div>France<\/div>\n","protected":false},"excerpt":{"rendered":"<p>La chemise CARAIBES noir, l&rsquo;indispensable de votre gare-robe ! Une chemise ample, l\u00e9g\u00e8re, ultra agr\u00e9able \u00e0 porter, qui matche avec tout votre dressing. Son secret ? Une coupe fluide,des manches courtes \u00ab\u00a0chauve-souris\u00a0\u00bb qui apportent aisance et l\u00e9g\u00e8ret\u00e9, une mati\u00e8re respirante et des couleurs vibrantes pour suivre toutes vos envies. \u00c0 nouer, \u00e0 rentrer dans un short ou \u00e0 porter ouverte sur un maillot\u2026 Elle s\u2019adapte \u00e0 votre humeur et \u00e0 votre programme, du matin jusqu&rsquo;au soir.<\/p>\n","protected":false},"featured_media":2407,"comment_status":"open","ping_status":"closed","template":"","meta":[],"product_brand":[],"product_cat":[21,57],"product_tag":[31],"class_list":{"0":"post-2324","1":"product","2":"type-product","3":"status-publish","4":"has-post-thumbnail","6":"product_cat-chemises-blouses","7":"product_cat-summer-2025","8":"product_tag-design-francais","10":"first","11":"instock","12":"sale","13":"purchasable","14":"product-type-variable"},"aioseo_notices":[],"jetpack_sharing_enabled":true,"_links":{"self":[{"href":"https:\/\/lespepitesdemarlotte.com\/index.php\/wp-json\/wp\/v2\/product\/2324","targetHints":{"allow":["GET"]}}],"collection":[{"href":"https:\/\/lespepitesdemarlotte.com\/index.php\/wp-json\/wp\/v2\/product"}],"about":[{"href":"https:\/\/lespepitesdemarlotte.com\/index.php\/wp-json\/wp\/v2\/types\/product"}],"replies":[{"embeddable":true,"href":"https:\/\/lespepitesdemarlotte.com\/index.php\/wp-json\/wp\/v2\/comments?post=2324"}],"wp:featuredmedia":[{"embeddable":true,"href":"https:\/\/lespepitesdemarlotte.com\/index.php\/wp-json\/wp\/v2\/media\/2407"}],"wp:attachment":[{"href":"https:\/\/lespepitesdemarlotte.com\/index.php\/wp-json\/wp\/v2\/media?parent=2324"}],"wp:term":[{"taxonomy":"product_brand","embeddable":true,"href":"https:\/\/lespepitesdemarlotte.com\/index.php\/wp-json\/wp\/v2\/product_brand?post=2324"},{"taxonomy":"product_cat","embeddable":true,"href":"https:\/\/lespepitesdemarlotte.com\/index.php\/wp-json\/wp\/v2\/product_cat?post=2324"},{"taxonomy":"product_tag","embeddable":true,"href":"https:\/\/lespepitesdemarlotte.com\/index.php\/wp-json\/wp\/v2\/product_tag?post=2324"}],"curies":[{"name":"wp","href":"https:\/\/api.w.org\/{rel}","templated":true}]}}