{"id":2313,"date":"2025-06-12T11:22:49","date_gmt":"2025-06-12T09:22:49","guid":{"rendered":"https:\/\/lespepitesdemarlotte.com\/?post_type=product&#038;p=2313"},"modified":"2026-04-10T10:04:47","modified_gmt":"2026-04-10T08:04:47","slug":"short-symon-bleu","status":"publish","type":"product","link":"https:\/\/lespepitesdemarlotte.com\/index.php\/product\/short-symon-bleu\/","title":{"rendered":"Short SYMON Bleu"},"content":{"rendered":"<div>\n<p>Le short SYMON Bleu est ultra confort, avec ses larges rayures, sa taille \u00e9lastiqu\u00e9e, son cordon \u00e0 nouer, et son tissu jersey gaufr\u00e9 ultra agr\u00e9able : il coche toutes les cases du meilleur alli\u00e9 de l\u2019\u00e9t\u00e9. Sa coupe droite apporte juste ce qu\u2019il faut de structure pour \u00e9viter le trop casual : parfait pour tra\u00eener, marcher, bouger, bronzer. \u00c0 porter en total look avec le top TOMETTE bleu et le t-shirt sweat NEILA bleu, ou \u00e0 twister avec un t-shirt uni.<\/p>\n<p>&#8211; Short ray\u00e9 en tissu gaufr\u00e9<br \/>\n&#8211; Ceinture \u00e9lastiqu\u00e9e avec lien<br \/>\n&#8211; Boutons blancs \u00e0 l&rsquo;avant<br \/>\n&#8211; Poches italiennes<\/p>\n<p>Disponible du 34 au 40.<\/p>\n<p>Le mannequin mesure 1m73 et porte une taille 36, associ\u00e9 au top TOMETTE et au t-shirt sweat NEILA assortis.<\/p>\n<p>Mesures du Short pour une taille 36 :<br \/>\n&#8211; Longueur : 38cm depuis la taille &#8211; Tour de taille : 72cm<br \/>\n&#8211; Tour de bassin : 100cm<br \/>\n&#8211; Tour de cuisse : 65cm<br \/>\nComptez 1cm de plus en longueur entre chaque taille et 5cm en plus pour les tours de poitrine\/taille\/bassin.<\/p>\n<h4><strong>Caract\u00e9ristiques Produit :\u00a0<\/strong><\/h4>\n<\/div>\n<div class=\"product-reference\"><strong><label class=\"label\">Composition :<\/label><\/strong>73% Polyester 25% Rayon 2% \u00c9lasthanne<\/div>\n<div class=\"product-reference\"><strong><label class=\"label\">Entretien :<\/label><\/strong>Lavage en machine 30\u00b0 maximum \/ Blanchiment interdit \/ Temp\u00e9rature maximale de repassage : 110 \u00b0C \/ Nettoyage \u00e0 sec autoris\u00e9 \/ S\u00e9chage en tambour interdit \/ Laver et repasser sur l&rsquo;envers<\/div>\n<div class=\"product-reference\"><strong><label class=\"label\">Pays de cr\u00e9ation :\u00a0<\/label><\/strong><\/div>\n<div>France<\/div>\n","protected":false},"excerpt":{"rendered":"<p>Le short SYMON Bleu est ultra confort, avec ses larges rayures, sa taille \u00e9lastiqu\u00e9e, son cordon \u00e0 nouer, et son tissu jersey gaufr\u00e9 ultra agr\u00e9able : il coche toutes les cases du meilleur alli\u00e9 de l\u2019\u00e9t\u00e9. Sa coupe droite apporte juste ce qu\u2019il faut de structure pour \u00e9viter le trop casual : parfait pour tra\u00eener, marcher, bouger, bronzer. \u00c0 porter en total look avec le top TOMETTE bleu et le t-shirt sweat NEILA bleu, ou \u00e0 twister avec un t-shirt uni.<\/p>\n","protected":false},"featured_media":2366,"comment_status":"open","ping_status":"closed","template":"","meta":[],"product_brand":[],"product_cat":[44,23,57],"product_tag":[31],"class_list":{"0":"post-2313","1":"product","2":"type-product","3":"status-publish","4":"has-post-thumbnail","6":"product_cat-ensembles","7":"product_cat-jupes-shorts","8":"product_cat-summer-2025","9":"product_tag-design-francais","11":"first","12":"instock","13":"sale","14":"purchasable","15":"product-type-variable"},"aioseo_notices":[],"jetpack_sharing_enabled":true,"_links":{"self":[{"href":"https:\/\/lespepitesdemarlotte.com\/index.php\/wp-json\/wp\/v2\/product\/2313","targetHints":{"allow":["GET"]}}],"collection":[{"href":"https:\/\/lespepitesdemarlotte.com\/index.php\/wp-json\/wp\/v2\/product"}],"about":[{"href":"https:\/\/lespepitesdemarlotte.com\/index.php\/wp-json\/wp\/v2\/types\/product"}],"replies":[{"embeddable":true,"href":"https:\/\/lespepitesdemarlotte.com\/index.php\/wp-json\/wp\/v2\/comments?post=2313"}],"wp:featuredmedia":[{"embeddable":true,"href":"https:\/\/lespepitesdemarlotte.com\/index.php\/wp-json\/wp\/v2\/media\/2366"}],"wp:attachment":[{"href":"https:\/\/lespepitesdemarlotte.com\/index.php\/wp-json\/wp\/v2\/media?parent=2313"}],"wp:term":[{"taxonomy":"product_brand","embeddable":true,"href":"https:\/\/lespepitesdemarlotte.com\/index.php\/wp-json\/wp\/v2\/product_brand?post=2313"},{"taxonomy":"product_cat","embeddable":true,"href":"https:\/\/lespepitesdemarlotte.com\/index.php\/wp-json\/wp\/v2\/product_cat?post=2313"},{"taxonomy":"product_tag","embeddable":true,"href":"https:\/\/lespepitesdemarlotte.com\/index.php\/wp-json\/wp\/v2\/product_tag?post=2313"}],"curies":[{"name":"wp","href":"https:\/\/api.w.org\/{rel}","templated":true}]}}