{"id":231,"date":"2024-01-16T09:56:02","date_gmt":"2024-01-16T08:56:02","guid":{"rendered":"https:\/\/lespepitesdemarlotte.com\/?post_type=product&#038;p=231"},"modified":"2025-10-26T14:30:44","modified_gmt":"2025-10-26T13:30:44","slug":"chemise-en-velours-marcel","status":"publish","type":"product","link":"https:\/\/lespepitesdemarlotte.com\/index.php\/product\/chemise-en-velours-marcel\/","title":{"rendered":"Chemise en velours MARCEL"},"content":{"rendered":"<div>\n<p>La chemise en velours MARCEL est parfaite pour la mi-saison.<\/p>\n<p>Que ce soit pour le printemps ou l&rsquo;automne, elle vous prot\u00e8gera des petites fraicheurs tout en vous donnant un c\u00f4t\u00e9 d\u00e9contract\u00e9 et styl\u00e9 gr\u00e2ce \u00e0 sa coupe large et ses jolis boutons contrastants.<\/p>\n<p>A porter comme une chemise classique, ou en sur-chemise, au gr\u00e9 de vos envies.<\/p>\n<ul>\n<li>Chemise \u00e0 manches longues<\/li>\n<li>Velours c\u00f4tel\u00e9 fluide<\/li>\n<li>Fermeture boutonn\u00e9e<\/li>\n<li>Boutons aux poignets<\/li>\n<\/ul>\n<p>Disponible en taille unique.<\/p>\n<p>Couleurs disponibles : Terracotta, Kaki, Beige.<\/p>\n<h4><strong>Caract\u00e9ristiques Produit :\u00a0<\/strong><\/h4>\n<\/div>\n<div class=\"product-reference\"><strong><label class=\"label\">Composition :<\/label><\/strong>85% polyester, 30% nylon, 5% elasthanne<\/div>\n<div class=\"product-reference\"><strong><label class=\"label\">Entretien :<\/label><\/strong>\u00a0Lavage \u00e0 la machine \u00e0 30\u00b0 maximum \/ Blanchiment interdit \/ Repasser sur l&rsquo;envers \/ Laver avec des coloris similaires \/ Nettoyage \u00e0 sec autoris\u00e9 \/ S\u00e9chage en tambour interdit<\/div>\n<div class=\"product-reference\"><strong><label class=\"label\">Pays de cr\u00e9ation :\u00a0<\/label><\/strong><\/div>\n<div>Italie<\/div>\n<div class=\"product-reference\"><strong><label class=\"label\">Made in :<\/label><\/strong><\/div>\n<div class=\"product-reference\">Italie<\/div>\n","protected":false},"excerpt":{"rendered":"<p>La chemise en velours MARCEL est parfaite pour la mi-saison. Elle vous prot\u00e8gera des petites fraicheurs tout en vous donnant un c\u00f4t\u00e9 d\u00e9contract\u00e9 et styl\u00e9 gr\u00e2ce \u00e0 sa coupe large et ses jolis boutons contrastants.<\/p>\n","protected":false},"featured_media":275,"comment_status":"open","ping_status":"closed","template":"","meta":[],"product_brand":[],"product_cat":[21],"product_tag":[30],"class_list":{"0":"post-231","1":"product","2":"type-product","3":"status-publish","4":"has-post-thumbnail","6":"product_cat-chemises-blouses","7":"product_tag-made-in-italy","9":"first","10":"instock","11":"sale","12":"purchasable","13":"product-type-simple"},"aioseo_notices":[],"jetpack_sharing_enabled":true,"_links":{"self":[{"href":"https:\/\/lespepitesdemarlotte.com\/index.php\/wp-json\/wp\/v2\/product\/231","targetHints":{"allow":["GET"]}}],"collection":[{"href":"https:\/\/lespepitesdemarlotte.com\/index.php\/wp-json\/wp\/v2\/product"}],"about":[{"href":"https:\/\/lespepitesdemarlotte.com\/index.php\/wp-json\/wp\/v2\/types\/product"}],"replies":[{"embeddable":true,"href":"https:\/\/lespepitesdemarlotte.com\/index.php\/wp-json\/wp\/v2\/comments?post=231"}],"wp:featuredmedia":[{"embeddable":true,"href":"https:\/\/lespepitesdemarlotte.com\/index.php\/wp-json\/wp\/v2\/media\/275"}],"wp:attachment":[{"href":"https:\/\/lespepitesdemarlotte.com\/index.php\/wp-json\/wp\/v2\/media?parent=231"}],"wp:term":[{"taxonomy":"product_brand","embeddable":true,"href":"https:\/\/lespepitesdemarlotte.com\/index.php\/wp-json\/wp\/v2\/product_brand?post=231"},{"taxonomy":"product_cat","embeddable":true,"href":"https:\/\/lespepitesdemarlotte.com\/index.php\/wp-json\/wp\/v2\/product_cat?post=231"},{"taxonomy":"product_tag","embeddable":true,"href":"https:\/\/lespepitesdemarlotte.com\/index.php\/wp-json\/wp\/v2\/product_tag?post=231"}],"curies":[{"name":"wp","href":"https:\/\/api.w.org\/{rel}","templated":true}]}}