{"id":2302,"date":"2025-06-12T11:08:38","date_gmt":"2025-06-12T09:08:38","guid":{"rendered":"https:\/\/lespepitesdemarlotte.com\/?post_type=product&#038;p=2302"},"modified":"2025-08-17T12:47:25","modified_gmt":"2025-08-17T10:47:25","slug":"t-shirt-sweat-neila-lime","status":"publish","type":"product","link":"https:\/\/lespepitesdemarlotte.com\/index.php\/product\/t-shirt-sweat-neila-lime\/","title":{"rendered":"T-shirt Sweat NEILA Lime"},"content":{"rendered":"<div>\n<p>Le t-shirt sweat NEILA lime revisite le basique en version plus graphique, plus visuelle. Avec son tissu jersey gaufr\u00e9 textur\u00e9 dans une coupe chill, ce sweat \u00e0 manches coudes, aux rayures larges et aux coloris punchy, apporte ce qu\u2019il faut de tenue \u00e0 une silhouette casual, sans rien sacrifier au confort. Une d\u00e9gaine affirm\u00e9e et super cool, \u00e0 porter en total look avec le short SYMON lime et le top TOMETTE lime.<\/p>\n<p>&#8211; Sweat crop ample<br \/>\n&#8211; Tissu gaufr\u00e9<br \/>\n&#8211; Col rond<br \/>\n&#8211; Manches coudes<\/p>\n<p>Disponible en S et M.<\/p>\n<p>Le mannequin mesure 1m73 et porte une taille S, associ\u00e9 au short SYMON et au top TOMETTE assortis.<\/p>\n<p>Mesures du Sweat pour une taille S :<br \/>\n&#8211; Longueur : 44cm depuis l&rsquo;\u00e9paule<br \/>\n&#8211; Tour de poitrine : 102cm<br \/>\nComptez 1,5cm de plus en longueur entre chaque taille et 7cm en plus pour les tours de poitrine\/taille\/bassin.<\/p>\n<h4><strong>Caract\u00e9ristiques Produit :\u00a0<\/strong><\/h4>\n<\/div>\n<div class=\"product-reference\"><strong><label class=\"label\">Composition :<\/label><\/strong>73% Polyester 25% Rayon 2% \u00c9lasthanne<\/div>\n<div class=\"product-reference\"><strong><label class=\"label\">Entretien :<\/label><\/strong>Lavage en machine 30\u00b0 maximum \/ Blanchiment interdit \/ Temp\u00e9rature maximale de repassage : 110 \u00b0C \/ Nettoyage \u00e0 sec autoris\u00e9 \/ S\u00e9chage en tambour interdit \/ Laver et repasser sur l&rsquo;envers<\/div>\n<div class=\"product-reference\"><strong><label class=\"label\">Pays de cr\u00e9ation :\u00a0<\/label><\/strong><\/div>\n<div>France<\/div>\n","protected":false},"excerpt":{"rendered":"<p>Le t-shirt sweat NEILA lime revisite le basique en version plus graphique, plus visuelle. Avec son tissu jersey gaufr\u00e9 textur\u00e9 dans une coupe chill, ce sweat \u00e0 manches coudes, aux rayures larges et aux coloris punchy, apporte ce qu\u2019il faut de tenue \u00e0 une silhouette casual, sans rien sacrifier au confort. Une d\u00e9gaine affirm\u00e9e et super cool, \u00e0 porter en total look avec le short SYMON lime et le top TOMETTE lime.<\/p>\n","protected":false},"featured_media":2394,"comment_status":"open","ping_status":"closed","template":"","meta":[],"product_brand":[],"product_cat":[44,57,20],"product_tag":[31],"class_list":{"0":"post-2302","1":"product","2":"type-product","3":"status-publish","4":"has-post-thumbnail","6":"product_cat-ensembles","7":"product_cat-summer-2025","8":"product_cat-tops","9":"product_tag-design-francais","11":"first","12":"instock","13":"sale","14":"purchasable","15":"product-type-variable"},"aioseo_notices":[],"jetpack_sharing_enabled":true,"_links":{"self":[{"href":"https:\/\/lespepitesdemarlotte.com\/index.php\/wp-json\/wp\/v2\/product\/2302","targetHints":{"allow":["GET"]}}],"collection":[{"href":"https:\/\/lespepitesdemarlotte.com\/index.php\/wp-json\/wp\/v2\/product"}],"about":[{"href":"https:\/\/lespepitesdemarlotte.com\/index.php\/wp-json\/wp\/v2\/types\/product"}],"replies":[{"embeddable":true,"href":"https:\/\/lespepitesdemarlotte.com\/index.php\/wp-json\/wp\/v2\/comments?post=2302"}],"wp:featuredmedia":[{"embeddable":true,"href":"https:\/\/lespepitesdemarlotte.com\/index.php\/wp-json\/wp\/v2\/media\/2394"}],"wp:attachment":[{"href":"https:\/\/lespepitesdemarlotte.com\/index.php\/wp-json\/wp\/v2\/media?parent=2302"}],"wp:term":[{"taxonomy":"product_brand","embeddable":true,"href":"https:\/\/lespepitesdemarlotte.com\/index.php\/wp-json\/wp\/v2\/product_brand?post=2302"},{"taxonomy":"product_cat","embeddable":true,"href":"https:\/\/lespepitesdemarlotte.com\/index.php\/wp-json\/wp\/v2\/product_cat?post=2302"},{"taxonomy":"product_tag","embeddable":true,"href":"https:\/\/lespepitesdemarlotte.com\/index.php\/wp-json\/wp\/v2\/product_tag?post=2302"}],"curies":[{"name":"wp","href":"https:\/\/api.w.org\/{rel}","templated":true}]}}