{"id":2292,"date":"2025-06-12T10:58:07","date_gmt":"2025-06-12T08:58:07","guid":{"rendered":"https:\/\/lespepitesdemarlotte.com\/?post_type=product&#038;p=2292"},"modified":"2026-04-10T10:04:47","modified_gmt":"2026-04-10T08:04:47","slug":"top-tomette-bleu","status":"publish","type":"product","link":"https:\/\/lespepitesdemarlotte.com\/index.php\/product\/top-tomette-bleu\/","title":{"rendered":"Top TOMETTE Bleu"},"content":{"rendered":"<div>\n<p>Voici le top TOMETTE Bleu : une pi\u00e8ce ultra visuelle, tr\u00e8s mode, tellement estivale. Mati\u00e8re textur\u00e9e en jersey gauffr\u00e9 stretch \u00e0 la fois doux et galbant, coupe courte et rayures sport : le combo parfait pour un top qui signe le look \u00e0 lui seul. Il revisite les codes du sportswear avec une belle touche de f\u00e9minit\u00e9. Encolure d\u00e9gag\u00e9e, coupe pr\u00e8s du corps mais souple, et longueur juste au-dessus de la taille. Un top au confort absolu et \u00e0 la d\u00e9gaine affirm\u00e9e, \u00e0 porter en total look avec le short SYMON bleu et le sweat NEILA bleu.<\/p>\n<p>&#8211; Crop top brassi\u00e8re<br \/>\n&#8211; Tissu gaufr\u00e9<br \/>\n&#8211; Encolure U<\/p>\n<p>Disponible du XS au L.<\/p>\n<p>Le mannequin mesure 1m73 et porte une taille S, associ\u00e9 au short SYMON et au sweat NEILA assortis.<\/p>\n<p>Mesures du Top pour une taille S :<br \/>\n&#8211; Longueur : 40cm depuis l&rsquo;\u00e9paule<br \/>\nComptez 1cm de plus en longueur entre chaque taille et 5cm en plus pour les tours de poitrine\/taille\/bassin.<\/p>\n<h4><strong>Caract\u00e9ristiques Produit :\u00a0<\/strong><\/h4>\n<\/div>\n<div class=\"product-reference\"><strong><label class=\"label\">Composition :<\/label><\/strong>73% Polyester 25% Rayon 2% \u00c9lasthanne<\/div>\n<div class=\"product-reference\"><strong><label class=\"label\">Entretien :<\/label><\/strong>Lavage en machine 30\u00b0 maximum \/ Blanchiment interdit \/ Temp\u00e9rature maximale de repassage : 110 \u00b0C \/ Nettoyage \u00e0 sec autoris\u00e9 \/ S\u00e9chage en tambour interdit \/ Laver et repasser sur l&rsquo;envers<\/div>\n<div class=\"product-reference\"><strong><label class=\"label\">Pays de cr\u00e9ation :\u00a0<\/label><\/strong><\/div>\n<div>France<\/div>\n","protected":false},"excerpt":{"rendered":"<p>Voici le top TOMETTE Bleu : une pi\u00e8ce ultra visuelle, tr\u00e8s mode, tellement estivale. Mati\u00e8re textur\u00e9e en jersey gauffr\u00e9 stretch \u00e0 la fois doux et galbant, coupe courte et rayures sport : le combo parfait pour un top qui signe le look \u00e0 lui seul.Un top au confort absolu et \u00e0 la d\u00e9gaine affirm\u00e9e, \u00e0 porter en total look avec le short SYMON bleu et le sweat NEILA bleu.<\/p>\n","protected":false},"featured_media":2356,"comment_status":"open","ping_status":"closed","template":"","meta":[],"product_brand":[],"product_cat":[44,57,20],"product_tag":[31],"class_list":{"0":"post-2292","1":"product","2":"type-product","3":"status-publish","4":"has-post-thumbnail","6":"product_cat-ensembles","7":"product_cat-summer-2025","8":"product_cat-tops","9":"product_tag-design-francais","11":"first","12":"instock","13":"sale","14":"purchasable","15":"product-type-variable"},"aioseo_notices":[],"jetpack_sharing_enabled":true,"_links":{"self":[{"href":"https:\/\/lespepitesdemarlotte.com\/index.php\/wp-json\/wp\/v2\/product\/2292","targetHints":{"allow":["GET"]}}],"collection":[{"href":"https:\/\/lespepitesdemarlotte.com\/index.php\/wp-json\/wp\/v2\/product"}],"about":[{"href":"https:\/\/lespepitesdemarlotte.com\/index.php\/wp-json\/wp\/v2\/types\/product"}],"replies":[{"embeddable":true,"href":"https:\/\/lespepitesdemarlotte.com\/index.php\/wp-json\/wp\/v2\/comments?post=2292"}],"wp:featuredmedia":[{"embeddable":true,"href":"https:\/\/lespepitesdemarlotte.com\/index.php\/wp-json\/wp\/v2\/media\/2356"}],"wp:attachment":[{"href":"https:\/\/lespepitesdemarlotte.com\/index.php\/wp-json\/wp\/v2\/media?parent=2292"}],"wp:term":[{"taxonomy":"product_brand","embeddable":true,"href":"https:\/\/lespepitesdemarlotte.com\/index.php\/wp-json\/wp\/v2\/product_brand?post=2292"},{"taxonomy":"product_cat","embeddable":true,"href":"https:\/\/lespepitesdemarlotte.com\/index.php\/wp-json\/wp\/v2\/product_cat?post=2292"},{"taxonomy":"product_tag","embeddable":true,"href":"https:\/\/lespepitesdemarlotte.com\/index.php\/wp-json\/wp\/v2\/product_tag?post=2292"}],"curies":[{"name":"wp","href":"https:\/\/api.w.org\/{rel}","templated":true}]}}