{"id":2257,"date":"2025-06-11T10:37:38","date_gmt":"2025-06-11T08:37:38","guid":{"rendered":"https:\/\/lespepitesdemarlotte.com\/?post_type=product&#038;p=2257"},"modified":"2025-08-17T13:09:15","modified_gmt":"2025-08-17T11:09:15","slug":"jupe-jen","status":"publish","type":"product","link":"https:\/\/lespepitesdemarlotte.com\/index.php\/product\/jupe-jen\/","title":{"rendered":"Jupe JEN"},"content":{"rendered":"<div>\n<p data-pm-slice=\"0 0 []\">La jupe JEN, c&rsquo;est un concentr\u00e9 de f\u00eate dans une jupe. Cette jupe courte \u00e0 la coupe droite est vibrante et festive avec son motif de sequins : un kal\u00e9idoscope de couleurs et de textures, entre dor\u00e9, ros\u00e9, iris\u00e9 et touches pastel, elle capte la lumi\u00e8re comme un miroir en mouvement. Son motif patchwork en chevrons textur\u00e9s est un m\u00e9lange de sequins mats, brillants et holographiques pour un effet visuel ultra vivant, qui capte la lumi\u00e8re sous tous les angles.<\/p>\n<ul>\n<li>Mini jupe \u00e0 sequins<\/li>\n<li>Enti\u00e8rement doubl\u00e9e<\/li>\n<li>Taille haute<\/li>\n<li>Coupe droite<\/li>\n<li>Zip invisible sur le c\u00f4t\u00e9 gauche<\/li>\n<\/ul>\n<p>Le mannequin mesure 1m73 et porte une taille 36.<\/p>\n<p>Disponible en taille 34, 36, 38 et 40.<\/p>\n<p>Mesures pour une taille 36 :<br \/>\n&#8211; Longueur : 43cm depuis la taille &#8211; Tour de taille : 66cm<br \/>\n&#8211; Tour de bassin : 93cm<\/p>\n<p>Comptez 1cm de plus en longueur entre chaque taille et 5cm en plus pour les tours de poitrine\/taille\/bassin.<\/p>\n<\/div>\n<div>\n<h4><strong>Caract\u00e9ristiques Produit :\u00a0<\/strong><\/h4>\n<\/div>\n<div class=\"product-reference\"><strong><label class=\"label\">Composition :<\/label><\/strong>100% polyester<\/div>\n<div><\/div>\n<div class=\"product-reference\"><strong><label class=\"label\">Entretien :<\/label><\/strong>Lavage en machine \u00e0 30\u00b0 maximum cycle d\u00e9licat \/ Laver avec des coloris similaires \/ Blanchiment interdit \/ Temp\u00e9rature maximale de repassage : 110 \u00b0C \/ Nettoyage \u00e0 sec autoris\u00e9 \/ S\u00e9chage en tambour interdit \/ Nettoyage et repassage sur l&rsquo;envers<\/div>\n<div class=\"product-reference\"><strong><label class=\"label\">Pays de cr\u00e9ation :\u00a0<\/label><\/strong><\/div>\n<div>France<\/div>\n","protected":false},"excerpt":{"rendered":"<p>La jupe JEN, c&rsquo;est un concentr\u00e9 de f\u00eate dans une jupe. Cette jupe courte \u00e0 la coupe droite est vibrante et festive avec son motif de sequins : un kal\u00e9idoscope de couleurs et de textures, entre dor\u00e9, ros\u00e9, iris\u00e9 et touches pastel, elle capte la lumi\u00e8re comme un miroir en mouvement. Son motif patchwork en chevrons textur\u00e9s est un m\u00e9lange de sequins mats, brillants et holographiques pour un effet visuel ultra vivant, qui capte la lumi\u00e8re sous tous les angles.<\/p>\n","protected":false},"featured_media":2278,"comment_status":"open","ping_status":"closed","template":"","meta":[],"product_brand":[],"product_cat":[23,57],"product_tag":[31],"class_list":{"0":"post-2257","1":"product","2":"type-product","3":"status-publish","4":"has-post-thumbnail","6":"product_cat-jupes-shorts","7":"product_cat-summer-2025","8":"product_tag-design-francais","10":"first","11":"instock","12":"sale","13":"featured","14":"purchasable","15":"product-type-variable"},"aioseo_notices":[],"jetpack_sharing_enabled":true,"_links":{"self":[{"href":"https:\/\/lespepitesdemarlotte.com\/index.php\/wp-json\/wp\/v2\/product\/2257","targetHints":{"allow":["GET"]}}],"collection":[{"href":"https:\/\/lespepitesdemarlotte.com\/index.php\/wp-json\/wp\/v2\/product"}],"about":[{"href":"https:\/\/lespepitesdemarlotte.com\/index.php\/wp-json\/wp\/v2\/types\/product"}],"replies":[{"embeddable":true,"href":"https:\/\/lespepitesdemarlotte.com\/index.php\/wp-json\/wp\/v2\/comments?post=2257"}],"wp:featuredmedia":[{"embeddable":true,"href":"https:\/\/lespepitesdemarlotte.com\/index.php\/wp-json\/wp\/v2\/media\/2278"}],"wp:attachment":[{"href":"https:\/\/lespepitesdemarlotte.com\/index.php\/wp-json\/wp\/v2\/media?parent=2257"}],"wp:term":[{"taxonomy":"product_brand","embeddable":true,"href":"https:\/\/lespepitesdemarlotte.com\/index.php\/wp-json\/wp\/v2\/product_brand?post=2257"},{"taxonomy":"product_cat","embeddable":true,"href":"https:\/\/lespepitesdemarlotte.com\/index.php\/wp-json\/wp\/v2\/product_cat?post=2257"},{"taxonomy":"product_tag","embeddable":true,"href":"https:\/\/lespepitesdemarlotte.com\/index.php\/wp-json\/wp\/v2\/product_tag?post=2257"}],"curies":[{"name":"wp","href":"https:\/\/api.w.org\/{rel}","templated":true}]}}