{"id":2165,"date":"2025-05-13T15:23:05","date_gmt":"2025-05-13T13:23:05","guid":{"rendered":"https:\/\/lespepitesdemarlotte.com\/?post_type=product&#038;p=2165"},"modified":"2025-08-17T13:11:19","modified_gmt":"2025-08-17T11:11:19","slug":"pantalon-rosalia","status":"publish","type":"product","link":"https:\/\/lespepitesdemarlotte.com\/index.php\/product\/pantalon-rosalia\/","title":{"rendered":"Pantalon ROSALIA"},"content":{"rendered":"<div>\n<p data-start=\"110\" data-end=\"513\">Voici le pantalon Rosalia, avec son imprim\u00e9 fleuri solaire et sa coupe \u00e9vas\u00e9e, ce pantalon 100% coton est la pi\u00e8ce parfaite pour insuffler de la bonne humeur dans votre vestiaire. Rosalia revisite le classique pantalon 5 poches avec sa taille haute qui allonge la silhouette, et son tissu naturel qui assure confort et l\u00e9g\u00e8ret\u00e9. \u00c0 associer avec le chemisier ROSALIA assorti ou bien une chemise oversize nou\u00e9e pour un look d\u00e9contract\u00e9, ou encore un d\u00e9bardeur ajust\u00e9 uni pour laisser toute la place \u00e0 son imprim\u00e9 \u00e9clatant.<\/p>\n<p data-start=\"110\" data-end=\"513\">&#8211; Pantalon 5 poches 100% coton<br \/>\n&#8211; Imprim\u00e9 exclusif<br \/>\n&#8211; Coupe \u00e9vas\u00e9e<br \/>\n&#8211; Taille haute<br \/>\n&#8211; Passants \u00e0 la ceinture<br \/>\n&#8211; Pinces au dos<\/p>\n<p>Disponible en taille 34, 36 et 38.<\/p>\n<p>Le mannequin mesure 1m73 et porte une taille 36.<\/p>\n<p>Mesures du pantalon pour une taille 36 :<br \/>\n&#8211; Longueur : 102cm depuis la taille &#8211; Tour de taille : 68cm<br \/>\n&#8211; Tour de bassin : 95cm<br \/>\n&#8211; Tour de cuisse : 59cm<\/p>\n<p>Comptez 1cm de plus en longueur entre chaque taille et 5cm en plus pour les tours de poitrine\/taille\/bassin.<\/p>\n<\/div>\n<div>\n<h4><strong>Caract\u00e9ristiques Produit :\u00a0<\/strong><\/h4>\n<\/div>\n<div class=\"product-reference\">\n<p><strong><label class=\"label\">Composition :<\/label><\/strong><\/p>\n<div class=\"product-single__description rte\">\n<p>100% coton<\/p>\n<\/div>\n<div class=\"collapsibles-wrapper collapsibles-wrapper--border-bottom\"><span style=\"font-size: 14px; font-weight: 600;\">Entretien :<\/span><\/div>\n<\/div>\n<div class=\"product-reference\">Lavage en machine possible \u00e0 30\u00b0 max \/ Laver avec des couleurs similaires \/ Blanchiment interdit \/ Laver et repasser sur l&rsquo;envers \/ Nettoyage \u00e0 sec autoris\u00e9 \/ S\u00e9chage en tambour interdit \/ Repassage \u00e0 l&rsquo;envers pour \u00e9viter de lustrer la mati\u00e8re (le fer ne doit pas \u00eatre trop chaud).<\/div>\n<div><\/div>\n<div class=\"product-reference\"><strong><label class=\"label\">Pays de cr\u00e9ation :\u00a0<\/label><\/strong><\/div>\n<div>France<\/div>\n","protected":false},"excerpt":{"rendered":"<p>Voici le pantalon Rosalia, avec son imprim\u00e9 fleuri solaire et sa coupe \u00e9vas\u00e9e, ce pantalon 100% coton est la pi\u00e8ce parfaite pour insuffler de la bonne humeur dans votre vestiaire. Rosalia revisite le classique pantalon 5 poches avec sa taille haute qui allonge la silhouette, et son tissu naturel qui assure confort et l\u00e9g\u00e8ret\u00e9. \u00c0 associer avec le chemisier ROSALIA assorti ou bien une chemise oversize nou\u00e9e pour un look d\u00e9contract\u00e9, ou encore un d\u00e9bardeur ajust\u00e9 uni pour laisser toute la place \u00e0 son imprim\u00e9 \u00e9clatant.<\/p>\n","protected":false},"featured_media":2204,"comment_status":"open","ping_status":"closed","template":"","meta":[],"product_brand":[],"product_cat":[56,44,33],"product_tag":[31],"class_list":{"0":"post-2165","1":"product","2":"type-product","3":"status-publish","4":"has-post-thumbnail","6":"product_cat-collection-capsule","7":"product_cat-ensembles","8":"product_cat-pantalons-jeans","9":"product_tag-design-francais","11":"first","12":"instock","13":"sale","14":"purchasable","15":"product-type-variable"},"aioseo_notices":[],"jetpack_sharing_enabled":true,"_links":{"self":[{"href":"https:\/\/lespepitesdemarlotte.com\/index.php\/wp-json\/wp\/v2\/product\/2165","targetHints":{"allow":["GET"]}}],"collection":[{"href":"https:\/\/lespepitesdemarlotte.com\/index.php\/wp-json\/wp\/v2\/product"}],"about":[{"href":"https:\/\/lespepitesdemarlotte.com\/index.php\/wp-json\/wp\/v2\/types\/product"}],"replies":[{"embeddable":true,"href":"https:\/\/lespepitesdemarlotte.com\/index.php\/wp-json\/wp\/v2\/comments?post=2165"}],"wp:featuredmedia":[{"embeddable":true,"href":"https:\/\/lespepitesdemarlotte.com\/index.php\/wp-json\/wp\/v2\/media\/2204"}],"wp:attachment":[{"href":"https:\/\/lespepitesdemarlotte.com\/index.php\/wp-json\/wp\/v2\/media?parent=2165"}],"wp:term":[{"taxonomy":"product_brand","embeddable":true,"href":"https:\/\/lespepitesdemarlotte.com\/index.php\/wp-json\/wp\/v2\/product_brand?post=2165"},{"taxonomy":"product_cat","embeddable":true,"href":"https:\/\/lespepitesdemarlotte.com\/index.php\/wp-json\/wp\/v2\/product_cat?post=2165"},{"taxonomy":"product_tag","embeddable":true,"href":"https:\/\/lespepitesdemarlotte.com\/index.php\/wp-json\/wp\/v2\/product_tag?post=2165"}],"curies":[{"name":"wp","href":"https:\/\/api.w.org\/{rel}","templated":true}]}}