{"id":2160,"date":"2025-05-13T14:52:34","date_gmt":"2025-05-13T12:52:34","guid":{"rendered":"https:\/\/lespepitesdemarlotte.com\/?post_type=product&#038;p=2160"},"modified":"2025-08-17T13:12:15","modified_gmt":"2025-08-17T11:12:15","slug":"top-oaxa","status":"publish","type":"product","link":"https:\/\/lespepitesdemarlotte.com\/index.php\/product\/top-oaxa\/","title":{"rendered":"Top OAXA"},"content":{"rendered":"<div>\n<p>D\u00e9couvrez le top OAXA : une explosion de couleurs et de motifs, comme un carnet de voyage captur\u00e9 sur \u00e9toffe. Ce top court et color\u00e9 joue avec les lignes et les symboles ethniques pour une allure vibrante et solaire. Sa coupe crop, nette et structur\u00e9e gr\u00e2ce \u00e0 son large ourlet, \u00e9quilibre l\u2019intensit\u00e9 du motif et laisse deviner la peau. Port\u00e9\u00a0 avec un denim brut ou noir, il insuffle une \u00e9nergie nomade et ultra moderne.<\/p>\n<p data-start=\"110\" data-end=\"513\">&#8211; Crop top enti\u00e8rement brod\u00e9 100% coton<br \/>\n&#8211; Zip au milieu dos<br \/>\n&#8211; Encolure ronde<br \/>\n&#8211; Enti\u00e8rement doubl\u00e9<\/p>\n<p>&nbsp;<\/p>\n<p>Disponible en taille XS, S, et M.<\/p>\n<p>Le mannequin mesure 1m73 et porte une taille S, associ\u00e9 ici au short en jean noir SAUVEUR.<\/p>\n<p>Mesures pour une taille S :<br \/>\n&#8211; Longueur : 46cm depuis l&rsquo;\u00e9paule<br \/>\n&#8211; Tour de poitrine : 92cm<\/p>\n<p>Comptez 1cm de plus en longueur entre chaque taille et 5cm en plus pour les tours de poitrine\/taille\/bassin.<\/p>\n<p>&nbsp;<\/p>\n<h4><strong>Caract\u00e9ristiques Produit :\u00a0<\/strong><\/h4>\n<\/div>\n<div class=\"product-reference\"><strong><label class=\"label\">Composition :<\/label><\/strong>84% rayon, 16% nylon<\/div>\n<div class=\"product-reference\"><strong><label class=\"label\">Entretien :<\/label><\/strong>Lavage en machine 30\u00b0 maximum \/ Blanchiment interdit \/ Temp\u00e9rature maximale de repassage : 110 \u00b0C \/ Nettoyage \u00e0 sec autoris\u00e9 \/ S\u00e9chage en tambour interdit \/ Laver et repasser sur l&rsquo;envers<\/div>\n<div class=\"product-reference\"><strong><label class=\"label\">Pays de cr\u00e9ation :\u00a0<\/label><\/strong><\/div>\n<div>France<\/div>\n","protected":false},"excerpt":{"rendered":"<p>D\u00e9couvrez le top OAXA : une explosion de couleurs et de motifs, comme un carnet de voyage captur\u00e9 sur \u00e9toffe. Ce top court et color\u00e9 joue avec les lignes et les symboles ethniques pour une allure vibrante et solaire. Sa coupe crop, nette et structur\u00e9e gr\u00e2ce \u00e0 son large ourlet, \u00e9quilibre l\u2019intensit\u00e9 du motif et laisse deviner la peau. Port\u00e9\u00a0 avec un denim brut ou noir, il insuffle une \u00e9nergie nomade et ultra moderne.<\/p>\n","protected":false},"featured_media":2231,"comment_status":"open","ping_status":"closed","template":"","meta":[],"product_brand":[],"product_cat":[56,20],"product_tag":[31],"class_list":{"0":"post-2160","1":"product","2":"type-product","3":"status-publish","4":"has-post-thumbnail","6":"product_cat-collection-capsule","7":"product_cat-tops","8":"product_tag-design-francais","10":"first","11":"instock","12":"sale","13":"purchasable","14":"product-type-variable"},"aioseo_notices":[],"jetpack_sharing_enabled":true,"_links":{"self":[{"href":"https:\/\/lespepitesdemarlotte.com\/index.php\/wp-json\/wp\/v2\/product\/2160","targetHints":{"allow":["GET"]}}],"collection":[{"href":"https:\/\/lespepitesdemarlotte.com\/index.php\/wp-json\/wp\/v2\/product"}],"about":[{"href":"https:\/\/lespepitesdemarlotte.com\/index.php\/wp-json\/wp\/v2\/types\/product"}],"replies":[{"embeddable":true,"href":"https:\/\/lespepitesdemarlotte.com\/index.php\/wp-json\/wp\/v2\/comments?post=2160"}],"wp:featuredmedia":[{"embeddable":true,"href":"https:\/\/lespepitesdemarlotte.com\/index.php\/wp-json\/wp\/v2\/media\/2231"}],"wp:attachment":[{"href":"https:\/\/lespepitesdemarlotte.com\/index.php\/wp-json\/wp\/v2\/media?parent=2160"}],"wp:term":[{"taxonomy":"product_brand","embeddable":true,"href":"https:\/\/lespepitesdemarlotte.com\/index.php\/wp-json\/wp\/v2\/product_brand?post=2160"},{"taxonomy":"product_cat","embeddable":true,"href":"https:\/\/lespepitesdemarlotte.com\/index.php\/wp-json\/wp\/v2\/product_cat?post=2160"},{"taxonomy":"product_tag","embeddable":true,"href":"https:\/\/lespepitesdemarlotte.com\/index.php\/wp-json\/wp\/v2\/product_tag?post=2160"}],"curies":[{"name":"wp","href":"https:\/\/api.w.org\/{rel}","templated":true}]}}