{"id":2140,"date":"2025-05-13T14:10:50","date_gmt":"2025-05-13T12:10:50","guid":{"rendered":"https:\/\/lespepitesdemarlotte.com\/?post_type=product&#038;p=2140"},"modified":"2025-08-17T13:14:33","modified_gmt":"2025-08-17T11:14:33","slug":"short-en-jean-noir-sauveur","status":"publish","type":"product","link":"https:\/\/lespepitesdemarlotte.com\/index.php\/product\/short-en-jean-noir-sauveur\/","title":{"rendered":"Short en jean noir SAUVEUR"},"content":{"rendered":"<div>\n<p>Voici le short en jean noir SAUVEUR, un short en denim qui a de la d\u00e9gaine. Avec sa coupe droite et son allure un peu 90s, ce short coche toutes les cases du cool. Pens\u00e9 pour \u00eatre facile \u00e0 vivre, en mati\u00e8re naturelle, il garde une belle structure et une silhouette flatteuse. Les petits d\u00e9tails qui twistent ce short : le passant brod\u00e9 et des poches aux bords effil\u00e9s, pour un contraste assum\u00e9 qui change tout. \u00c0 matcher avec une chemise l\u00e9g\u00e8re ou un d\u00e9bardeur, selon l\u2019humeur et la m\u00e9t\u00e9o.<\/p>\n<p>&#8211; Short en coton<br \/>\n&#8211; Poches cavali\u00e8res \u00e0 l&rsquo;avant<br \/>\n&#8211; Poches plaqu\u00e9es au dos<br \/>\n&#8211; Zip et bouton personnalis\u00e9<br \/>\n&#8211; Taille petit : pensez \u00e0 prendre une taille au-dessus<\/p>\n<\/div>\n<div>\n<p>Le mannequin mesure 1m73 et porte une taille 36.<\/p>\n<p>Le top est le top\u00a0DOLCE VITA \ud83d\ude09<\/p>\n<p>Disponible du 34 au 42.<\/p>\n<p>Mesures du Short pour une taille 36 :<br \/>\n&#8211; Longueur : 38cm depuis la taille &#8211; Tour de taille : 68m<br \/>\n&#8211; Tour de bassin : 98cm<br \/>\n&#8211; Tour de cuisse : 61cm<br \/>\nComptez 1cm de plus en longueur entre chaque taille et 5cm en plus pour les tours de poitrine\/taille\/bassin.<\/p>\n<p>&nbsp;<\/p>\n<p><strong style=\"font-size: 1.41575em;\">Caract\u00e9ristiques Produit :\u00a0<\/strong><\/p>\n<\/div>\n<div class=\"product-reference\">\n<p><strong><label class=\"label\">Composition :\u00a0<\/label><\/strong><\/p>\n<p>90% Coton 10% Polyester<\/p>\n<div class=\"collapsibles-wrapper collapsibles-wrapper--border-bottom\"><span style=\"font-size: 14px; font-weight: 600;\">Entretien :<\/span><\/div>\n<div class=\"collapsibles-wrapper collapsibles-wrapper--border-bottom\">Lavage en machine \u00e0 froidou \u00e0 30\u00b0 maximum \/ Laver avec des couleurs similaires \/ S\u00e9cher \u00e0 plat \/ Blanchiment interdit \/ Repassage doux sur l&rsquo;envers \/ Nettoyage \u00e0 sec autoris\u00e9 \/ S\u00e9chage en tambour interdit<\/div>\n<\/div>\n<div class=\"product-reference\"><strong><label class=\"label\">Pays de cr\u00e9ation :\u00a0<\/label><\/strong><\/div>\n<div>France<\/div>\n<div class=\"product-reference\"><\/div>\n","protected":false},"excerpt":{"rendered":"<p>Voici le short en jean noir SAUVEUR, un short en denim qui a de la d\u00e9gaine. Avec sa coupe droite et son allure un peu 90s, ce short coche toutes les cases du cool. Pens\u00e9 pour \u00eatre facile \u00e0 vivre, en mati\u00e8re naturelle, il garde une belle structure et une silhouette flatteuse. Les petits d\u00e9tails qui twistent ce short : le passant brod\u00e9 et des poches aux bords effil\u00e9s, pour un contraste assum\u00e9 qui change tout. \u00c0 matcher avec une chemise l\u00e9g\u00e8re ou un d\u00e9bardeur, selon l\u2019humeur et la m\u00e9t\u00e9o.<\/p>\n","protected":false},"featured_media":2233,"comment_status":"open","ping_status":"closed","template":"","meta":[],"product_brand":[],"product_cat":[56,23],"product_tag":[31],"class_list":{"0":"post-2140","1":"product","2":"type-product","3":"status-publish","4":"has-post-thumbnail","6":"product_cat-collection-capsule","7":"product_cat-jupes-shorts","8":"product_tag-design-francais","10":"first","11":"instock","12":"sale","13":"purchasable","14":"product-type-variable"},"aioseo_notices":[],"jetpack_sharing_enabled":true,"_links":{"self":[{"href":"https:\/\/lespepitesdemarlotte.com\/index.php\/wp-json\/wp\/v2\/product\/2140","targetHints":{"allow":["GET"]}}],"collection":[{"href":"https:\/\/lespepitesdemarlotte.com\/index.php\/wp-json\/wp\/v2\/product"}],"about":[{"href":"https:\/\/lespepitesdemarlotte.com\/index.php\/wp-json\/wp\/v2\/types\/product"}],"replies":[{"embeddable":true,"href":"https:\/\/lespepitesdemarlotte.com\/index.php\/wp-json\/wp\/v2\/comments?post=2140"}],"wp:featuredmedia":[{"embeddable":true,"href":"https:\/\/lespepitesdemarlotte.com\/index.php\/wp-json\/wp\/v2\/media\/2233"}],"wp:attachment":[{"href":"https:\/\/lespepitesdemarlotte.com\/index.php\/wp-json\/wp\/v2\/media?parent=2140"}],"wp:term":[{"taxonomy":"product_brand","embeddable":true,"href":"https:\/\/lespepitesdemarlotte.com\/index.php\/wp-json\/wp\/v2\/product_brand?post=2140"},{"taxonomy":"product_cat","embeddable":true,"href":"https:\/\/lespepitesdemarlotte.com\/index.php\/wp-json\/wp\/v2\/product_cat?post=2140"},{"taxonomy":"product_tag","embeddable":true,"href":"https:\/\/lespepitesdemarlotte.com\/index.php\/wp-json\/wp\/v2\/product_tag?post=2140"}],"curies":[{"name":"wp","href":"https:\/\/api.w.org\/{rel}","templated":true}]}}