{"id":2131,"date":"2025-05-12T15:52:24","date_gmt":"2025-05-12T13:52:24","guid":{"rendered":"https:\/\/lespepitesdemarlotte.com\/?post_type=product&#038;p=2131"},"modified":"2025-08-17T13:15:44","modified_gmt":"2025-08-17T11:15:44","slug":"chemise-clipper","status":"publish","type":"product","link":"https:\/\/lespepitesdemarlotte.com\/index.php\/product\/chemise-clipper\/","title":{"rendered":"Chemise CLIPPER"},"content":{"rendered":"<div>\n<p>La chemise CLIPPER est un top-chemise ray\u00e9 sans manche qui va illuminer votre dressing avec son jaune doux et solaire. L\u00e9g\u00e8re et fluide, avec son tissu naturellement respirant, sa coupe droite qui tombe pile comme il faut, et son col chemise qui apporte ce twist casual-chic qui change tout, c&rsquo;est LA pi\u00e8ce facile \u00e0 vivre, celle qu\u2019on enfile sans y penser et qui fait l\u2019allure. Le d\u00e9tail qui fait la diff\u00e9rence : le pli aux \u00e9paules qui ajoute une double \u00e9paisseur de mati\u00e8re \u00e0 cet endroit cl\u00e9. Ce d\u00e9tail discret structure la ligne de l\u2019\u00e9paule et apporte juste ce qu\u2019il faut de tenue, sans alourdir la pi\u00e8ce. La chemise CLIPPER c&rsquo;est un essentiel facile \u00e0 associer, pour un look cool et audacieux.<\/p>\n<p>&#8211; Chemise sans manches en coton<br \/>\n&#8211; Poche plaqu\u00e9e sur la poitrine<br \/>\n&#8211; Col classique<\/p>\n<p>Disponible du XS au XL.<\/p>\n<p>Le mannequin mesure 1m73 et porte une taille S.<\/p>\n<p>Mesures de la Chemise pour une taille S :<br \/>\n&#8211; Longueur : 53cm depuis l&rsquo;\u00e9paule<br \/>\n&#8211; Tour de poitrine : 108cm<\/p>\n<p>Comptez 1cm de plus en longueur entre chaque taille et 5cm en plus pour les tours de poitrine\/taille\/bassin.<\/p>\n<h4><strong>Caract\u00e9ristiques Produit :\u00a0<\/strong><\/h4>\n<\/div>\n<div class=\"product-reference\"><strong><label class=\"label\">Composition :<\/label><\/strong>75% Coton 25% Polyester<\/div>\n<div class=\"product-reference\"><strong><label class=\"label\">Entretien :<\/label><\/strong>Lavage en machine 30\u00b0 maximum \/ Blanchiment interdit \/ Temp\u00e9rature maximale de repassage : 110 \u00b0C \/ Nettoyage \u00e0 sec autoris\u00e9 \/ S\u00e9chage en tambour interdit \/ Laver et repasser sur l&rsquo;envers<\/div>\n<div class=\"product-reference\"><strong><label class=\"label\">Pays de cr\u00e9ation :\u00a0<\/label><\/strong><\/div>\n<div>France<\/div>\n","protected":false},"excerpt":{"rendered":"<p>La chemise CLIPPER est un top-chemise ray\u00e9 sans manche qui va illuminer votre dressing avec son jaune doux et solaire. L\u00e9g\u00e8re et fluide, avec son tissu naturellement respirant, sa coupe droite qui tombe pile comme il faut, et son col chemise qui apporte ce twist casual-chic qui change tout, c&rsquo;est LA pi\u00e8ce facile \u00e0 vivre, celle qu\u2019on enfile sans y penser et qui fait l\u2019allure. Le d\u00e9tail qui fait la diff\u00e9rence : le pli aux \u00e9paules qui ajoute une double \u00e9paisseur de mati\u00e8re \u00e0 cet endroit cl\u00e9. Ce d\u00e9tail discret structure la ligne de l\u2019\u00e9paule et apporte juste ce qu\u2019il faut de tenue, sans alourdir la pi\u00e8ce. La chemise CLIPPER c&rsquo;est un essentiel facile \u00e0 associer, pour un look cool et audacieux.<\/p>\n","protected":false},"featured_media":2183,"comment_status":"open","ping_status":"closed","template":"","meta":[],"product_brand":[],"product_cat":[21,56],"product_tag":[31],"class_list":{"0":"post-2131","1":"product","2":"type-product","3":"status-publish","4":"has-post-thumbnail","6":"product_cat-chemises-blouses","7":"product_cat-collection-capsule","8":"product_tag-design-francais","10":"first","11":"instock","12":"sale","13":"purchasable","14":"product-type-variable"},"aioseo_notices":[],"jetpack_sharing_enabled":true,"_links":{"self":[{"href":"https:\/\/lespepitesdemarlotte.com\/index.php\/wp-json\/wp\/v2\/product\/2131","targetHints":{"allow":["GET"]}}],"collection":[{"href":"https:\/\/lespepitesdemarlotte.com\/index.php\/wp-json\/wp\/v2\/product"}],"about":[{"href":"https:\/\/lespepitesdemarlotte.com\/index.php\/wp-json\/wp\/v2\/types\/product"}],"replies":[{"embeddable":true,"href":"https:\/\/lespepitesdemarlotte.com\/index.php\/wp-json\/wp\/v2\/comments?post=2131"}],"wp:featuredmedia":[{"embeddable":true,"href":"https:\/\/lespepitesdemarlotte.com\/index.php\/wp-json\/wp\/v2\/media\/2183"}],"wp:attachment":[{"href":"https:\/\/lespepitesdemarlotte.com\/index.php\/wp-json\/wp\/v2\/media?parent=2131"}],"wp:term":[{"taxonomy":"product_brand","embeddable":true,"href":"https:\/\/lespepitesdemarlotte.com\/index.php\/wp-json\/wp\/v2\/product_brand?post=2131"},{"taxonomy":"product_cat","embeddable":true,"href":"https:\/\/lespepitesdemarlotte.com\/index.php\/wp-json\/wp\/v2\/product_cat?post=2131"},{"taxonomy":"product_tag","embeddable":true,"href":"https:\/\/lespepitesdemarlotte.com\/index.php\/wp-json\/wp\/v2\/product_tag?post=2131"}],"curies":[{"name":"wp","href":"https:\/\/api.w.org\/{rel}","templated":true}]}}