{"id":2119,"date":"2025-05-08T16:29:52","date_gmt":"2025-05-08T14:29:52","guid":{"rendered":"https:\/\/lespepitesdemarlotte.com\/?post_type=product&#038;p=2119"},"modified":"2025-08-17T13:17:01","modified_gmt":"2025-08-17T11:17:01","slug":"pantalon-nami-bleu-denim","status":"publish","type":"product","link":"https:\/\/lespepitesdemarlotte.com\/index.php\/product\/pantalon-nami-bleu-denim\/","title":{"rendered":"Pantalon NAMI Bleu denim"},"content":{"rendered":"<div>\n<p data-start=\"110\" data-end=\"513\">D\u00e9couvrez le Pantalon NAMI Bleu denim en Modal et sa coupe super flatteuse ! Un pantalon taille haute, \u00e0 la coupe large et au tissu fluide qui accompagne tous vos mouvements avec \u00e9l\u00e9gance. La ceinture ton sur ton \u00e0 nouer \u00e0 la taille et les jolis plis sur le devant apportent une touche de sophistication \u00e0 ce pantalon l\u00e9ger et confortable. En effet, ses fronces \u00e0 la taille et son \u00e9lastique au dos, lui permettent de s&rsquo;ajuster parfaitement \u00e0 votre morphologie. Adoptez vite le pantalon NAMI pour une silhouette \u00e0 la fois structur\u00e9e et d\u00e9contract\u00e9e !<\/p>\n<p data-start=\"110\" data-end=\"513\">&#8211; Pantalon taille haute<br \/>\n&#8211; Coupe \u00e9vas\u00e9e<br \/>\n&#8211; Passants \u00e0 la ceinture et ceinture ton sur ton<br \/>\n&#8211; 2 poches sur les c\u00f4t\u00e9s et 2 poches plaqu\u00e9es \u00e0 l&rsquo;arri\u00e8re<br \/>\n&#8211; Taille fronc\u00e9e avec \u00e9lastique au dos<\/p>\n<div>\n<p>Le mannequin mesure 1m73 et porte une taille S.<\/p>\n<p>Disponible en XS (34\/36), S (36\/38), M (38\/40), et L (40\/42).<\/p>\n<\/div>\n<\/div>\n<div>\n<h4><strong>Caract\u00e9ristiques Produit :\u00a0<\/strong><\/h4>\n<\/div>\n<div class=\"product-reference\">\n<p><strong><label class=\"label\">Composition :<\/label><\/strong><\/p>\n<p>100% Modal<\/p>\n<div class=\"collapsibles-wrapper collapsibles-wrapper--border-bottom\"><span style=\"font-size: 14px; font-weight: 600;\">Entretien :<\/span><\/div>\n<div class=\"collapsibles-wrapper collapsibles-wrapper--border-bottom\">Lavage en machine possible \u00e0 30\u00b0 maximum cycle d\u00e9licat \/ Laver avec des couleurs similaires \/ Blanchiment interdit \/ Repassage doux sur l&rsquo;envers \/ Nettoyage \u00e0 sec autoris\u00e9 \/ S\u00e9chage en tambour interdit<\/div>\n<\/div>\n<div class=\"product-reference\"><strong><label class=\"label\">Pays de cr\u00e9ation :\u00a0<\/label><\/strong><\/div>\n<div>France<\/div>\n<div class=\"product-reference\"><\/div>\n","protected":false},"excerpt":{"rendered":"<p>D\u00e9couvrez le Pantalon NAMI Bleu denim en Modal et sa coupe super flatteuse ! Un pantalon taille haute, \u00e0 la coupe large et au tissu fluide qui accompagne tous vos mouvements avec \u00e9l\u00e9gance. La ceinture ton sur ton \u00e0 nouer \u00e0 la taille et les jolis plis sur le devant apportent une touche de sophistication \u00e0 ce pantalon l\u00e9ger et confortable. En effet, ses fronces \u00e0 la taille et son \u00e9lastique au dos, lui permettent de s&rsquo;ajuster parfaitement \u00e0 votre morphologie. Adoptez vite le pantalon NAMI pour une silhouette \u00e0 la fois structur\u00e9e et d\u00e9contract\u00e9e !<\/p>\n","protected":false},"featured_media":2217,"comment_status":"open","ping_status":"closed","template":"","meta":[],"product_brand":[],"product_cat":[56,33],"product_tag":[31],"class_list":{"0":"post-2119","1":"product","2":"type-product","3":"status-publish","4":"has-post-thumbnail","6":"product_cat-collection-capsule","7":"product_cat-pantalons-jeans","8":"product_tag-design-francais","10":"first","11":"instock","12":"sale","13":"purchasable","14":"product-type-variable"},"aioseo_notices":[],"jetpack_sharing_enabled":true,"_links":{"self":[{"href":"https:\/\/lespepitesdemarlotte.com\/index.php\/wp-json\/wp\/v2\/product\/2119","targetHints":{"allow":["GET"]}}],"collection":[{"href":"https:\/\/lespepitesdemarlotte.com\/index.php\/wp-json\/wp\/v2\/product"}],"about":[{"href":"https:\/\/lespepitesdemarlotte.com\/index.php\/wp-json\/wp\/v2\/types\/product"}],"replies":[{"embeddable":true,"href":"https:\/\/lespepitesdemarlotte.com\/index.php\/wp-json\/wp\/v2\/comments?post=2119"}],"wp:featuredmedia":[{"embeddable":true,"href":"https:\/\/lespepitesdemarlotte.com\/index.php\/wp-json\/wp\/v2\/media\/2217"}],"wp:attachment":[{"href":"https:\/\/lespepitesdemarlotte.com\/index.php\/wp-json\/wp\/v2\/media?parent=2119"}],"wp:term":[{"taxonomy":"product_brand","embeddable":true,"href":"https:\/\/lespepitesdemarlotte.com\/index.php\/wp-json\/wp\/v2\/product_brand?post=2119"},{"taxonomy":"product_cat","embeddable":true,"href":"https:\/\/lespepitesdemarlotte.com\/index.php\/wp-json\/wp\/v2\/product_cat?post=2119"},{"taxonomy":"product_tag","embeddable":true,"href":"https:\/\/lespepitesdemarlotte.com\/index.php\/wp-json\/wp\/v2\/product_tag?post=2119"}],"curies":[{"name":"wp","href":"https:\/\/api.w.org\/{rel}","templated":true}]}}