{"id":2111,"date":"2025-05-08T16:13:15","date_gmt":"2025-05-08T14:13:15","guid":{"rendered":"https:\/\/lespepitesdemarlotte.com\/?post_type=product&#038;p=2111"},"modified":"2025-08-17T13:18:14","modified_gmt":"2025-08-17T11:18:14","slug":"top-dolce-vita","status":"publish","type":"product","link":"https:\/\/lespepitesdemarlotte.com\/index.php\/product\/top-dolce-vita\/","title":{"rendered":"Top Dolce Vita"},"content":{"rendered":"<div>\n<p>Le Top Dolce Vita est irr\u00e9sistible avec ses larges bretelles \u00e0 nouer, son encollure carr\u00e9e, ses boutons en bois dans le dos et sa jolie finition en galon de dentelle au niveau du col.\u00a0 On craque compl\u00e8tement pour son imprim\u00e9 \u00ab\u00a0Dolce Vita\u00a0\u00bb avec ses motifs color\u00e9s aux accents floraux qui nous font voyager dans le Sud de l&rsquo;Italie et sentent bon la chaleur de l&rsquo;\u00e9t\u00e9. Son tissu est ultra agr\u00e9able, l\u00e9ger et fluide, parfait pour les journ\u00e9es ensoleill\u00e9es!<\/p>\n<p>&#8211; Top coupe droite<br \/>\n&#8211; Larges bretelles \u00e0 nouer<br \/>\n&#8211; Boutons en bois dans le dos<br \/>\n&#8211; Col carr\u00e9 finition en dentelle<\/p>\n<ul>\n<li>Couleur : Imprim\u00e9 DOLCE VITA<\/li>\n<\/ul>\n<p>Disponible en taille XS, S, M, et L.<\/p>\n<p>Le mannequin mesure 1m73 et porte une taille S.<\/p>\n<h4><strong>Caract\u00e9ristiques Produit :\u00a0<\/strong><\/h4>\n<\/div>\n<div class=\"product-reference\"><strong><label class=\"label\">Composition :<\/label><\/strong>84% rayon, 16% nylon<\/div>\n<div class=\"product-reference\"><strong><label class=\"label\">Entretien :<\/label><\/strong>Lavage en machine 30\u00b0 maximum \/ Blanchiment interdit \/ Temp\u00e9rature maximale de repassage : 110 \u00b0C \/ Nettoyage \u00e0 sec autoris\u00e9 \/ S\u00e9chage en tambour interdit \/ Laver et repasser sur l&rsquo;envers<\/div>\n<div class=\"product-reference\"><strong><label class=\"label\">Pays de cr\u00e9ation :\u00a0<\/label><\/strong><\/div>\n<div>France<\/div>\n","protected":false},"excerpt":{"rendered":"<p>Le Top Dolce Vita est irr\u00e9sistible avec ses larges bretelles \u00e0 nouer, son encollure carr\u00e9e, ses boutons en bois dans le dos et sa jolie finition en galon de dentelle au niveau du col.\u00a0 On craque compl\u00e8tement pour son imprim\u00e9 \u00ab\u00a0Dolce Vita\u00a0\u00bb avec ses motifs color\u00e9s aux accents floraux qui nous font voyager dans le Sud de l&rsquo;Italie et sentent bon la chaleur de l&rsquo;\u00e9t\u00e9. Son tissu est ultra agr\u00e9able, l\u00e9ger et fluide, parfait pour les journ\u00e9es ensoleill\u00e9es!<\/p>\n","protected":false},"featured_media":2248,"comment_status":"open","ping_status":"closed","template":"","meta":[],"product_brand":[],"product_cat":[56,20],"product_tag":[31],"class_list":{"0":"post-2111","1":"product","2":"type-product","3":"status-publish","4":"has-post-thumbnail","6":"product_cat-collection-capsule","7":"product_cat-tops","8":"product_tag-design-francais","10":"first","11":"instock","12":"sale","13":"purchasable","14":"product-type-variable"},"aioseo_notices":[],"jetpack_sharing_enabled":true,"_links":{"self":[{"href":"https:\/\/lespepitesdemarlotte.com\/index.php\/wp-json\/wp\/v2\/product\/2111","targetHints":{"allow":["GET"]}}],"collection":[{"href":"https:\/\/lespepitesdemarlotte.com\/index.php\/wp-json\/wp\/v2\/product"}],"about":[{"href":"https:\/\/lespepitesdemarlotte.com\/index.php\/wp-json\/wp\/v2\/types\/product"}],"replies":[{"embeddable":true,"href":"https:\/\/lespepitesdemarlotte.com\/index.php\/wp-json\/wp\/v2\/comments?post=2111"}],"wp:featuredmedia":[{"embeddable":true,"href":"https:\/\/lespepitesdemarlotte.com\/index.php\/wp-json\/wp\/v2\/media\/2248"}],"wp:attachment":[{"href":"https:\/\/lespepitesdemarlotte.com\/index.php\/wp-json\/wp\/v2\/media?parent=2111"}],"wp:term":[{"taxonomy":"product_brand","embeddable":true,"href":"https:\/\/lespepitesdemarlotte.com\/index.php\/wp-json\/wp\/v2\/product_brand?post=2111"},{"taxonomy":"product_cat","embeddable":true,"href":"https:\/\/lespepitesdemarlotte.com\/index.php\/wp-json\/wp\/v2\/product_cat?post=2111"},{"taxonomy":"product_tag","embeddable":true,"href":"https:\/\/lespepitesdemarlotte.com\/index.php\/wp-json\/wp\/v2\/product_tag?post=2111"}],"curies":[{"name":"wp","href":"https:\/\/api.w.org\/{rel}","templated":true}]}}