{"id":1920,"date":"2025-04-15T11:34:18","date_gmt":"2025-04-15T09:34:18","guid":{"rendered":"https:\/\/lespepitesdemarlotte.com\/?post_type=product&#038;p=1920"},"modified":"2025-08-17T13:29:01","modified_gmt":"2025-08-17T11:29:01","slug":"top-carmina","status":"publish","type":"product","link":"https:\/\/lespepitesdemarlotte.com\/index.php\/product\/top-carmina\/","title":{"rendered":"Top CARMINA"},"content":{"rendered":"<div>\n<p>Le top CARMINA est un top court 100% coton en broderie anglaise avec des manches courtes \u00e9vas\u00e9es. Son encolure carr\u00e9e, sa patte de boutonnage sur le devant, et ses finitions festonn\u00e9es lui apportent une touche romantique et l\u00e9g\u00e8re.<\/p>\n<p>&#8211; Top court<br \/>\n&#8211; Manches courtes \u00e9vas\u00e9es<br \/>\n&#8211; Patte de boutonnage<br \/>\n&#8211; Finitions festonn\u00e9es<\/p>\n<ul>\n<li>Couleur : BLANC<\/li>\n<\/ul>\n<p>Disponible en taille XS\/S, S\/M, et M\/L.<\/p>\n<p>Le mannequin mesure 1m73 et porte une taille XS\/S.<\/p>\n<h4><strong>Caract\u00e9ristiques Produit :\u00a0<\/strong><\/h4>\n<\/div>\n<div class=\"product-reference\"><strong><label class=\"label\">Composition :<\/label><\/strong>100% coton<\/div>\n<div class=\"product-reference\"><strong><label class=\"label\">Entretien :<\/label><\/strong>Lavage en machine 30\u00b0 maximum \/ Blanchiment interdit \/ Temp\u00e9rature maximale de repassage : 110 \u00b0C \/ Nettoyage \u00e0 sec autoris\u00e9 \/ S\u00e9chage en tambour interdit \/ Laver et repasser sur l&rsquo;envers<\/div>\n<div class=\"product-reference\"><strong><label class=\"label\">Pays de cr\u00e9ation :\u00a0<\/label><\/strong><\/div>\n<div>France<\/div>\n","protected":false},"excerpt":{"rendered":"<p>Le top CARMINA est un top court 100% coton en broderie anglaise avec des manches courtes \u00e9vas\u00e9es. Son encolure carr\u00e9e, sa patte de boutonnage sur le devant, et ses finitions festonn\u00e9es lui apportent une touche romantique et l\u00e9g\u00e8re.<\/p>\n","protected":false},"featured_media":2084,"comment_status":"open","ping_status":"closed","template":"","meta":[],"product_brand":[],"product_cat":[53,20],"product_tag":[31],"class_list":{"0":"post-1920","1":"product","2":"type-product","3":"status-publish","4":"has-post-thumbnail","6":"product_cat-collection-printemps-25","7":"product_cat-tops","8":"product_tag-design-francais","10":"first","11":"instock","12":"sale","13":"purchasable","14":"product-type-variable"},"aioseo_notices":[],"jetpack_sharing_enabled":true,"_links":{"self":[{"href":"https:\/\/lespepitesdemarlotte.com\/index.php\/wp-json\/wp\/v2\/product\/1920","targetHints":{"allow":["GET"]}}],"collection":[{"href":"https:\/\/lespepitesdemarlotte.com\/index.php\/wp-json\/wp\/v2\/product"}],"about":[{"href":"https:\/\/lespepitesdemarlotte.com\/index.php\/wp-json\/wp\/v2\/types\/product"}],"replies":[{"embeddable":true,"href":"https:\/\/lespepitesdemarlotte.com\/index.php\/wp-json\/wp\/v2\/comments?post=1920"}],"wp:featuredmedia":[{"embeddable":true,"href":"https:\/\/lespepitesdemarlotte.com\/index.php\/wp-json\/wp\/v2\/media\/2084"}],"wp:attachment":[{"href":"https:\/\/lespepitesdemarlotte.com\/index.php\/wp-json\/wp\/v2\/media?parent=1920"}],"wp:term":[{"taxonomy":"product_brand","embeddable":true,"href":"https:\/\/lespepitesdemarlotte.com\/index.php\/wp-json\/wp\/v2\/product_brand?post=1920"},{"taxonomy":"product_cat","embeddable":true,"href":"https:\/\/lespepitesdemarlotte.com\/index.php\/wp-json\/wp\/v2\/product_cat?post=1920"},{"taxonomy":"product_tag","embeddable":true,"href":"https:\/\/lespepitesdemarlotte.com\/index.php\/wp-json\/wp\/v2\/product_tag?post=1920"}],"curies":[{"name":"wp","href":"https:\/\/api.w.org\/{rel}","templated":true}]}}