{"id":1916,"date":"2025-04-15T11:20:23","date_gmt":"2025-04-15T09:20:23","guid":{"rendered":"https:\/\/lespepitesdemarlotte.com\/?post_type=product&#038;p=1916"},"modified":"2026-03-29T19:55:35","modified_gmt":"2026-03-29T17:55:35","slug":"chemise-serena-dolce-vita","status":"publish","type":"product","link":"https:\/\/lespepitesdemarlotte.com\/index.php\/product\/chemise-serena-dolce-vita\/","title":{"rendered":"Chemise SERENA Dolce Vita"},"content":{"rendered":"<div>\n<p>La chemise SERENA Dolce Vita est une chemise oversize \u00e0 manches courtes, \u00e0 nouer \u00e0 la taille. Elle est \u00e9lastiqu\u00e9e dans le dos pour un tomb\u00e9 parfait qui met en valeur votre taille. La chemise SERENA est d\u00e9clin\u00e9e ici dans son imprim\u00e9 \u00ab\u00a0Dolce Vita\u00a0\u00bb , avec ses motifs color\u00e9s aux accents floraux qui nous font voyager dans le Sud de l&rsquo;Italie et sentent bon la chaleur de l&rsquo;\u00e9t\u00e9. Son tissu est ultra agr\u00e9able, l\u00e9ger et fluide, parfait pour les journ\u00e9es ensoleill\u00e9es! On craque totalement pour son look \u00e0 la fois d\u00e9contract\u00e9 et f\u00e9minin.<\/p>\n<p>&#8211; Chemise oversize<br \/>\n&#8211; Manches courtes chauve-souris<br \/>\n&#8211; A nouer \u00e0 la taille<br \/>\n&#8211; Col classique et patte de boutonnage<\/p>\n<ul>\n<li>Couleur : Imprim\u00e9 DOLCE VITA<\/li>\n<\/ul>\n<p>Disponible en taille XS\/S, S\/M, et M\/L.<\/p>\n<p>Le mannequin mesure 1m73 et porte une taille XS\/S.<\/p>\n<h4><strong>Caract\u00e9ristiques Produit :\u00a0<\/strong><\/h4>\n<\/div>\n<div class=\"product-reference\"><strong><label class=\"label\">Composition :<\/label><\/strong>84% rayon, 16% nylon<\/div>\n<div class=\"product-reference\"><strong><label class=\"label\">Entretien :<\/label><\/strong>Lavage en machine 30\u00b0 maximum \/ Blanchiment interdit \/ Temp\u00e9rature maximale de repassage : 110 \u00b0C \/ Nettoyage \u00e0 sec autoris\u00e9 \/ S\u00e9chage en tambour interdit \/ Laver et repasser sur l&rsquo;envers<\/div>\n<div class=\"product-reference\"><strong><label class=\"label\">Pays de cr\u00e9ation :\u00a0<\/label><\/strong><\/div>\n<div>France<\/div>\n","protected":false},"excerpt":{"rendered":"<p>La chemise SERENA Dolce Vita est une chemise oversize \u00e0 manches courtes, \u00e0 nouer \u00e0 la taille. Elle est \u00e9lastiqu\u00e9e dans le dos pour un tomb\u00e9 parfait qui met en valeur votre taille. La chemise SERENA est d\u00e9clin\u00e9e ici dans son imprim\u00e9 \u00ab\u00a0Dolce Vita\u00a0\u00bb , avec ses motifs color\u00e9s aux accents floraux qui nous font voyager dans le Sud de l&rsquo;Italie et sentent bon la chaleur de l&rsquo;\u00e9t\u00e9. Son tissu est ultra agr\u00e9able, l\u00e9ger et fluide, parfait pour les journ\u00e9es ensoleill\u00e9es! On craque totalement pour son look \u00e0 la fois d\u00e9contract\u00e9 et f\u00e9minin.<\/p>\n","protected":false},"featured_media":1986,"comment_status":"open","ping_status":"closed","template":"","meta":[],"product_brand":[],"product_cat":[21,53],"product_tag":[31],"class_list":{"0":"post-1916","1":"product","2":"type-product","3":"status-publish","4":"has-post-thumbnail","6":"product_cat-chemises-blouses","7":"product_cat-collection-printemps-25","8":"product_tag-design-francais","10":"first","11":"instock","12":"sale","13":"purchasable","14":"product-type-variable"},"aioseo_notices":[],"jetpack_sharing_enabled":true,"_links":{"self":[{"href":"https:\/\/lespepitesdemarlotte.com\/index.php\/wp-json\/wp\/v2\/product\/1916","targetHints":{"allow":["GET"]}}],"collection":[{"href":"https:\/\/lespepitesdemarlotte.com\/index.php\/wp-json\/wp\/v2\/product"}],"about":[{"href":"https:\/\/lespepitesdemarlotte.com\/index.php\/wp-json\/wp\/v2\/types\/product"}],"replies":[{"embeddable":true,"href":"https:\/\/lespepitesdemarlotte.com\/index.php\/wp-json\/wp\/v2\/comments?post=1916"}],"wp:featuredmedia":[{"embeddable":true,"href":"https:\/\/lespepitesdemarlotte.com\/index.php\/wp-json\/wp\/v2\/media\/1986"}],"wp:attachment":[{"href":"https:\/\/lespepitesdemarlotte.com\/index.php\/wp-json\/wp\/v2\/media?parent=1916"}],"wp:term":[{"taxonomy":"product_brand","embeddable":true,"href":"https:\/\/lespepitesdemarlotte.com\/index.php\/wp-json\/wp\/v2\/product_brand?post=1916"},{"taxonomy":"product_cat","embeddable":true,"href":"https:\/\/lespepitesdemarlotte.com\/index.php\/wp-json\/wp\/v2\/product_cat?post=1916"},{"taxonomy":"product_tag","embeddable":true,"href":"https:\/\/lespepitesdemarlotte.com\/index.php\/wp-json\/wp\/v2\/product_tag?post=1916"}],"curies":[{"name":"wp","href":"https:\/\/api.w.org\/{rel}","templated":true}]}}