{"id":1892,"date":"2025-03-21T11:39:18","date_gmt":"2025-03-21T10:39:18","guid":{"rendered":"https:\/\/lespepitesdemarlotte.com\/?post_type=product&#038;p=1892"},"modified":"2025-08-17T13:34:43","modified_gmt":"2025-08-17T11:34:43","slug":"pantalon-pali","status":"publish","type":"product","link":"https:\/\/lespepitesdemarlotte.com\/index.php\/product\/pantalon-pali\/","title":{"rendered":"Pantalon Pali"},"content":{"rendered":"<div>\n<p data-start=\"110\" data-end=\"513\">Craquage total pour le pantalon PALI ! Un pantalon 100% coton \u00e0 la coupe impeccable, qui reprend les codes du jean 5 poches avec un tomb\u00e9 impeccable et \u00e0 la longueur 7\/8\u00e8me, parfait pour une silhouette \u00e9lanc\u00e9e. Son vichy intemporel est twist\u00e9 par un joli imprim\u00e9 fleuri. Un essentiel facile \u00e0 adopter, entre r\u00e9tro et modernit\u00e9. \u00c0 associer au top PACO assorti pour un total look ultra canon, ou \u00e0 twister avec une chemise oversize nou\u00e9e pour assumer l&rsquo;allure d\u00e9contract\u00e9e, ou bien avec un t-shirt ou un crop top uni.<\/p>\n<p data-start=\"110\" data-end=\"513\">&#8211; Pantalon taille haute imprim\u00e9 vichy<br \/>\n&#8211; Coupe \u00e9vas\u00e9e<br \/>\n&#8211; Passants \u00e0 la ceinture<br \/>\n&#8211; 2 poches devant<br \/>\n&#8211; Pinces au dos avec 2 poches plaqu\u00e9es<\/p>\n<div>\n<p>ATTENTION : ce mod\u00e8le taille petit (je vous conseille de prendre une taille au-dessus de votre taille habituelle).<\/p>\n<p>Le mannequin mesure 1m73 et porte une taille 38.<\/p>\n<p>Disponible du 34 au 44.<\/p>\n<p>Mesures du pantalon pour une taille 36 :<br \/>\n&#8211; Longueur : 102cm depuis la taille<br \/>\n&#8211; Tour de taille : 72cm<br \/>\n&#8211; Tour de bassin : 96cm<br \/>\n&#8211; Tour de cuisse : 63cm<\/p>\n<p>Comptez 1cm de plus en longueur entre chaque taille et 5cm en plus pour les tours de poitrine\/taille\/bassin.<\/p>\n<\/div>\n<\/div>\n<div>\n<h4><strong>Caract\u00e9ristiques Produit :\u00a0<\/strong><\/h4>\n<\/div>\n<div class=\"product-reference\">\n<p><strong><label class=\"label\">Composition :<\/label><\/strong><\/p>\n<p>100% Coton<\/p>\n<div class=\"collapsibles-wrapper collapsibles-wrapper--border-bottom\"><span style=\"font-size: 14px; font-weight: 600;\">Entretien :<\/span><\/div>\n<div class=\"collapsibles-wrapper collapsibles-wrapper--border-bottom\">Lavage en machine possible \u00e0 30\u00b0 maximum cycle d\u00e9licat \/ Laver avec des couleurs similaires \/ Blanchiment interdit \/ Repassage doux sur l&rsquo;envers \/ Nettoyage \u00e0 sec autoris\u00e9 \/ S\u00e9chage en tambour interdit<\/div>\n<\/div>\n<div class=\"product-reference\"><strong><label class=\"label\">Pays de cr\u00e9ation :\u00a0<\/label><\/strong><\/div>\n<div>France<\/div>\n<div class=\"product-reference\"><\/div>\n","protected":false},"excerpt":{"rendered":"<p>Craquage total pour le pantalon PALI ! Un pantalon 100% coton \u00e0 la coupe impeccable, qui reprend les codes du jean 5 poches avec un tomb\u00e9 impeccable et \u00e0 la longueur 7\/8\u00e8me, parfait pour une silhouette \u00e9lanc\u00e9e. Son vichy intemporel est twist\u00e9 par un joli imprim\u00e9 fleuri.<\/p>\n","protected":false},"featured_media":2352,"comment_status":"open","ping_status":"closed","template":"","meta":[],"product_brand":[],"product_cat":[53,44,33],"product_tag":[31],"class_list":{"0":"post-1892","1":"product","2":"type-product","3":"status-publish","4":"has-post-thumbnail","6":"product_cat-collection-printemps-25","7":"product_cat-ensembles","8":"product_cat-pantalons-jeans","9":"product_tag-design-francais","11":"first","12":"instock","13":"sale","14":"purchasable","15":"product-type-variable"},"aioseo_notices":[],"jetpack_sharing_enabled":true,"_links":{"self":[{"href":"https:\/\/lespepitesdemarlotte.com\/index.php\/wp-json\/wp\/v2\/product\/1892","targetHints":{"allow":["GET"]}}],"collection":[{"href":"https:\/\/lespepitesdemarlotte.com\/index.php\/wp-json\/wp\/v2\/product"}],"about":[{"href":"https:\/\/lespepitesdemarlotte.com\/index.php\/wp-json\/wp\/v2\/types\/product"}],"replies":[{"embeddable":true,"href":"https:\/\/lespepitesdemarlotte.com\/index.php\/wp-json\/wp\/v2\/comments?post=1892"}],"wp:featuredmedia":[{"embeddable":true,"href":"https:\/\/lespepitesdemarlotte.com\/index.php\/wp-json\/wp\/v2\/media\/2352"}],"wp:attachment":[{"href":"https:\/\/lespepitesdemarlotte.com\/index.php\/wp-json\/wp\/v2\/media?parent=1892"}],"wp:term":[{"taxonomy":"product_brand","embeddable":true,"href":"https:\/\/lespepitesdemarlotte.com\/index.php\/wp-json\/wp\/v2\/product_brand?post=1892"},{"taxonomy":"product_cat","embeddable":true,"href":"https:\/\/lespepitesdemarlotte.com\/index.php\/wp-json\/wp\/v2\/product_cat?post=1892"},{"taxonomy":"product_tag","embeddable":true,"href":"https:\/\/lespepitesdemarlotte.com\/index.php\/wp-json\/wp\/v2\/product_tag?post=1892"}],"curies":[{"name":"wp","href":"https:\/\/api.w.org\/{rel}","templated":true}]}}