{"id":1886,"date":"2025-03-21T11:26:45","date_gmt":"2025-03-21T10:26:45","guid":{"rendered":"https:\/\/lespepitesdemarlotte.com\/?post_type=product&#038;p=1886"},"modified":"2025-08-17T13:39:13","modified_gmt":"2025-08-17T11:39:13","slug":"salopette-orel","status":"publish","type":"product","link":"https:\/\/lespepitesdemarlotte.com\/index.php\/product\/salopette-orel\/","title":{"rendered":"Salopette OREL"},"content":{"rendered":"<div>\n<p>Voici la salopette OREL ! Un classique revisit\u00e9 avec des d\u00e9tails pleins de fra\u00eecheur. Cette salopette 100% coton vichy bleu est rehauss\u00e9e de petites fleurs imprim\u00e9es pour une touche subtile d\u2019originalit\u00e9. Sa coupe fluide et ses boutons sur les c\u00f4t\u00e9s la rendent aussi pratique que styl\u00e9e. Facile \u00e0 associer avec un t-shirt, un crop top, ou une blouse l\u00e9g\u00e8re par exemple. Le dos crois\u00e9 avec de fines bretelles \u00e0 glisser dans des \u0153illets, rend la salopette OREL enti\u00e8rement ajustable!<\/p>\n<p data-start=\"110\" data-end=\"513\">&#8211; Salopette \u00e0 carreaux vichy imprim\u00e9 fleuri<br \/>\n&#8211; Bretelles ajustables \u00e0 nouer dans le dos<br \/>\n&#8211; Coupe ample et droite<br \/>\n&#8211; Poches italiennes<br \/>\n&#8211; 3 boutons personnalis\u00e9s c\u00f4t\u00e9 gauche<\/p>\n<div>\n<p>ATTENTION : ce mod\u00e8le taille petit (je vous conseille de prendre une taille au-dessus de votre taille habituelle).<\/p>\n<p>Le mannequin mesure 1m73 et porte une taille 38.<\/p>\n<p>Disponible du 34 au 40.<\/p>\n<p>Mesures de la salopette pour une taille 36 :<br \/>\n&#8211; Longueur : 127cm depuis le haut<br \/>\n&#8211; Longueur de jambe : 103cm depuis la taille<br \/>\n&#8211; Tour de taille : 69m<br \/>\n&#8211; Tour de bassin : 103cm<br \/>\n&#8211; Tour de cuisse : 62cm<\/p>\n<p>Comptez 1cm de plus en longueur entre chaque taille et 5cm en plus pour les tours de poitrine\/taille\/bassin.<\/p>\n<\/div>\n<\/div>\n<div>\n<h4><strong>Caract\u00e9ristiques Produit :\u00a0<\/strong><\/h4>\n<\/div>\n<div class=\"product-reference\">\n<p><strong><label class=\"label\">Composition :<\/label><\/strong><\/p>\n<p>100% Coton<\/p>\n<div class=\"collapsibles-wrapper collapsibles-wrapper--border-bottom\"><span style=\"font-size: 14px; font-weight: 600;\">Entretien :<\/span><\/div>\n<div class=\"collapsibles-wrapper collapsibles-wrapper--border-bottom\">Lavage en machine possible \u00e0 30\u00b0 maximum cycle d\u00e9licat \/ Laver avec des couleurs similaires \/ Blanchiment interdit \/ Repassage doux sur l&rsquo;envers \/ Nettoyage \u00e0 sec autoris\u00e9 \/ S\u00e9chage en tambour interdit<\/div>\n<\/div>\n<div class=\"product-reference\"><strong><label class=\"label\">Pays de cr\u00e9ation :\u00a0<\/label><\/strong><\/div>\n<div>France<\/div>\n<div class=\"product-reference\"><\/div>\n","protected":false},"excerpt":{"rendered":"<p>Voici la salopette OREL ! Un classique revisit\u00e9 avec des d\u00e9tails pleins de fra\u00eecheur. Cette salopette 100% coton vichy bleu est rehauss\u00e9e de petites fleurs imprim\u00e9es pour une touche subtile d\u2019originalit\u00e9. Le dos crois\u00e9 avec de fines bretelles \u00e0 glisser dans des \u0153illets, rend la salopette OREL enti\u00e8rement ajustable!<\/p>\n","protected":false},"featured_media":2078,"comment_status":"open","ping_status":"closed","template":"","meta":[],"product_brand":[],"product_cat":[53,22],"product_tag":[31],"class_list":{"0":"post-1886","1":"product","2":"type-product","3":"status-publish","4":"has-post-thumbnail","6":"product_cat-collection-printemps-25","7":"product_cat-robes-et-combinaisons","8":"product_tag-design-francais","10":"first","11":"instock","12":"sale","13":"purchasable","14":"product-type-variable"},"aioseo_notices":[],"jetpack_sharing_enabled":true,"_links":{"self":[{"href":"https:\/\/lespepitesdemarlotte.com\/index.php\/wp-json\/wp\/v2\/product\/1886","targetHints":{"allow":["GET"]}}],"collection":[{"href":"https:\/\/lespepitesdemarlotte.com\/index.php\/wp-json\/wp\/v2\/product"}],"about":[{"href":"https:\/\/lespepitesdemarlotte.com\/index.php\/wp-json\/wp\/v2\/types\/product"}],"replies":[{"embeddable":true,"href":"https:\/\/lespepitesdemarlotte.com\/index.php\/wp-json\/wp\/v2\/comments?post=1886"}],"wp:featuredmedia":[{"embeddable":true,"href":"https:\/\/lespepitesdemarlotte.com\/index.php\/wp-json\/wp\/v2\/media\/2078"}],"wp:attachment":[{"href":"https:\/\/lespepitesdemarlotte.com\/index.php\/wp-json\/wp\/v2\/media?parent=1886"}],"wp:term":[{"taxonomy":"product_brand","embeddable":true,"href":"https:\/\/lespepitesdemarlotte.com\/index.php\/wp-json\/wp\/v2\/product_brand?post=1886"},{"taxonomy":"product_cat","embeddable":true,"href":"https:\/\/lespepitesdemarlotte.com\/index.php\/wp-json\/wp\/v2\/product_cat?post=1886"},{"taxonomy":"product_tag","embeddable":true,"href":"https:\/\/lespepitesdemarlotte.com\/index.php\/wp-json\/wp\/v2\/product_tag?post=1886"}],"curies":[{"name":"wp","href":"https:\/\/api.w.org\/{rel}","templated":true}]}}