{"id":1852,"date":"2025-03-03T15:27:58","date_gmt":"2025-03-03T14:27:58","guid":{"rendered":"https:\/\/lespepitesdemarlotte.com\/?post_type=product&#038;p=1852"},"modified":"2026-02-15T11:43:30","modified_gmt":"2026-02-15T10:43:30","slug":"combinaison-orly-rayures-bleues","status":"publish","type":"product","link":"https:\/\/lespepitesdemarlotte.com\/index.php\/product\/combinaison-orly-rayures-bleues\/","title":{"rendered":"Combinaison ORLY rayures bleues"},"content":{"rendered":"<div>\n<p>La combinaison ORLY est de retour ! Cette fois-ci (re)d\u00e9couvrez-la avec ses rayures Oshkosh ! On craque compl\u00e8tement pour sa coupe ajust\u00e9e ultra flatteuse, ses jambes \u00e9vas\u00e9es, son d\u00e9collet\u00e9 en V magnifique, et son dos zipp\u00e9 aux d\u00e9coupes g\u00e9om\u00e9triques !<\/p>\n<p>La combinaison ORLY rayures bleues vous suit absolument partout, de jour comme de nuit !<\/p>\n<p>Sa coupe pr\u00e8s du corps et son tissus denim \u00e9lastique et galbant permettent de la porter sans soutien-gorge tout en se sentant parfaitement soutenue (et pas toute nue!). La longueur au niveau des jambes est courte pour un style encore plus tendance et affirm\u00e9.<\/p>\n<div>\n<ul>\n<li>Combinaison sans manches<\/li>\n<li>Coupe ajust\u00e9e<\/li>\n<li>Tissus galbant<\/li>\n<li>Deux poches italiennes<\/li>\n<li>D\u00e9coupes \u00e0 la taille<\/li>\n<li>Zip dans le dos<\/li>\n<li>Encollure en V<\/li>\n<li>Jambes \u00e9vas\u00e9es<\/li>\n<li>Plis \u00e0 la taille<\/li>\n<\/ul>\n<p>Disponible de la taille 34 \u00e0 42.<\/p>\n<p>Le mannequin mesure 1m73 et porte une taille 36.<\/p>\n<p>Mesures de la combinaison pour une taille 36 :<br \/>\n&#8211; Longueur : 142cm depuis l&rsquo;\u00e9paule<br \/>\n&#8211; Tour de taille : 73m<br \/>\n&#8211; Tour de bassin : 99cm<br \/>\n&#8211; Tour de cuisse : 64cm<\/p>\n<p>Comptez 1cm de plus en longueur entre chaque taille et 5cm en plus pour les tours de poitrine\/taille\/bassin.<\/p>\n<\/div>\n<\/div>\n<div>\n<h4><strong>Caract\u00e9ristiques Produit :\u00a0<\/strong><\/h4>\n<\/div>\n<div class=\"product-reference\">\n<p><strong><label class=\"label\">Composition :<\/label><\/strong><\/p>\n<p>60% Polyester 40% Coton<br \/>\nTissu solide et durable, et tr\u00e8s facile d\u2019entretien<\/p>\n<div class=\"collapsibles-wrapper collapsibles-wrapper--border-bottom\"><span style=\"font-size: 14px; font-weight: 600;\">Entretien :<\/span><\/div>\n<div class=\"collapsibles-wrapper collapsibles-wrapper--border-bottom\">Lavage en machine possible \u00e0 30\u00b0 maximum cycle d\u00e9licat \/ Laver avec des couleurs similaires \/ Blanchiment interdit \/ Repassage doux sur l&rsquo;envers \/ Nettoyage \u00e0 sec autoris\u00e9 \/ S\u00e9chage en tambour interdit<\/div>\n<\/div>\n<div class=\"product-reference\"><strong><label class=\"label\">Pays de cr\u00e9ation :\u00a0<\/label><\/strong><\/div>\n<div>France<\/div>\n<div class=\"product-reference\"><\/div>\n","protected":false},"excerpt":{"rendered":"<p>La combinaison ORLY est de retour ! Cette fois-ci (re)d\u00e9couvrez-la avec ses rayures Oshkosh ! On craque compl\u00e8tement pour sa coupe ajust\u00e9e ultra flatteuse, ses jambes \u00e9vas\u00e9es, son d\u00e9collet\u00e9 en V magnifique, et son dos zipp\u00e9 aux d\u00e9coupes g\u00e9om\u00e9triques !<\/p>\n","protected":false},"featured_media":1975,"comment_status":"open","ping_status":"closed","template":"","meta":[],"product_brand":[],"product_cat":[53,22],"product_tag":[31],"class_list":{"0":"post-1852","1":"product","2":"type-product","3":"status-publish","4":"has-post-thumbnail","6":"product_cat-collection-printemps-25","7":"product_cat-robes-et-combinaisons","8":"product_tag-design-francais","10":"first","11":"instock","12":"sale","13":"purchasable","14":"product-type-variable"},"aioseo_notices":[],"jetpack_sharing_enabled":true,"_links":{"self":[{"href":"https:\/\/lespepitesdemarlotte.com\/index.php\/wp-json\/wp\/v2\/product\/1852","targetHints":{"allow":["GET"]}}],"collection":[{"href":"https:\/\/lespepitesdemarlotte.com\/index.php\/wp-json\/wp\/v2\/product"}],"about":[{"href":"https:\/\/lespepitesdemarlotte.com\/index.php\/wp-json\/wp\/v2\/types\/product"}],"replies":[{"embeddable":true,"href":"https:\/\/lespepitesdemarlotte.com\/index.php\/wp-json\/wp\/v2\/comments?post=1852"}],"wp:featuredmedia":[{"embeddable":true,"href":"https:\/\/lespepitesdemarlotte.com\/index.php\/wp-json\/wp\/v2\/media\/1975"}],"wp:attachment":[{"href":"https:\/\/lespepitesdemarlotte.com\/index.php\/wp-json\/wp\/v2\/media?parent=1852"}],"wp:term":[{"taxonomy":"product_brand","embeddable":true,"href":"https:\/\/lespepitesdemarlotte.com\/index.php\/wp-json\/wp\/v2\/product_brand?post=1852"},{"taxonomy":"product_cat","embeddable":true,"href":"https:\/\/lespepitesdemarlotte.com\/index.php\/wp-json\/wp\/v2\/product_cat?post=1852"},{"taxonomy":"product_tag","embeddable":true,"href":"https:\/\/lespepitesdemarlotte.com\/index.php\/wp-json\/wp\/v2\/product_tag?post=1852"}],"curies":[{"name":"wp","href":"https:\/\/api.w.org\/{rel}","templated":true}]}}