{"id":1823,"date":"2025-03-03T10:44:33","date_gmt":"2025-03-03T09:44:33","guid":{"rendered":"https:\/\/lespepitesdemarlotte.com\/?post_type=product&#038;p=1823"},"modified":"2025-08-17T13:47:04","modified_gmt":"2025-08-17T11:47:04","slug":"veste-vicky-bleue","status":"publish","type":"product","link":"https:\/\/lespepitesdemarlotte.com\/index.php\/product\/veste-vicky-bleue\/","title":{"rendered":"Veste VICKY bleue"},"content":{"rendered":"<div>\n<p>La veste VICKY bleue \u00e0 rayures est une bouff\u00e9e d\u2019air frais dans votre garde-robe. Avec sa coupe courte et structur\u00e9e, sa rayure Oshkosh et ses boutons m\u00e9talliques, elle revisite l\u2019esprit workwear avec une touche ultra-moderne. Port\u00e9e avec le pantalon PAUL assorti, votre look assume son caract\u00e8re affirm\u00e9, tendance et original.<\/p>\n<p>&#8211; Tissu structur\u00e9 et\u00a0r\u00e9sistant<br \/>\n&#8211; Boutons personnalis\u00e9s Laure+Max<br \/>\n&#8211; Poches devant<br \/>\n&#8211; Empi\u00e8cement en V au dos<br \/>\n&#8211; Poignets boutonn\u00e9s avec fentes<\/p>\n<p>&nbsp;<\/p>\n<p>Disponible de la taille XS \u00e0 L.<\/p>\n<p>Le mannequin mesure 1m73 et porte une taille S.<\/p>\n<p>Mesures de la veste pour une taille S :<br \/>\n&#8211; Longueur : 53cm depuis l&rsquo;\u00e9paule<\/p>\n<p>Comptez 1cm de plus en longueur entre chaque taille et 5cm en plus pour les tours de poitrine\/taille\/bassin<\/p>\n<\/div>\n<div>\n<h4><strong>Caract\u00e9ristiques Produit :\u00a0<\/strong><\/h4>\n<\/div>\n<div class=\"product-reference\">\n<p><strong><label class=\"label\">Composition :<\/label><\/strong><\/p>\n<div class=\"product-single__description rte\">\n<p>60% Polyester 40% Coton<br \/>\nTissu solide et durable, et tr\u00e8s facile d\u2019entretien<\/p>\n<\/div>\n<div class=\"collapsibles-wrapper collapsibles-wrapper--border-bottom\"><span style=\"font-size: 14px; font-weight: 600;\">Entretien :<\/span><\/div>\n<\/div>\n<div class=\"product-reference\">Lavage en machine possible \u00e0 30\u00b0 max \/ Laver avec des couleurs similaires \/ Blanchiment interdit \/ Laver et repasser sur l&rsquo;envers \/ Nettoyage \u00e0 sec autoris\u00e9 \/ S\u00e9chage en tambour interdit<\/div>\n<div>S\u00e8che-linge non conseill\u00e9 car il a tendance \u00e0 r\u00e9tr\u00e9cir la fibre. Pour la team \u201cs\u00e8che-linge sinon rien\u00a0\u00bb, utilisez un programme d\u00e9licat, privil\u00e9giez un cycle \u00e0 peu de tours par minute.<br \/>\nRepassage \u00e0 l&rsquo;envers pour \u00e9viter de lustrer la mati\u00e8re (le fer ne doit pas \u00eatre trop chaud).<\/div>\n<div><\/div>\n<div class=\"product-reference\"><strong><label class=\"label\">Pays de cr\u00e9ation :\u00a0<\/label><\/strong><\/div>\n<div>France<\/div>\n","protected":false},"excerpt":{"rendered":"<p>La veste VICKY bleue \u00e0 rayures, avec sa coupe courte et structur\u00e9e, sa rayure Oshkosh et ses boutons m\u00e9talliques,\u00a0 revisite l\u2019esprit workwear avec une touche ultra-moderne. Port\u00e9e avec le pantalon PAUL assorti, votre look assume son caract\u00e8re affirm\u00e9, tendance et original.<\/p>\n","protected":false},"featured_media":2094,"comment_status":"open","ping_status":"closed","template":"","meta":[],"product_brand":[],"product_cat":[53,44,35],"product_tag":[31],"class_list":{"0":"post-1823","1":"product","2":"type-product","3":"status-publish","4":"has-post-thumbnail","6":"product_cat-collection-printemps-25","7":"product_cat-ensembles","8":"product_cat-vestes","9":"product_tag-design-francais","11":"first","12":"instock","13":"sale","14":"purchasable","15":"product-type-variable"},"aioseo_notices":[],"jetpack_sharing_enabled":true,"_links":{"self":[{"href":"https:\/\/lespepitesdemarlotte.com\/index.php\/wp-json\/wp\/v2\/product\/1823","targetHints":{"allow":["GET"]}}],"collection":[{"href":"https:\/\/lespepitesdemarlotte.com\/index.php\/wp-json\/wp\/v2\/product"}],"about":[{"href":"https:\/\/lespepitesdemarlotte.com\/index.php\/wp-json\/wp\/v2\/types\/product"}],"replies":[{"embeddable":true,"href":"https:\/\/lespepitesdemarlotte.com\/index.php\/wp-json\/wp\/v2\/comments?post=1823"}],"wp:featuredmedia":[{"embeddable":true,"href":"https:\/\/lespepitesdemarlotte.com\/index.php\/wp-json\/wp\/v2\/media\/2094"}],"wp:attachment":[{"href":"https:\/\/lespepitesdemarlotte.com\/index.php\/wp-json\/wp\/v2\/media?parent=1823"}],"wp:term":[{"taxonomy":"product_brand","embeddable":true,"href":"https:\/\/lespepitesdemarlotte.com\/index.php\/wp-json\/wp\/v2\/product_brand?post=1823"},{"taxonomy":"product_cat","embeddable":true,"href":"https:\/\/lespepitesdemarlotte.com\/index.php\/wp-json\/wp\/v2\/product_cat?post=1823"},{"taxonomy":"product_tag","embeddable":true,"href":"https:\/\/lespepitesdemarlotte.com\/index.php\/wp-json\/wp\/v2\/product_tag?post=1823"}],"curies":[{"name":"wp","href":"https:\/\/api.w.org\/{rel}","templated":true}]}}