{"id":1722,"date":"2024-11-14T15:09:08","date_gmt":"2024-11-14T14:09:08","guid":{"rendered":"https:\/\/lespepitesdemarlotte.com\/?post_type=product&#038;p=1722"},"modified":"2025-07-31T14:07:14","modified_gmt":"2025-07-31T12:07:14","slug":"bracelet-leopard-et-or","status":"publish","type":"product","link":"https:\/\/lespepitesdemarlotte.com\/index.php\/product\/bracelet-leopard-et-or\/","title":{"rendered":"Bracelet L\u00e9opard et Or"},"content":{"rendered":"<p>Le bracelet L\u00e9opard et Or est un bracelet en corne v\u00e9ritable aux couleurs naturelles rappelant le motif l\u00e9opard, avec des gravures dor\u00e9es \u00e0 la feuille d&rsquo;or.<\/p>\n<p>[Vendu \u00e0 l&rsquo;unit\u00e9]<\/p>\n<p>*Important : chaque jonc est diff\u00e9rent et unique puisqu&rsquo;il provient d&rsquo;un morceau de corne de buffle propre \u00e0 l&rsquo;animal en question. Les animaux ne sont pas tu\u00e9s pour leurs cornes, au Vietnam, l&rsquo;alimentation est compos\u00e9e en grande partie de cette viande de buffle, et les cornes sont recycl\u00e9es dans des manufactures artisanales.<\/p>\n<p>Diam\u00e8tre int\u00e9rieur des bracelets :\u00a062mm &#8211; Poignets 16.5-17.5cm<\/p>\n<p>&nbsp;<\/p>\n<h4><strong>Caract\u00e9ristiques Produit :\u00a0<\/strong><\/h4>\n<p>R\u00e9sistant \u00e0 l&rsquo;eau<\/p>\n<p>Tous les joncs sont fabriqu\u00e9s \u00e0 la main avec le plus grand soin, et dor\u00e9s et la feuille d&rsquo;or.<\/p>\n<p>Made in : Vietnam<\/p>\n","protected":false},"excerpt":{"rendered":"<p>Le bracelet L\u00e9opard et Or est un bracelet en corne v\u00e9ritable aux couleurs naturelles rappelant le motif l\u00e9opard, avec des gravures dor\u00e9es \u00e0 la feuille d&rsquo;or.<\/p>\n","protected":false},"featured_media":1733,"comment_status":"open","ping_status":"closed","template":"","meta":[],"product_brand":[],"product_cat":[24,40],"product_tag":[52],"class_list":{"0":"post-1722","1":"product","2":"type-product","3":"status-publish","4":"has-post-thumbnail","6":"product_cat-bijoux","7":"product_cat-bracelets","8":"product_tag-artisanat","10":"first","11":"instock","12":"sale","13":"purchasable","14":"product-type-simple"},"aioseo_notices":[],"jetpack_sharing_enabled":true,"_links":{"self":[{"href":"https:\/\/lespepitesdemarlotte.com\/index.php\/wp-json\/wp\/v2\/product\/1722","targetHints":{"allow":["GET"]}}],"collection":[{"href":"https:\/\/lespepitesdemarlotte.com\/index.php\/wp-json\/wp\/v2\/product"}],"about":[{"href":"https:\/\/lespepitesdemarlotte.com\/index.php\/wp-json\/wp\/v2\/types\/product"}],"replies":[{"embeddable":true,"href":"https:\/\/lespepitesdemarlotte.com\/index.php\/wp-json\/wp\/v2\/comments?post=1722"}],"wp:featuredmedia":[{"embeddable":true,"href":"https:\/\/lespepitesdemarlotte.com\/index.php\/wp-json\/wp\/v2\/media\/1733"}],"wp:attachment":[{"href":"https:\/\/lespepitesdemarlotte.com\/index.php\/wp-json\/wp\/v2\/media?parent=1722"}],"wp:term":[{"taxonomy":"product_brand","embeddable":true,"href":"https:\/\/lespepitesdemarlotte.com\/index.php\/wp-json\/wp\/v2\/product_brand?post=1722"},{"taxonomy":"product_cat","embeddable":true,"href":"https:\/\/lespepitesdemarlotte.com\/index.php\/wp-json\/wp\/v2\/product_cat?post=1722"},{"taxonomy":"product_tag","embeddable":true,"href":"https:\/\/lespepitesdemarlotte.com\/index.php\/wp-json\/wp\/v2\/product_tag?post=1722"}],"curies":[{"name":"wp","href":"https:\/\/api.w.org\/{rel}","templated":true}]}}