{"id":164,"date":"2024-01-04T15:38:33","date_gmt":"2024-01-04T14:38:33","guid":{"rendered":"https:\/\/lespepitesdemarlotte.com\/?post_type=product&#038;p=164"},"modified":"2025-10-26T14:32:05","modified_gmt":"2025-10-26T13:32:05","slug":"pantalon-dorone","status":"publish","type":"product","link":"https:\/\/lespepitesdemarlotte.com\/index.php\/product\/pantalon-dorone\/","title":{"rendered":"Pantalon DORONE"},"content":{"rendered":"<div>\n<p>Apportez une touche de r\u00e9tro disco chic \u00e0 vos plus belles tenues avec le pantalon DORONE ! 100% made in France.<\/p>\n<p>Vous allez craquer pour sa coupe \u00e9vas\u00e9e qui affine vos jambes tout en mettant en valeurs vos courbes. Le pantalon DORONE paillet\u00e9 dor\u00e9 est super brillant, super confortable et tellement chic !<\/p>\n<p>Vous pouvez le porter avec une chemise fluide ou un top moulant classique ou crop top. Un t-shirt basique rendra la silhouette plus douce et plus facilement portable. En cas de fraicheur hivernale, il joli pull se mariera parfaitement avec ce pantalon \u00e0 sequins.<\/p>\n<p>Mettez vos plus belles baskets ou vos talons pr\u00e9f\u00e9r\u00e9s avec ce pantalon pour enflammer le dancefloor ! Let&rsquo;s go Disco !<\/p>\n<p>Le pantalon DORONE est propos\u00e9 uniquement en couleur OR.<\/p>\n<ul>\n<li>Tissu fluide et \u00e9lastique<\/li>\n<li>Coupe \u00e9vas\u00e9e<\/li>\n<li>Taille haute<\/li>\n<\/ul>\n<p>Disponible en taille 1 (36\/38) et taille 2 (38\/40)<br \/>\nLe mannequin porte une taille 1.<\/p>\n<\/div>\n<div>\n<h4><strong>Caract\u00e9ristiques Produit :\u00a0<\/strong><\/h4>\n<\/div>\n<div class=\"product-reference\">\n<p><strong><label class=\"label\">Composition :<\/label><\/strong><\/p>\n<div class=\"product-single__description rte\">\n<p>100% polyester<\/p>\n<\/div>\n<div class=\"collapsibles-wrapper collapsibles-wrapper--border-bottom\"><span style=\"font-size: 14px; font-weight: 600;\">Entretien :<\/span><\/div>\n<\/div>\n<div class=\"product-reference\">Lavage en machine possible \u00e0 30\u00b0 maximum \/ Blanchiment interdit \/ Ne pas repasser \/ Nettoyage \u00e0 sec autoris\u00e9 \/ S\u00e9chage en tambour interdit<\/div>\n<div class=\"product-reference\"><strong><label class=\"label\">Pays de cr\u00e9ation :\u00a0<\/label><\/strong><\/div>\n<div>France<\/div>\n<div class=\"product-reference\"><strong><label class=\"label\">Made in :<\/label><\/strong><\/div>\n<div class=\"product-reference\">France<\/div>\n","protected":false},"excerpt":{"rendered":"<p>Vous allez craquer pour Le pantalon DORONE paillet\u00e9 dor\u00e9! Sa coupe \u00e9vas\u00e9e affine vos jambes tout en mettant en valeurs vos courbes. Let&rsquo;s go Disco \u2728 !<\/p>\n","protected":false},"featured_media":345,"comment_status":"open","ping_status":"closed","template":"","meta":[],"product_brand":[],"product_cat":[33],"product_tag":[27,31],"class_list":{"0":"post-164","1":"product","2":"type-product","3":"status-publish","4":"has-post-thumbnail","6":"product_cat-pantalons-jeans","7":"product_tag-made-in-france","8":"product_tag-design-francais","10":"first","11":"instock","12":"sale","13":"purchasable","14":"product-type-variable"},"aioseo_notices":[],"jetpack_sharing_enabled":true,"_links":{"self":[{"href":"https:\/\/lespepitesdemarlotte.com\/index.php\/wp-json\/wp\/v2\/product\/164","targetHints":{"allow":["GET"]}}],"collection":[{"href":"https:\/\/lespepitesdemarlotte.com\/index.php\/wp-json\/wp\/v2\/product"}],"about":[{"href":"https:\/\/lespepitesdemarlotte.com\/index.php\/wp-json\/wp\/v2\/types\/product"}],"replies":[{"embeddable":true,"href":"https:\/\/lespepitesdemarlotte.com\/index.php\/wp-json\/wp\/v2\/comments?post=164"}],"wp:featuredmedia":[{"embeddable":true,"href":"https:\/\/lespepitesdemarlotte.com\/index.php\/wp-json\/wp\/v2\/media\/345"}],"wp:attachment":[{"href":"https:\/\/lespepitesdemarlotte.com\/index.php\/wp-json\/wp\/v2\/media?parent=164"}],"wp:term":[{"taxonomy":"product_brand","embeddable":true,"href":"https:\/\/lespepitesdemarlotte.com\/index.php\/wp-json\/wp\/v2\/product_brand?post=164"},{"taxonomy":"product_cat","embeddable":true,"href":"https:\/\/lespepitesdemarlotte.com\/index.php\/wp-json\/wp\/v2\/product_cat?post=164"},{"taxonomy":"product_tag","embeddable":true,"href":"https:\/\/lespepitesdemarlotte.com\/index.php\/wp-json\/wp\/v2\/product_tag?post=164"}],"curies":[{"name":"wp","href":"https:\/\/api.w.org\/{rel}","templated":true}]}}