{"id":1527,"date":"2024-11-12T15:06:26","date_gmt":"2024-11-12T14:06:26","guid":{"rendered":"https:\/\/lespepitesdemarlotte.com\/?post_type=product&#038;p=1527"},"modified":"2025-10-26T14:06:46","modified_gmt":"2025-10-26T13:06:46","slug":"pull-hope-beige","status":"publish","type":"product","link":"https:\/\/lespepitesdemarlotte.com\/index.php\/product\/pull-hope-beige\/","title":{"rendered":"Pull HOPE beige"},"content":{"rendered":"<div>\n<p>Le pull HOPE beige c&rsquo;est la pi\u00e8ce incontournable d&rsquo;un bon dressing d&rsquo;hiver : une jolie maille chaude et toute douce avec un m\u00e9lange de laine et d&rsquo;alpaga, une coupe ajust\u00e9e mais pas moulante, un col rond, et de longues manches ress\u00e9r\u00e9es au niveau des poignets.<\/p>\n<p>Le pull HOPE est disponible en deux couleurs : beige et gris chin\u00e9. C&rsquo;est un pull bien chaud qui contient 20% de laine et 18% d&rsquo;alpaga.<\/p>\n<p>Certifi\u00e9 GRS (Global Recycled Standard), RAS (Responsible Alpaca Standard) et RWS (Responsible Wool Standard).<\/p>\n<ul>\n<li>Pull coupe ajust\u00e9e<\/li>\n<li>Col rond<\/li>\n<li>Manches longues<\/li>\n<\/ul>\n<p>Disponible en taille XS\/S, S\/M et M\/L.<\/p>\n<p>Taille grand.<\/p>\n<p>Le mannequin mesure 1m73 et porte une taille XS\/S.<\/p>\n<blockquote><p>\u00e0 propos des certifications :<\/p>\n<p>La norme <strong>Responsible Alpaca Standard (RAS)<\/strong> est\u00a0une norme internationale volontaire qui garantit que la laine d&rsquo;alpaga provient de sources responsables et provient d&rsquo;agriculteurs respectant des normes \u00e9lev\u00e9es de bien-\u00eatre animal<\/p>\n<p>La norme <strong>Responsible Wool Standard (RWS)<\/strong> est une norme qui traite du bien-\u00eatre des moutons et des terres sur lesquelles ils paissent. Elle garantit \u00e9galement le bon traitement de la laine en tant que fibre.<\/p>\n<p>La norme <strong>Global Recycled Standard (GRS)<\/strong> est\u00a0une norme de produit compl\u00e8te permettant de v\u00e9rifier et de suivre les mati\u00e8res premi\u00e8res recycl\u00e9es tout au long de la cha\u00eene d&rsquo;approvisionnement\u00a0. Elle comprend \u00e9galement des crit\u00e8res de traitement pour \u00e9viter l&rsquo;utilisation de produits chimiques potentiellement dangereux et v\u00e9rifie la production sociale ou environnementale positive dans les installations.<\/p><\/blockquote>\n<h4><strong>Caract\u00e9ristiques Produit :\u00a0<\/strong><\/h4>\n<\/div>\n<div class=\"product-reference\"><strong><label class=\"label\">Composition :<\/label><\/strong>50% Polyamide recycl\u00e9, 20% Laine certifi\u00e9e RWS, 19% Acrylique, 18% Alpaga certifi\u00e9 RAS, 10% Polyamide, 3% Elasthane.<\/div>\n<div><\/div>\n<div class=\"product-reference\"><strong><label class=\"label\">Entretien :<\/label><\/strong>Lavage \u00e0 la machine programme Laine \/ Utiliser un nettoyant pour Laine \/ Laver avec des coloris similaires \/ Blanchiment interdit \/ Ne pas repasser \/ Nettoyage \u00e0 sec autoris\u00e9 \/ S\u00e9chage en tambour interdit \/ S\u00e9cher \u00e0 plat \/ Du boulochage peut appara\u00eetre lorqu&rsquo;utilis\u00e9<\/div>\n<div class=\"product-reference\"><strong><label class=\"label\">Pays de cr\u00e9ation :\u00a0<\/label><\/strong><\/div>\n<div>Danemark<\/div>\n","protected":false},"excerpt":{"rendered":"<p>Le pull HOPE beige c&rsquo;est la pi\u00e8ce incontournable d&rsquo;un bon dressing d&rsquo;hiver : une jolie maille chaude et toute douce avec un m\u00e9lange de laine et d&rsquo;alpaga, une coupe ajust\u00e9e mais pas moulante, un col rond, et de longues manches ress\u00e9r\u00e9es au niveau des poignets. Disponible en deux couleurs : beige et gris chin\u00e9. C&rsquo;est un pull bien chaud qui contient 20% de laine et 18% d&rsquo;alpaga.<\/p>\n","protected":false},"featured_media":1552,"comment_status":"open","ping_status":"closed","template":"","meta":[],"product_brand":[],"product_cat":[54],"product_tag":[47,49,48],"class_list":{"0":"post-1527","1":"product","2":"type-product","3":"status-publish","4":"has-post-thumbnail","6":"product_cat-pulls","7":"product_tag-certification-grs","8":"product_tag-certification-ras","9":"product_tag-certification-rws","11":"first","12":"instock","13":"sale","14":"purchasable","15":"product-type-variable"},"aioseo_notices":[],"jetpack_sharing_enabled":true,"_links":{"self":[{"href":"https:\/\/lespepitesdemarlotte.com\/index.php\/wp-json\/wp\/v2\/product\/1527","targetHints":{"allow":["GET"]}}],"collection":[{"href":"https:\/\/lespepitesdemarlotte.com\/index.php\/wp-json\/wp\/v2\/product"}],"about":[{"href":"https:\/\/lespepitesdemarlotte.com\/index.php\/wp-json\/wp\/v2\/types\/product"}],"replies":[{"embeddable":true,"href":"https:\/\/lespepitesdemarlotte.com\/index.php\/wp-json\/wp\/v2\/comments?post=1527"}],"wp:featuredmedia":[{"embeddable":true,"href":"https:\/\/lespepitesdemarlotte.com\/index.php\/wp-json\/wp\/v2\/media\/1552"}],"wp:attachment":[{"href":"https:\/\/lespepitesdemarlotte.com\/index.php\/wp-json\/wp\/v2\/media?parent=1527"}],"wp:term":[{"taxonomy":"product_brand","embeddable":true,"href":"https:\/\/lespepitesdemarlotte.com\/index.php\/wp-json\/wp\/v2\/product_brand?post=1527"},{"taxonomy":"product_cat","embeddable":true,"href":"https:\/\/lespepitesdemarlotte.com\/index.php\/wp-json\/wp\/v2\/product_cat?post=1527"},{"taxonomy":"product_tag","embeddable":true,"href":"https:\/\/lespepitesdemarlotte.com\/index.php\/wp-json\/wp\/v2\/product_tag?post=1527"}],"curies":[{"name":"wp","href":"https:\/\/api.w.org\/{rel}","templated":true}]}}