{"id":1472,"date":"2024-11-07T12:40:19","date_gmt":"2024-11-07T11:40:19","guid":{"rendered":"https:\/\/lespepitesdemarlotte.com\/?post_type=product&#038;p=1472"},"modified":"2025-10-26T14:07:50","modified_gmt":"2025-10-26T13:07:50","slug":"banane-sequins","status":"publish","type":"product","link":"https:\/\/lespepitesdemarlotte.com\/index.php\/product\/banane-sequins\/","title":{"rendered":"Banane SEQUINS"},"content":{"rendered":"<div>\n<p>La banane SEQUINS c&rsquo;est la pi\u00e8ce qui va venir mettre des paillettes dans votre vie cet hiver !<\/p>\n<p>De jour comme de nuit, la banane SEQUINS vous donne un look ultra styl\u00e9 tout en \u00e9tant super pratique! De taille id\u00e9ale, elle poss\u00e8de une petite poche int\u00e9rieure pour compartimenter vos affaires.<\/p>\n<ul>\n<li>Dimensions : 22 x 35cm hors anses<\/li>\n<li>Banane \u00e0 sequins enti\u00e8rement doubl\u00e9e<\/li>\n<li>Hanse r\u00e9glable<\/li>\n<li>Fermeture avec zip<\/li>\n<li>Poche int\u00e9rieure<\/li>\n<\/ul>\n<\/div>\n<div>\n<p>Taille unique<\/p>\n<\/div>\n<div>\n<h4><strong>Caract\u00e9ristiques Produit :\u00a0<\/strong><\/h4>\n<\/div>\n<div class=\"product-reference\"><strong><label class=\"label\">Composition :<\/label><\/strong>100% polyester<\/div>\n<div class=\"product-reference\"><strong><label class=\"label\">\u00a0<\/label><\/strong><\/div>\n<div class=\"product-reference\"><strong><label class=\"label\">Pays de cr\u00e9ation :\u00a0<\/label><\/strong><\/div>\n<div>France<\/div>\n<div class=\"product-reference\"><\/div>\n","protected":false},"excerpt":{"rendered":"<p>La banane SEQUINS c&rsquo;est la pi\u00e8ce qui va venir mettre des paillettes dans votre vie cet hiver ! De jour comme de nuit, la banane SEQUINS vous donne un look ultra styl\u00e9 tout en \u00e9tant super pratique! De taille id\u00e9ale, elle poss\u00e8de une petite poche int\u00e9rieure pour compartimenter vos affaires.<\/p>\n","protected":false},"featured_media":1483,"comment_status":"open","ping_status":"closed","template":"","meta":[],"product_brand":[],"product_cat":[36],"product_tag":[31],"class_list":{"0":"post-1472","1":"product","2":"type-product","3":"status-publish","4":"has-post-thumbnail","6":"product_cat-sacs","7":"product_tag-design-francais","9":"first","10":"instock","11":"sale","12":"purchasable","13":"product-type-simple"},"aioseo_notices":[],"jetpack_sharing_enabled":true,"_links":{"self":[{"href":"https:\/\/lespepitesdemarlotte.com\/index.php\/wp-json\/wp\/v2\/product\/1472","targetHints":{"allow":["GET"]}}],"collection":[{"href":"https:\/\/lespepitesdemarlotte.com\/index.php\/wp-json\/wp\/v2\/product"}],"about":[{"href":"https:\/\/lespepitesdemarlotte.com\/index.php\/wp-json\/wp\/v2\/types\/product"}],"replies":[{"embeddable":true,"href":"https:\/\/lespepitesdemarlotte.com\/index.php\/wp-json\/wp\/v2\/comments?post=1472"}],"wp:featuredmedia":[{"embeddable":true,"href":"https:\/\/lespepitesdemarlotte.com\/index.php\/wp-json\/wp\/v2\/media\/1483"}],"wp:attachment":[{"href":"https:\/\/lespepitesdemarlotte.com\/index.php\/wp-json\/wp\/v2\/media?parent=1472"}],"wp:term":[{"taxonomy":"product_brand","embeddable":true,"href":"https:\/\/lespepitesdemarlotte.com\/index.php\/wp-json\/wp\/v2\/product_brand?post=1472"},{"taxonomy":"product_cat","embeddable":true,"href":"https:\/\/lespepitesdemarlotte.com\/index.php\/wp-json\/wp\/v2\/product_cat?post=1472"},{"taxonomy":"product_tag","embeddable":true,"href":"https:\/\/lespepitesdemarlotte.com\/index.php\/wp-json\/wp\/v2\/product_tag?post=1472"}],"curies":[{"name":"wp","href":"https:\/\/api.w.org\/{rel}","templated":true}]}}