{"id":1454,"date":"2024-11-07T12:10:22","date_gmt":"2024-11-07T11:10:22","guid":{"rendered":"https:\/\/lespepitesdemarlotte.com\/?post_type=product&#038;p=1454"},"modified":"2025-10-26T14:36:00","modified_gmt":"2025-10-26T13:36:00","slug":"manteau-abel","status":"publish","type":"product","link":"https:\/\/lespepitesdemarlotte.com\/index.php\/product\/manteau-abel\/","title":{"rendered":"Manteau ABEL"},"content":{"rendered":"<div>\n<p>D\u00e9couvrez vite le manteau ABEL ! Un manteau \u00e0 la coupe oversize , longueur mi-cuisse, en laine m\u00e9lang\u00e9e , tout doux et tout chaud ! Enti\u00e8rement doubl\u00e9 d&rsquo;un joli tissu \u00e0 carreaux. C&rsquo;est une pi\u00e8ce phare \u00e0 adopter d&rsquo;urgence !<\/p>\n<ul>\n<li>Manteau en laine m\u00e9lang\u00e9e<\/li>\n<li>Coupe oversize<\/li>\n<li>Longueur mi-cuisse<\/li>\n<li>Enti\u00e8rement doubl\u00e9<\/li>\n<li>Fermeture par boutons<\/li>\n<li>Encolure \u00e0 revers<\/li>\n<li>Deux poches sur les c\u00f4t\u00e9s<\/li>\n<li>Couleur taupe<\/li>\n<\/ul>\n<p>Disponible en taille XS\/S, S\/M et M\/L.<\/p>\n<p>Le mannequin mesure 1m73 et porte une taille S\/M.<\/p>\n<h4><strong>Caract\u00e9ristiques Produit :\u00a0<\/strong><\/h4>\n<\/div>\n<div class=\"product-reference\">\n<p><strong><label class=\"label\">Composition :<\/label><\/strong><\/p>\n<p class=\"p1\">25% Laine,\u00a015% Rayonne,\u00a010% Acrylique,\u00a050% Polyester<\/p>\n<\/div>\n<div><\/div>\n<div class=\"product-reference\"><strong><label class=\"label\">Entretien :<\/label><\/strong>Lavage \u00e0 la main recommand\u00e9 \/ Lavage en machine \u00e0 30\u00b0 maximum cycle Laine \/ Essorage court \/ Laver avec des coloris similaires \/ Blanchiment interdit \/ Repassage doux \/ Nettoyage \u00e0 sec autoris\u00e9 \/ S\u00e9chage en tambour interdit \/ S\u00e9cher \u00e0 plat<\/div>\n<div class=\"product-reference\"><strong><label class=\"label\">Pays de cr\u00e9ation :\u00a0<\/label><\/strong><\/div>\n<div>France<\/div>\n","protected":false},"excerpt":{"rendered":"<p>D\u00e9couvrez vite le manteau ABEL ! Un manteau \u00e0 la coupe oversize , longueur mi-cuisse, en laine m\u00e9lang\u00e9e , tout doux et tout chaud ! Enti\u00e8rement doubl\u00e9 d&rsquo;un joli tissu \u00e0 carreaux. C&rsquo;est une pi\u00e8ce phare \u00e0 adopter d&rsquo;urgence !<\/p>\n","protected":false},"featured_media":1710,"comment_status":"open","ping_status":"closed","template":"","meta":[],"product_brand":[],"product_cat":[55],"product_tag":[31],"class_list":{"0":"post-1454","1":"product","2":"type-product","3":"status-publish","4":"has-post-thumbnail","6":"product_cat-manteaux","7":"product_tag-design-francais","9":"first","10":"instock","11":"sale","12":"purchasable","13":"product-type-variable"},"aioseo_notices":[],"jetpack_sharing_enabled":true,"_links":{"self":[{"href":"https:\/\/lespepitesdemarlotte.com\/index.php\/wp-json\/wp\/v2\/product\/1454","targetHints":{"allow":["GET"]}}],"collection":[{"href":"https:\/\/lespepitesdemarlotte.com\/index.php\/wp-json\/wp\/v2\/product"}],"about":[{"href":"https:\/\/lespepitesdemarlotte.com\/index.php\/wp-json\/wp\/v2\/types\/product"}],"replies":[{"embeddable":true,"href":"https:\/\/lespepitesdemarlotte.com\/index.php\/wp-json\/wp\/v2\/comments?post=1454"}],"wp:featuredmedia":[{"embeddable":true,"href":"https:\/\/lespepitesdemarlotte.com\/index.php\/wp-json\/wp\/v2\/media\/1710"}],"wp:attachment":[{"href":"https:\/\/lespepitesdemarlotte.com\/index.php\/wp-json\/wp\/v2\/media?parent=1454"}],"wp:term":[{"taxonomy":"product_brand","embeddable":true,"href":"https:\/\/lespepitesdemarlotte.com\/index.php\/wp-json\/wp\/v2\/product_brand?post=1454"},{"taxonomy":"product_cat","embeddable":true,"href":"https:\/\/lespepitesdemarlotte.com\/index.php\/wp-json\/wp\/v2\/product_cat?post=1454"},{"taxonomy":"product_tag","embeddable":true,"href":"https:\/\/lespepitesdemarlotte.com\/index.php\/wp-json\/wp\/v2\/product_tag?post=1454"}],"curies":[{"name":"wp","href":"https:\/\/api.w.org\/{rel}","templated":true}]}}