{"id":1447,"date":"2024-11-06T16:54:37","date_gmt":"2024-11-06T15:54:37","guid":{"rendered":"https:\/\/lespepitesdemarlotte.com\/?post_type=product&#038;p=1447"},"modified":"2025-10-26T14:37:14","modified_gmt":"2025-10-26T13:37:14","slug":"pull-mirta","status":"publish","type":"product","link":"https:\/\/lespepitesdemarlotte.com\/index.php\/product\/pull-mirta\/","title":{"rendered":"Pull MIRTA"},"content":{"rendered":"<div>\n<p>Le pull MIRTA est un pull sans manche utlra tendance, tout doux, tout chaud et tout moelleux gr\u00e2ce au m\u00e9lange de Mohair et de Laine qui le compose. Sa coupe est assez large pour pouvoir le porter par-dessus une chemise, un t-shirt ou un sous pull.\u00a0 On l&rsquo;aime aussi port\u00e9 \u00e0 m\u00eame la peau !<\/p>\n<p>Le pull MIRTA c&rsquo;est un pull c\u00e2lin, ultra confortable est r\u00e9confortant pour cet hiver !<\/p>\n<ul>\n<li>Pull sans manche<\/li>\n<li>Col rond<\/li>\n<li>Coupe large<\/li>\n<li>Couleur Bleu nuit<\/li>\n<\/ul>\n<p>Disponible en taille S\/M et M\/L.<\/p>\n<p>Le mannequin mesure 1m73 et porte une taille S\/M.<\/p>\n<h4><strong>Caract\u00e9ristiques Produit :\u00a0<\/strong><\/h4>\n<\/div>\n<div class=\"product-reference\"><strong><label class=\"label\">Composition :<\/label><\/strong>33% Mohair, 33% Laine, 28% Nylon, 6% Spandex<\/div>\n<div><\/div>\n<div class=\"product-reference\"><strong><label class=\"label\">Entretien :<\/label><\/strong>Lavage \u00e0 la main recommand\u00e9 \/ Lavage en machine \u00e0 30\u00b0 maximum cycle Laine \/ Essorage court \/ Laver avec des coloris similaires \/ Blanchiment interdit \/ Repassage doux \/ Nettoyage \u00e0 sec autoris\u00e9 \/ S\u00e9chage en tambour interdit \/ S\u00e9cher \u00e0 plat<\/div>\n<div class=\"product-reference\"><strong><label class=\"label\">Pays de cr\u00e9ation :\u00a0<\/label><\/strong><\/div>\n<div>France<\/div>\n","protected":false},"excerpt":{"rendered":"<p>Le pull MIRTA est un pull sans manche utlra tendance, tout doux, tout chaud et tout moelleux gr\u00e2ce au m\u00e9lange de Mohair et de Laine qui le compose. Sa coupe est assez large pour pouvoir le porter par-dessus une chemise, un t-shirt ou un sous pull.\u00a0 On l&rsquo;aime aussi port\u00e9 \u00e0 m\u00eame la peau !<\/p>\n","protected":false},"featured_media":1565,"comment_status":"open","ping_status":"closed","template":"","meta":[],"product_brand":[],"product_cat":[54],"product_tag":[31],"class_list":{"0":"post-1447","1":"product","2":"type-product","3":"status-publish","4":"has-post-thumbnail","6":"product_cat-pulls","7":"product_tag-design-francais","9":"first","10":"instock","11":"sale","12":"purchasable","13":"product-type-variable"},"aioseo_notices":[],"jetpack_sharing_enabled":true,"_links":{"self":[{"href":"https:\/\/lespepitesdemarlotte.com\/index.php\/wp-json\/wp\/v2\/product\/1447","targetHints":{"allow":["GET"]}}],"collection":[{"href":"https:\/\/lespepitesdemarlotte.com\/index.php\/wp-json\/wp\/v2\/product"}],"about":[{"href":"https:\/\/lespepitesdemarlotte.com\/index.php\/wp-json\/wp\/v2\/types\/product"}],"replies":[{"embeddable":true,"href":"https:\/\/lespepitesdemarlotte.com\/index.php\/wp-json\/wp\/v2\/comments?post=1447"}],"wp:featuredmedia":[{"embeddable":true,"href":"https:\/\/lespepitesdemarlotte.com\/index.php\/wp-json\/wp\/v2\/media\/1565"}],"wp:attachment":[{"href":"https:\/\/lespepitesdemarlotte.com\/index.php\/wp-json\/wp\/v2\/media?parent=1447"}],"wp:term":[{"taxonomy":"product_brand","embeddable":true,"href":"https:\/\/lespepitesdemarlotte.com\/index.php\/wp-json\/wp\/v2\/product_brand?post=1447"},{"taxonomy":"product_cat","embeddable":true,"href":"https:\/\/lespepitesdemarlotte.com\/index.php\/wp-json\/wp\/v2\/product_cat?post=1447"},{"taxonomy":"product_tag","embeddable":true,"href":"https:\/\/lespepitesdemarlotte.com\/index.php\/wp-json\/wp\/v2\/product_tag?post=1447"}],"curies":[{"name":"wp","href":"https:\/\/api.w.org\/{rel}","templated":true}]}}