{"id":1431,"date":"2024-11-06T15:51:58","date_gmt":"2024-11-06T14:51:58","guid":{"rendered":"https:\/\/lespepitesdemarlotte.com\/?post_type=product&#038;p=1431"},"modified":"2025-10-26T14:40:27","modified_gmt":"2025-10-26T13:40:27","slug":"chemise-nuage","status":"publish","type":"product","link":"https:\/\/lespepitesdemarlotte.com\/index.php\/product\/chemise-nuage\/","title":{"rendered":"Chemise NUAGE"},"content":{"rendered":"<div>\n<p>La chemise NUAGE, c&rsquo;est LA chemise blanche par excellence. Une coupe f\u00e9minine, un tissu doux, soyeux et fluide qui tombe parfaitement, et avec de tr\u00e8s belles finitions. Les boutons nacr\u00e9s coordonn\u00e9s apportent une touche suppl\u00e9mentaire de lumi\u00e8re et de d\u00e9licatesse \u00e0 cette magnifique chemise unie.<\/p>\n<ul>\n<li>Chemise blanche<\/li>\n<li>Manches longues boutonn\u00e9es<\/li>\n<li>Tissu fluide<\/li>\n<li>Fermeture boutonn\u00e9e<\/li>\n<li>Boutons nacr\u00e9s<\/li>\n<\/ul>\n<p>Disponible en taille XS\/ S, S\/M et M\/L.<\/p>\n<p>Taille grand.<\/p>\n<p>Le mannequin mesure 1m73 et porte une taille XS\/S.<\/p>\n<blockquote><p>\u00e0 propos des certifications :<\/p>\n<p>La norme <strong>Global Recycled Standard (GRS)<\/strong> est\u00a0une norme de produit compl\u00e8te permettant de v\u00e9rifier et de suivre les mati\u00e8res premi\u00e8res recycl\u00e9es tout au long de la cha\u00eene d&rsquo;approvisionnement\u00a0. Elle comprend \u00e9galement des crit\u00e8res de traitement pour \u00e9viter l&rsquo;utilisation de produits chimiques potentiellement dangereux et v\u00e9rifie la production sociale ou environnementale positive dans les installations.<\/p><\/blockquote>\n<h4><strong>Caract\u00e9ristiques Produit :\u00a0<\/strong><\/h4>\n<\/div>\n<div class=\"product-reference\"><strong><label class=\"label\">Composition :<\/label><\/strong>60% Polyester, 40% Viscose<\/div>\n<div class=\"product-reference\"><strong><label class=\"label\">Entretien :<\/label><\/strong>Lavage en machine 30\u00b0 maximum \/ Blanchiment interdit \/ Temp\u00e9rature maximale de repassage : 110 \u00b0C \/ Nettoyage \u00e0 sec autoris\u00e9 \/ S\u00e9chage en tambour interdit \/ Laver et repasser sur l&rsquo;envers<\/div>\n<div class=\"product-reference\"><strong><label class=\"label\">Pays de cr\u00e9ation :\u00a0<\/label><\/strong><\/div>\n<div>Danemark<\/div>\n","protected":false},"excerpt":{"rendered":"<p>La chemise NUAGE, c&rsquo;est LA chemise blanche par excellence. Une coupe f\u00e9minine, un tissu doux, soyeux et fluide qui tombe parfaitement, et avec de tr\u00e8s belles finitions. Les boutons nacr\u00e9s coordonn\u00e9s apportent une touche suppl\u00e9mentaire de lumi\u00e8re et de d\u00e9licatesse \u00e0 cette magnifique chemise unie.<\/p>\n","protected":false},"featured_media":1662,"comment_status":"open","ping_status":"closed","template":"","meta":[],"product_brand":[],"product_cat":[21],"product_tag":[47],"class_list":{"0":"post-1431","1":"product","2":"type-product","3":"status-publish","4":"has-post-thumbnail","6":"product_cat-chemises-blouses","7":"product_tag-certification-grs","9":"first","10":"instock","11":"sale","12":"purchasable","13":"product-type-variable"},"aioseo_notices":[],"jetpack_sharing_enabled":true,"_links":{"self":[{"href":"https:\/\/lespepitesdemarlotte.com\/index.php\/wp-json\/wp\/v2\/product\/1431","targetHints":{"allow":["GET"]}}],"collection":[{"href":"https:\/\/lespepitesdemarlotte.com\/index.php\/wp-json\/wp\/v2\/product"}],"about":[{"href":"https:\/\/lespepitesdemarlotte.com\/index.php\/wp-json\/wp\/v2\/types\/product"}],"replies":[{"embeddable":true,"href":"https:\/\/lespepitesdemarlotte.com\/index.php\/wp-json\/wp\/v2\/comments?post=1431"}],"wp:featuredmedia":[{"embeddable":true,"href":"https:\/\/lespepitesdemarlotte.com\/index.php\/wp-json\/wp\/v2\/media\/1662"}],"wp:attachment":[{"href":"https:\/\/lespepitesdemarlotte.com\/index.php\/wp-json\/wp\/v2\/media?parent=1431"}],"wp:term":[{"taxonomy":"product_brand","embeddable":true,"href":"https:\/\/lespepitesdemarlotte.com\/index.php\/wp-json\/wp\/v2\/product_brand?post=1431"},{"taxonomy":"product_cat","embeddable":true,"href":"https:\/\/lespepitesdemarlotte.com\/index.php\/wp-json\/wp\/v2\/product_cat?post=1431"},{"taxonomy":"product_tag","embeddable":true,"href":"https:\/\/lespepitesdemarlotte.com\/index.php\/wp-json\/wp\/v2\/product_tag?post=1431"}],"curies":[{"name":"wp","href":"https:\/\/api.w.org\/{rel}","templated":true}]}}