{"id":1380,"date":"2024-11-05T11:40:34","date_gmt":"2024-11-05T10:40:34","guid":{"rendered":"https:\/\/lespepitesdemarlotte.com\/?post_type=product&#038;p=1380"},"modified":"2025-10-26T14:09:55","modified_gmt":"2025-10-26T13:09:55","slug":"jupe-jim-noire","status":"publish","type":"product","link":"https:\/\/lespepitesdemarlotte.com\/index.php\/product\/jupe-jim-noire\/","title":{"rendered":"Jupe JIM noire"},"content":{"rendered":"<div>\n<p>Oh la jolie jupe JIM noire en velours c\u00f4tel\u00e9 !!!<\/p>\n<p>Mod\u00e8le ind\u00e9modable et incontournable de votre garde-robe, la jupe JIM en velours c\u00f4tel\u00e9 va avec tout !<\/p>\n<p>Une chemise, une blouse, un t-shirt, un gros pull, elle sera parfaite pour tous vos looks de l&rsquo;automne-hiver !<\/p>\n<ul>\n<li>Jupe en velours c\u00f4tel\u00e9<\/li>\n<li>Taille Haute<\/li>\n<li>Braguette zip + bouton recouvert<\/li>\n<li>Coupe mi-cuisse<\/li>\n<li>Deux poches cavali\u00e8res \u00e0 l&rsquo;avant + Deux poches plaqu\u00e9es au dos<\/li>\n<\/ul>\n<p>Le mannequin mesure 1m73 et porte une taille 36.<\/p>\n<p>Disponible en taille 34, 36, et 38.<\/p>\n<p>&nbsp;<\/p>\n<\/div>\n<div>\n<h4><strong>Caract\u00e9ristiques Produit :\u00a0<\/strong><\/h4>\n<\/div>\n<div class=\"product-reference\"><strong><label class=\"label\">Composition :<\/label><\/strong>100% coton<\/div>\n<div><\/div>\n<div class=\"product-reference\"><strong><label class=\"label\">Entretien :<\/label><\/strong>Lavage en machine \u00e0 30\u00b0 maximum cycle d\u00e9licat \/ Laver avec des coloris similaires \/ Blanchiment interdit \/ Temp\u00e9rature maximale de repassage : 110 \u00b0C \/ Nettoyage \u00e0 sec autoris\u00e9 \/ S\u00e9chage en tambour interdit \/ Nettoyage et repassage sur l&rsquo;envers<\/div>\n<div class=\"product-reference\"><strong><label class=\"label\">Pays de cr\u00e9ation :\u00a0<\/label><\/strong><\/div>\n<div>France<\/div>\n","protected":false},"excerpt":{"rendered":"<p>Oh la jolie jupe JIM noire en velours c\u00f4tel\u00e9 !!! Mod\u00e8le ind\u00e9modable et incontournable de votre garde-robe, la jupe JIM en velours c\u00f4tel\u00e9 va avec tout ! Une chemise, une blouse, un t-shirt, un gros pull, elle sera parfaite pour tous vos looks de l&rsquo;automne-hiver !<\/p>\n","protected":false},"featured_media":1516,"comment_status":"open","ping_status":"closed","template":"","meta":[],"product_brand":[],"product_cat":[23],"product_tag":[31],"class_list":{"0":"post-1380","1":"product","2":"type-product","3":"status-publish","4":"has-post-thumbnail","6":"product_cat-jupes-shorts","7":"product_tag-design-francais","9":"first","10":"instock","11":"sale","12":"purchasable","13":"product-type-variable"},"aioseo_notices":[],"jetpack_sharing_enabled":true,"_links":{"self":[{"href":"https:\/\/lespepitesdemarlotte.com\/index.php\/wp-json\/wp\/v2\/product\/1380","targetHints":{"allow":["GET"]}}],"collection":[{"href":"https:\/\/lespepitesdemarlotte.com\/index.php\/wp-json\/wp\/v2\/product"}],"about":[{"href":"https:\/\/lespepitesdemarlotte.com\/index.php\/wp-json\/wp\/v2\/types\/product"}],"replies":[{"embeddable":true,"href":"https:\/\/lespepitesdemarlotte.com\/index.php\/wp-json\/wp\/v2\/comments?post=1380"}],"wp:featuredmedia":[{"embeddable":true,"href":"https:\/\/lespepitesdemarlotte.com\/index.php\/wp-json\/wp\/v2\/media\/1516"}],"wp:attachment":[{"href":"https:\/\/lespepitesdemarlotte.com\/index.php\/wp-json\/wp\/v2\/media?parent=1380"}],"wp:term":[{"taxonomy":"product_brand","embeddable":true,"href":"https:\/\/lespepitesdemarlotte.com\/index.php\/wp-json\/wp\/v2\/product_brand?post=1380"},{"taxonomy":"product_cat","embeddable":true,"href":"https:\/\/lespepitesdemarlotte.com\/index.php\/wp-json\/wp\/v2\/product_cat?post=1380"},{"taxonomy":"product_tag","embeddable":true,"href":"https:\/\/lespepitesdemarlotte.com\/index.php\/wp-json\/wp\/v2\/product_tag?post=1380"}],"curies":[{"name":"wp","href":"https:\/\/api.w.org\/{rel}","templated":true}]}}