{"id":1375,"date":"2024-11-05T11:29:51","date_gmt":"2024-11-05T10:29:51","guid":{"rendered":"https:\/\/lespepitesdemarlotte.com\/?post_type=product&#038;p=1375"},"modified":"2025-10-26T14:10:06","modified_gmt":"2025-10-26T13:10:06","slug":"pull-marcus-fuschia","status":"publish","type":"product","link":"https:\/\/lespepitesdemarlotte.com\/index.php\/product\/pull-marcus-fuschia\/","title":{"rendered":"Pull MARCUS Fuschia"},"content":{"rendered":"<div>\n<p>D\u00e9couvrez le pull MARCUS fuschia 100% coton et sa jolie maille ajour\u00e9e.<\/p>\n<p>Ce petit pull sans manches ouvert sur les c\u00f4t\u00e9s se porte tr\u00e8s facilement avec une chemise ou un sous-pull en dessous, ou encore un t-shirt ! En d\u00e9but de saison, on peut d\u00e9cider de le porter \u00e0 m\u00eame la peau avec juste un soutien-gorge en dessous.<\/p>\n<ul>\n<li>Pull sans manche<\/li>\n<li>Col rond<\/li>\n<li>Ouvert sur les c\u00f4t\u00e9s<\/li>\n<li>100% coton<\/li>\n<\/ul>\n<p>Disponible en Noir et en Fuschia.<\/p>\n<p>Disponible en taille S et M.<\/p>\n<p>Le mannequin mesure 1m73 et porte une taille S.<\/p>\n<h4><strong>Caract\u00e9ristiques Produit :\u00a0<\/strong><\/h4>\n<\/div>\n<div class=\"product-reference\"><strong><label class=\"label\">Composition :<\/label><\/strong>100% coton<\/div>\n<div><\/div>\n<div class=\"product-reference\"><strong><label class=\"label\">Entretien :<\/label><\/strong>Lavage \u00e0 la main recommand\u00e9 \/ Laver avec des coloris similaires \/ Blanchiment interdit \/ Ne pas repasser \/ Nettoyage \u00e0 sec autoris\u00e9 \/ S\u00e9chage en tambour interdit \/ S\u00e9cher \u00e0 plat<\/div>\n<div class=\"product-reference\"><strong><label class=\"label\">Pays de cr\u00e9ation :\u00a0<\/label><\/strong><\/div>\n<div>France<\/div>\n","protected":false},"excerpt":{"rendered":"<p>D\u00e9couvrez le pull MARCUS fuschia 100% coton et sa jolie maille ajour\u00e9e. Ce petit pull sans manches ouvert sur les c\u00f4t\u00e9s se porte tr\u00e8s facilement avec une chemise ou un sous-pull en dessous, ou encore un t-shirt !<\/p>\n","protected":false},"featured_media":1675,"comment_status":"open","ping_status":"closed","template":"","meta":[],"product_brand":[],"product_cat":[54],"product_tag":[31],"class_list":{"0":"post-1375","1":"product","2":"type-product","3":"status-publish","4":"has-post-thumbnail","6":"product_cat-pulls","7":"product_tag-design-francais","9":"first","10":"instock","11":"sale","12":"purchasable","13":"product-type-variable"},"aioseo_notices":[],"jetpack_sharing_enabled":true,"_links":{"self":[{"href":"https:\/\/lespepitesdemarlotte.com\/index.php\/wp-json\/wp\/v2\/product\/1375","targetHints":{"allow":["GET"]}}],"collection":[{"href":"https:\/\/lespepitesdemarlotte.com\/index.php\/wp-json\/wp\/v2\/product"}],"about":[{"href":"https:\/\/lespepitesdemarlotte.com\/index.php\/wp-json\/wp\/v2\/types\/product"}],"replies":[{"embeddable":true,"href":"https:\/\/lespepitesdemarlotte.com\/index.php\/wp-json\/wp\/v2\/comments?post=1375"}],"wp:featuredmedia":[{"embeddable":true,"href":"https:\/\/lespepitesdemarlotte.com\/index.php\/wp-json\/wp\/v2\/media\/1675"}],"wp:attachment":[{"href":"https:\/\/lespepitesdemarlotte.com\/index.php\/wp-json\/wp\/v2\/media?parent=1375"}],"wp:term":[{"taxonomy":"product_brand","embeddable":true,"href":"https:\/\/lespepitesdemarlotte.com\/index.php\/wp-json\/wp\/v2\/product_brand?post=1375"},{"taxonomy":"product_cat","embeddable":true,"href":"https:\/\/lespepitesdemarlotte.com\/index.php\/wp-json\/wp\/v2\/product_cat?post=1375"},{"taxonomy":"product_tag","embeddable":true,"href":"https:\/\/lespepitesdemarlotte.com\/index.php\/wp-json\/wp\/v2\/product_tag?post=1375"}],"curies":[{"name":"wp","href":"https:\/\/api.w.org\/{rel}","templated":true}]}}