{"id":1213,"date":"2024-09-12T15:56:41","date_gmt":"2024-09-12T13:56:41","guid":{"rendered":"https:\/\/lespepitesdemarlotte.com\/?post_type=product&#038;p=1213"},"modified":"2025-10-26T14:10:38","modified_gmt":"2025-10-26T13:10:38","slug":"jupe-angelina-bleu","status":"publish","type":"product","link":"https:\/\/lespepitesdemarlotte.com\/index.php\/product\/jupe-angelina-bleu\/","title":{"rendered":"Jupe ANGELINA bleu"},"content":{"rendered":"<div>\n<p>Wow ! Je vous ai trouv\u00e9 LA jupe fendue par excellence : la jupe ANGELINA bleu!<\/p>\n<p>C&rsquo;est un mod\u00e8le fluide, en satin, longueur juste au dessus de la cheville. Et la fente ? Mamma mia ! Une fente haute (mi-cuisse), qui apporte aisance et f\u00e9minit\u00e9 +++. On craque compl\u00e8tement pour ce bleu roi magnifque et lumineux.<\/p>\n<p>Elle se porte en toute saison avec des talons, des petites bottines, ou simplement avec des baskets !<\/p>\n<ul>\n<li>Jupe longue en satin<\/li>\n<li>Taille Haute<\/li>\n<li>Fente haute (mi-cuisse)<\/li>\n<li>Coupe \u00e9vas\u00e9e<\/li>\n<li>Zip invisible sur le cot\u00e9<\/li>\n<\/ul>\n<p>&nbsp;<\/p>\n<p>Disponible en taille 36, 38 et 40<\/p>\n<p>Le mannequin mesure 1m73 et porte une taille 36.<\/p>\n<p>&nbsp;<\/p>\n<\/div>\n<div>\n<h4><strong>Caract\u00e9ristiques Produit :\u00a0<\/strong><\/h4>\n<\/div>\n<div class=\"product-reference\"><strong><label class=\"label\">Composition :<\/label><\/strong>100% polyester<\/div>\n<div class=\"product-reference\"><strong><label class=\"label\">Entretien :<\/label><\/strong>Lavage en machine \u00e0 30\u00b0 maximum \/ Blanchiment interdit \/ Temp\u00e9rature maximale de repassage : 110 \u00b0C \/ Nettoyage \u00e0 sec autoris\u00e9 \/ S\u00e9chage en tambour interdit \/ Nettoyage et repassage sur l&rsquo;envers<\/div>\n<div class=\"product-reference\"><strong><label class=\"label\">Pays de cr\u00e9ation :\u00a0<\/label><\/strong><\/div>\n<div>France<\/div>\n<div class=\"product-reference\"><strong><label class=\"label\">Made in :<\/label><\/strong><\/div>\n<div class=\"product-reference\">China<\/div>\n","protected":false},"excerpt":{"rendered":"<p>Wow ! Je vous ai trouv\u00e9 LA jupe fendue par excellence : la jupe ANGELINA bleu! C&rsquo;est un mod\u00e8le fluide, en satin, longueur juste au dessus de la cheville. Et la fente ? Mamma mia ! Une fente haute (mi-cuisse), qui apporte aisance et f\u00e9minit\u00e9 +++.<\/p>\n","protected":false},"featured_media":1221,"comment_status":"open","ping_status":"closed","template":"","meta":[],"product_brand":[],"product_cat":[23],"product_tag":[31],"class_list":{"0":"post-1213","1":"product","2":"type-product","3":"status-publish","4":"has-post-thumbnail","6":"product_cat-jupes-shorts","7":"product_tag-design-francais","9":"first","10":"instock","11":"sale","12":"purchasable","13":"product-type-variable"},"aioseo_notices":[],"jetpack_sharing_enabled":true,"_links":{"self":[{"href":"https:\/\/lespepitesdemarlotte.com\/index.php\/wp-json\/wp\/v2\/product\/1213","targetHints":{"allow":["GET"]}}],"collection":[{"href":"https:\/\/lespepitesdemarlotte.com\/index.php\/wp-json\/wp\/v2\/product"}],"about":[{"href":"https:\/\/lespepitesdemarlotte.com\/index.php\/wp-json\/wp\/v2\/types\/product"}],"replies":[{"embeddable":true,"href":"https:\/\/lespepitesdemarlotte.com\/index.php\/wp-json\/wp\/v2\/comments?post=1213"}],"wp:featuredmedia":[{"embeddable":true,"href":"https:\/\/lespepitesdemarlotte.com\/index.php\/wp-json\/wp\/v2\/media\/1221"}],"wp:attachment":[{"href":"https:\/\/lespepitesdemarlotte.com\/index.php\/wp-json\/wp\/v2\/media?parent=1213"}],"wp:term":[{"taxonomy":"product_brand","embeddable":true,"href":"https:\/\/lespepitesdemarlotte.com\/index.php\/wp-json\/wp\/v2\/product_brand?post=1213"},{"taxonomy":"product_cat","embeddable":true,"href":"https:\/\/lespepitesdemarlotte.com\/index.php\/wp-json\/wp\/v2\/product_cat?post=1213"},{"taxonomy":"product_tag","embeddable":true,"href":"https:\/\/lespepitesdemarlotte.com\/index.php\/wp-json\/wp\/v2\/product_tag?post=1213"}],"curies":[{"name":"wp","href":"https:\/\/api.w.org\/{rel}","templated":true}]}}