{"id":1186,"date":"2024-09-12T15:02:19","date_gmt":"2024-09-12T13:02:19","guid":{"rendered":"https:\/\/lespepitesdemarlotte.com\/?post_type=product&#038;p=1186"},"modified":"2025-10-26T14:12:12","modified_gmt":"2025-10-26T13:12:12","slug":"chemise-bridget","status":"publish","type":"product","link":"https:\/\/lespepitesdemarlotte.com\/index.php\/product\/chemise-bridget\/","title":{"rendered":"Chemise BRIDGET"},"content":{"rendered":"<div>\n<p>La chemise BRIDGET \u00e9voque l&rsquo;amour avec un grand A. Cette jolie chemise bleu clair aux rayures bleu fonc\u00e9, est r\u00e9hauss\u00e9e de nombreux petits coeurs rouge brod\u00e9s ! Elle est parfaite associ\u00e9e \u00e0 un jean clair ou brut , mais peut \u00e9galement se porter avec une jupe ou un short en cuir ou en velours \ud83d\ude42<\/p>\n<p>On appr\u00e9cie beaucoup le fait de pouvoir remonter les manches aux 3\/4 gr\u00e2ce au ruban et au bouton cousu sur la manche !<\/p>\n<ul>\n<li>Chemise bleu clair \u00e0 rayures bleu fonc\u00e9es<\/li>\n<li>Broderies petits coeurs rouges<\/li>\n<li>Manches longues boutonn\u00e9es<\/li>\n<li>100% coton<\/li>\n<li>Fermeture boutonn\u00e9e<\/li>\n<li>Boutons nacr\u00e9s<\/li>\n<li>ruban et bouton de revers sur les manches<\/li>\n<\/ul>\n<p>Disponible en taille S\/M et M\/L.<\/p>\n<p>Le mannequin mesure 1m73 et porte une taille S\/M.<\/p>\n<h4><strong>Caract\u00e9ristiques Produit :\u00a0<\/strong><\/h4>\n<\/div>\n<div class=\"product-reference\"><strong><label class=\"label\">Composition :<\/label><\/strong>100% coton<\/div>\n<div class=\"product-reference\"><strong><label class=\"label\">Entretien :<\/label><\/strong>Lavage en machine 30\u00b0 maximum \/ Blanchiment interdit \/ Temp\u00e9rature maximale de repassage : 110 \u00b0C \/ Nettoyage \u00e0 sec autoris\u00e9 \/ S\u00e9chage en tambour interdit \/ Laver et repasser sur l&rsquo;envers<\/div>\n<div class=\"product-reference\"><strong><label class=\"label\">Pays de cr\u00e9ation :\u00a0<\/label><\/strong><\/div>\n<div>France<\/div>\n<div class=\"product-reference\"><strong><label class=\"label\">Made in :<\/label><\/strong><\/div>\n<div class=\"product-reference\">China<\/div>\n","protected":false},"excerpt":{"rendered":"<p>La chemise BRIDGET \u00e9voque l&rsquo;amour avec un grand A. Cette jolie chemise bleu clair aux rayures bleu fonc\u00e9, est r\u00e9hauss\u00e9e de nombreux petits coeurs rouge brod\u00e9s ! Elle est parfaite associ\u00e9e \u00e0 un jean clair ou brut , mais peut \u00e9galement se porter avec une jupe ou un short en cuir ou en velours \ud83d\ude42<\/p>\n","protected":false},"featured_media":1192,"comment_status":"open","ping_status":"closed","template":"","meta":[],"product_brand":[],"product_cat":[21],"product_tag":[31],"class_list":{"0":"post-1186","1":"product","2":"type-product","3":"status-publish","4":"has-post-thumbnail","6":"product_cat-chemises-blouses","7":"product_tag-design-francais","9":"first","10":"instock","11":"sale","12":"purchasable","13":"product-type-variable"},"aioseo_notices":[],"jetpack_sharing_enabled":true,"_links":{"self":[{"href":"https:\/\/lespepitesdemarlotte.com\/index.php\/wp-json\/wp\/v2\/product\/1186","targetHints":{"allow":["GET"]}}],"collection":[{"href":"https:\/\/lespepitesdemarlotte.com\/index.php\/wp-json\/wp\/v2\/product"}],"about":[{"href":"https:\/\/lespepitesdemarlotte.com\/index.php\/wp-json\/wp\/v2\/types\/product"}],"replies":[{"embeddable":true,"href":"https:\/\/lespepitesdemarlotte.com\/index.php\/wp-json\/wp\/v2\/comments?post=1186"}],"wp:featuredmedia":[{"embeddable":true,"href":"https:\/\/lespepitesdemarlotte.com\/index.php\/wp-json\/wp\/v2\/media\/1192"}],"wp:attachment":[{"href":"https:\/\/lespepitesdemarlotte.com\/index.php\/wp-json\/wp\/v2\/media?parent=1186"}],"wp:term":[{"taxonomy":"product_brand","embeddable":true,"href":"https:\/\/lespepitesdemarlotte.com\/index.php\/wp-json\/wp\/v2\/product_brand?post=1186"},{"taxonomy":"product_cat","embeddable":true,"href":"https:\/\/lespepitesdemarlotte.com\/index.php\/wp-json\/wp\/v2\/product_cat?post=1186"},{"taxonomy":"product_tag","embeddable":true,"href":"https:\/\/lespepitesdemarlotte.com\/index.php\/wp-json\/wp\/v2\/product_tag?post=1186"}],"curies":[{"name":"wp","href":"https:\/\/api.w.org\/{rel}","templated":true}]}}