{"id":114,"date":"2023-12-28T17:43:23","date_gmt":"2023-12-28T16:43:23","guid":{"rendered":"https:\/\/lespepitesdemarlotte.com\/?post_type=product&#038;p=114"},"modified":"2026-01-02T20:38:35","modified_gmt":"2026-01-02T19:38:35","slug":"bague-scarabee","status":"publish","type":"product","link":"https:\/\/lespepitesdemarlotte.com\/index.php\/product\/bague-scarabee\/","title":{"rendered":"Bague Scarab\u00e9e"},"content":{"rendered":"<p>La bague scarab\u00e9e est un symbole porte bonheur !<\/p>\n<p>La bague Scarab\u00e9e est en acier inoxydable dor\u00e9, le socle est en ac\u00e9tate color\u00e9. Elle s&rsquo;ajuste facilement et convient \u00e0 toutes les tailles de doigts, des plus fins au plus larges.<\/p>\n<p>Disponible en 3 coloris : Noir, Bleu, ou Rose.<\/p>\n<p>Quelle sera votre couleur pr\u00e9f\u00e9r\u00e9e ?<\/p>\n<h4><strong>Caract\u00e9ristiques Produit :\u00a0<\/strong><\/h4>\n<p>Bague en acier inoxydable compos\u00e9e d&rsquo;un scarab\u00e9e sur de l&rsquo;ac\u00e9tate<\/p>\n<p>Ajustable, la bague se resserre ou s&rsquo;agrandit : de la taille 52 \u00e0 56<\/p>\n<p>Hauteur de la bague: 23 mm<\/p>\n<p>Garantie sans nickel, sans cadmium, sans sel de plomb. R\u00e9siste \u00e0 l\u2019eau et ne noircit pas.<\/p>\n","protected":false},"excerpt":{"rendered":"<p>Bague Scarab\u00e9e porte bonheur en acier inoxydable dor\u00e9, socle en ac\u00e9tate color\u00e9. Elle s&rsquo;ajuste facilement \u00e0 toutes les tailles de doigts.<\/p>\n","protected":false},"featured_media":190,"comment_status":"open","ping_status":"closed","template":"","meta":[],"product_brand":[],"product_cat":[37,24],"product_tag":[31],"class_list":{"0":"post-114","1":"product","2":"type-product","3":"status-publish","4":"has-post-thumbnail","6":"product_cat-bagues","7":"product_cat-bijoux","8":"product_tag-design-francais","10":"first","11":"instock","12":"sale","13":"purchasable","14":"product-type-variable"},"aioseo_notices":[],"jetpack_sharing_enabled":true,"_links":{"self":[{"href":"https:\/\/lespepitesdemarlotte.com\/index.php\/wp-json\/wp\/v2\/product\/114","targetHints":{"allow":["GET"]}}],"collection":[{"href":"https:\/\/lespepitesdemarlotte.com\/index.php\/wp-json\/wp\/v2\/product"}],"about":[{"href":"https:\/\/lespepitesdemarlotte.com\/index.php\/wp-json\/wp\/v2\/types\/product"}],"replies":[{"embeddable":true,"href":"https:\/\/lespepitesdemarlotte.com\/index.php\/wp-json\/wp\/v2\/comments?post=114"}],"wp:featuredmedia":[{"embeddable":true,"href":"https:\/\/lespepitesdemarlotte.com\/index.php\/wp-json\/wp\/v2\/media\/190"}],"wp:attachment":[{"href":"https:\/\/lespepitesdemarlotte.com\/index.php\/wp-json\/wp\/v2\/media?parent=114"}],"wp:term":[{"taxonomy":"product_brand","embeddable":true,"href":"https:\/\/lespepitesdemarlotte.com\/index.php\/wp-json\/wp\/v2\/product_brand?post=114"},{"taxonomy":"product_cat","embeddable":true,"href":"https:\/\/lespepitesdemarlotte.com\/index.php\/wp-json\/wp\/v2\/product_cat?post=114"},{"taxonomy":"product_tag","embeddable":true,"href":"https:\/\/lespepitesdemarlotte.com\/index.php\/wp-json\/wp\/v2\/product_tag?post=114"}],"curies":[{"name":"wp","href":"https:\/\/api.w.org\/{rel}","templated":true}]}}